{"id":88,"date":"2012-08-30T15:28:50","date_gmt":"2012-08-30T13:28:50","guid":{"rendered":"http:\/\/teszt.arcusnet.hu\/molnari\/?page_id=88"},"modified":"2024-04-05T09:16:08","modified_gmt":"2024-04-05T07:16:08","slug":"polgarorseg","status":"publish","type":"page","link":"https:\/\/www.molnari.hu\/hr\/civil-szervezetek\/polgarorseg\/","title":{"rendered":"Polg\u00e1r\u0151rs\u00e9g"},"content":{"rendered":"<p>8863 Moln\u00e1ri, Pet\u0151fi \u00fat 21.<br \/>\nEln\u00f6k: Kanizsa Lajos, Mobil: 0630\/268-3976, E-mail: klali68@freemail.hu<\/p>\n<p>Ad\u00f3sz\u00e1m:\u00a019283447-1-20<\/p>\n","protected":false},"excerpt":{"rendered":"<p>8863 Moln\u00e1ri, Pet\u0151fi \u00fat 21. Eln\u00f6k: Kanizsa Lajos, Mobil: 0630\/268-3976, E-mail: klali68@freemail.hu Ad\u00f3sz\u00e1m:\u00a019283447-1-20<\/p>\n","protected":false},"author":3,"featured_media":0,"parent":13,"menu_order":0,"comment_status":"open","ping_status":"closed","template":"","meta":{"footnotes":""},"categories":[],"tags":[],"class_list":["post-88","page","type-page","status-publish","hentry"],"_links":{"self":[{"href":"https:\/\/www.molnari.hu\/hr\/wp-json\/wp\/v2\/pages\/88","targetHints":{"allow":["GET"]}}],"collection":[{"href":"https:\/\/www.molnari.hu\/hr\/wp-json\/wp\/v2\/pages"}],"about":[{"href":"https:\/\/www.molnari.hu\/hr\/wp-json\/wp\/v2\/types\/page"}],"author":[{"embeddable":true,"href":"https:\/\/www.molnari.hu\/hr\/wp-json\/wp\/v2\/users\/3"}],"replies":[{"embeddable":true,"href":"https:\/\/www.molnari.hu\/hr\/wp-json\/wp\/v2\/comments?post=88"}],"version-history":[{"count":0,"href":"https:\/\/www.molnari.hu\/hr\/wp-json\/wp\/v2\/pages\/88\/revisions"}],"up":[{"embeddable":true,"href":"https:\/\/www.molnari.hu\/hr\/wp-json\/wp\/v2\/pages\/13"}],"wp:attachment":[{"href":"https:\/\/www.molnari.hu\/hr\/wp-json\/wp\/v2\/media?parent=88"}],"wp:term":[{"taxonomy":"category","embeddable":true,"href":"https:\/\/www.molnari.hu\/hr\/wp-json\/wp\/v2\/categories?post=88"},{"taxonomy":"post_tag","embeddable":true,"href":"https:\/\/www.molnari.hu\/hr\/wp-json\/wp\/v2\/tags?post=88"}],"curies":[{"name":"wp","href":"https:\/\/api.w.org\/{rel}","templated":true}]}}