{"id":7,"date":"2012-08-30T13:19:57","date_gmt":"2012-08-30T11:19:57","guid":{"rendered":"http:\/\/teszt.arcusnet.hu\/molnari\/?page_id=7"},"modified":"2017-05-04T15:13:04","modified_gmt":"2017-05-04T13:13:04","slug":"molnari","status":"publish","type":"page","link":"https:\/\/www.molnari.hu\/hr\/molnari\/","title":{"rendered":"Moln\u00e1ri"},"content":{"rendered":"<p>Telep\u00fcl\u00e9s\u00fcnk t\u00f6rt\u00e9nelm\u00e9ben \u00e9s a \u201cMoln\u00e1ri\u201d n\u00e9v kialakul\u00e1s\u00e1ban a Mura foly\u00f3 meghat\u00e1roz\u00f3 szerepet t\u00f6lt\u00f6tt be. Az itt \u00e9l\u0151 emberek sz\u00e1m\u00e1ra a meg\u00e9lhet\u00e9st jelentette, hiszen a foly\u00f3 biztos\u00edtotta sz\u00e1mukra a hal\u00e1szat \u00e9s a gabona\u0151rl\u00e9s lehet\u0151s\u00e9g\u00e9t. Az id\u0151k folyam\u00e1n sz\u00e1mos malom \u00e9p\u00fclt a Mur\u00e1n, \u00e9s sok moln\u00e1r is dolgozott ezekben a malmokban, kihaszn\u00e1lva a Mura erej\u00e9t. A helyi emberek \u00e9s a k\u00f6rnyez\u0151 vid\u00e9kr\u0151l ezekbe a malmokba sz\u00e1ll\u00edtott\u00e1k a gabon\u00e1t.<\/p>\n<p><a href=\"http:\/\/www.molnari.hu\/files\/12901306_1007701325987846_4521065136494745974_o.jpg\"><img loading=\"lazy\" decoding=\"async\" class=\"wp-image-975 aligncenter\" src=\"http:\/\/www.molnari.hu\/files\/12901306_1007701325987846_4521065136494745974_o-300x225.jpg\" alt=\"12901306_1007701325987846_4521065136494745974_o\" width=\"547\" height=\"410\" srcset=\"https:\/\/molnari.hu\/files\/12901306_1007701325987846_4521065136494745974_o-300x225.jpg 300w, https:\/\/molnari.hu\/files\/12901306_1007701325987846_4521065136494745974_o-768x576.jpg 768w, https:\/\/molnari.hu\/files\/12901306_1007701325987846_4521065136494745974_o.jpg 1024w\" sizes=\"auto, (max-width: 547px) 100vw, 547px\" \/><\/a><\/p>\n<p>A k\u00f6zs\u00e9get el\u0151sz\u00f6r Moln\u00e1ry alakban egy 1321-re keletkezett hamis oklev\u00e9lben eml\u00edtik, minta a kanizsai v\u00e1r tartoz\u00e9k\u00e1t, amelyben t\u00f6bb nemesnek volt birtoka. 1778-ban- \u00e9s k\u00e9s\u0151bb is sokszor- Mlinarce-nak nevezik, a helybeliek ma is igy mondj\u00e1k. T\u00f6rt\u00e9nete szorosan \u00e9s sok sz\u00e1llal k\u00f6t\u0151dik T\u00f3tszerdahelyhez \u00e9s a t\u00f6r\u00f6k id\u0151kben elpusztult Szentmih\u00e1lyhoz. A XV-XVI. sz\u00e1zadban legf\u0151bb birtokosai a Szentmih\u00e1lyi, a Zele \u2013 nekik k\u00fari\u00e1juk is \u00e1llt itt \u2013 Billey, a Chernel \u00e9s a H\u00e1ss\u00e1gyi csal\u00e1d voltak. Sokszor szerepel az oklevelekben hatalmaskod\u00e1sok \u00e9s birtokperek t\u00e1rgyak\u00e9nt. N\u00e9pes falu lehetett, hisz az egyik nagy forgalm\u00fa murai r\u00e9v mellett fek\u00fcdt. 1542-ben Zele Jakabnak 10, a k\u00e9t H\u00e1ss\u00e1gyi fiv\u00e9rnek (ill. egyik\u00fck \u00f6zvegy\u00e9nek) egy\u00fctt 5, k\u00e9t m\u00e1s nemesnek 1-1, a helyi pl\u00e9b\u00e1nosnak ugyancsak 1 port\u00e1j\u00e1t ad\u00f3ztatt\u00e1k.<\/p>\n<p>Ez ut\u00f3bbi oklev\u00e9l szerint pl\u00e9b\u00e1ni\u00e1ja is volt Moln\u00e1rinak, de k\u00e9s\u0151i szervez\u00e9s\u0171 lehetett, mert a Holub \u00e1ltal felhaszn\u00e1lt p\u00e1pai tized jegyz\u00e9kben nem szerepel. Az 1548. \u00e9vi dik\u00e1lis \u00f6ssze\u00edr\u00e1skor mind\u00f6ssze 13 puszta, 26 szeg\u00e9ny, 1 fel\u00e9getett \u00e9s 9 \u00faj h\u00e1zat vettek lajstromba itt, Szerdahelyen, valamint Szentmih\u00e1lyon. Az elmenek\u00fclt lakosok egy r\u00e9sze azonban hamarosan visszat\u00e9rt \u00e9s a felperzselt visk\u00f3kat \u00fajj\u00e1\u00e9p\u00edtette. 1564-ben ism\u00e9t n\u00e9pes telep\u00fcl\u00e9s. Szigetv\u00e1r 1566. \u00e9vi eleste ut\u00e1n a t\u00f6r\u00f6k \u00fajra v\u00e9gigrabolta a vid\u00e9ket. Ennek szomor\u00fa k\u00f6vetkezm\u00e9nye, hogy az 1569. \u00e9vi \u00farb\u00e9ri \u00f6ssze\u00edr\u00e1s idej\u00e9n m\u00e1r ism\u00e9t csak 4 negyed telkes jobb\u00e1gy lakta e falut. Az ism\u00e9tl\u0151d\u0151 t\u00f6r\u00f6k t\u00e1mad\u00e1sok hat\u00e1s\u00e1ra a k\u00f6vetkez\u0151 \u00e9vtizedben a k\u00f6rny\u00e9k csaknem teljesen eln\u00e9ptelenedett. Ekkort\u00e1jt \u00e9p\u00edtett\u00e9k ki a t\u00f6r\u00f6k ellen Kanizs\u00e1t\u00f3l Nyugatra a v\u00e9gv\u00e1rak l\u00e1ncolat\u00e1t, melynek egyike \u00e9pp Moln\u00e1riban volt, a falu f\u00f6l\u00e9 magasod\u00f3 V\u00e1rmell\u00e9ki (Gradiscse) d\u0171l\u0151ben. A harcokr\u00f3l \u00e9s Zr\u00ednyi Mikl\u00f3sr\u00f3l m\u00e9g ma is t\u00f6bb monda \u00e9l a n\u00e9p ajk\u00e1n. \u00dagy tudj\u00e1k, hogy mikor az ostromra k\u00e9sz\u00fcl\u0151 t\u00f6r\u00f6k\u00f6k a T\u00e1boriscse r\u00e9ten gy\u00fclekeztek, Zr\u00ednyi kit\u00f6rt a v\u00e1rb\u00f3l \u00e9s a k\u00f6zeli t\u00f3ba szor\u00edtotta \u0151ket.<\/p>\n<p>A n\u00e9phit szerint Zr\u00ednyi tulajdona volt a v\u00edzimalom is, mely a Zr\u00ednyi-mez\u0151ben (Sztiszka) \u00e1llt. 1598-ban ism\u00e9t \u00f6ssze\u00edrtak 23 h\u00e1zat, de csakhamar fel\u00e9gett\u00e9k \u0151ket a Kanizsa bev\u00e9tel\u00e9re (1600) gy\u00fclekez\u0151 t\u00f6r\u00f6k\u00f6k. A h\u00f3dolts\u00e1g idej\u00e9n Moln\u00e1ri t\u00f6bbnyire lakatlan maradt. Csak 1710 k\u00f6r\u00fcl kezdett \u00fajra ben\u00e9pesedni f\u0151leg murak\u00f6zi, illetve Mur\u00e1n t\u00fali horv\u00e1tokkal, de csak n\u00e9h\u00e1ny csal\u00e1d telepedett le tart\u00f3san. 1715-ben pl. mind\u00f6ssze 4 jobb\u00e1gy \u00e9s 1 zsell\u00e9r lakta. A jobb\u00e1gyok m\u00e1r 1728-ban is felt\u0171n\u0151en apr\u00f3 telkeken gazd\u00e1lkodtak. A h\u00e9t zsell\u00e9r mindegyike f\u00e9l holdnyi irt\u00e1s f\u00f6ldet m\u0171velt. B\u00e1r a migr\u00e1ci\u00f3 er\u0151s volt, a XVIII. sz\u00e1zad derek\u00e1t\u00f3l a falu gyorsan ben\u00e9pesedett. 1770-ben m\u00e1r 50 csal\u00e1d lakta, melyek k\u00f6z\u00fcl 6 a Horv\u00e1t, 4 a Vuk, 3-3 a Ferencs\u00e1k, a Kobra, illetve a Dobos nevet viselte. A f\u00f6ldes\u00far a t\u00f6r\u00f6k ki\u0171z\u00e9se ut\u00e1n t\u00f6bbsz\u00f6r v\u00e1ltozott \u00e9s szinte mindig ugyanaz volt mint T\u00f3tszerdahelyen.<\/p>\n<p><a href=\"http:\/\/www.molnari.hu\/files\/17359461_1347783348646307_7160242544251812316_o.jpg\"><img loading=\"lazy\" decoding=\"async\" class=\"wp-image-976 aligncenter\" src=\"http:\/\/www.molnari.hu\/files\/17359461_1347783348646307_7160242544251812316_o-300x169.jpg\" alt=\"17359461_1347783348646307_7160242544251812316_o\" width=\"510\" height=\"287\" srcset=\"https:\/\/molnari.hu\/files\/17359461_1347783348646307_7160242544251812316_o-300x169.jpg 300w, https:\/\/molnari.hu\/files\/17359461_1347783348646307_7160242544251812316_o-768x432.jpg 768w, https:\/\/molnari.hu\/files\/17359461_1347783348646307_7160242544251812316_o.jpg 1024w\" sizes=\"auto, (max-width: 510px) 100vw, 510px\" \/><\/a><\/p>\n<p>1720-ban Mercy gener\u00e1lis, 1728-ban Festetich Krist\u00f3f, nem sokkal k\u00e9s\u0151bb Zajg\u00e1r Gy\u00f6rgy, majd ism\u00e9t a Festetich csal\u00e1d. Zajg\u00e1r \u00a0f\u00f6ldesuras\u00e1ga \u00a0\u00a0alatt a jobb\u00e1gyok fell\u00e1zadtak a m\u00e9rt\u00e9ktelen kizs\u00e1km\u00e1nyol\u00e1s, f\u0151leg a n\u00f6vekv\u0151 robot \u00e9s a kisaj\u00e1t\u00edt\u00e1sok ellen. A sz\u00e1zad k\u00f6zep\u00e9n Moln\u00e1ri a Festetich csal\u00e1dt\u00f3l \u2013 val\u00f3sz\u00edn\u0171leg z\u00e1logjogon \u2013 gr\u00f3f Fekete Gy\u00f6rgy birtok\u00e1ba ker\u00fclt, (\u0151 is szinte az elviselhetetlens\u00e9gig fokozta a robotot) k\u00e9s\u0151bb meg is v\u00e1s\u00e1rolta \u00e9s m\u00e9g 1815-ben is birtokolta. Egyik forr\u00e1sunk szerint 1790 k\u00f6r\u00fcl a Csuzy csal\u00e1d lett birtokos, a XIX. sz\u00e1zad elej\u00e9n pedig r\u00e9szbirtokos m\u00e1r a Halasy csal\u00e1d is. A falu egyetlen sz\u0151l\u0151hegye S\u00e1ndorhegy m\u00e1r a XVIII. sz\u00e1zadt\u00f3l az Inkeyek\u00e9 volt. Moln\u00e1ri 1836 \u2013 1837. \u00e9vi utols\u00f3 fennmaradt dik\u00e1lis\u00e1ban 50 ad\u00f3z\u00f3 szerepel, k\u00f6z\u00fcl\u00fck 9 h\u00e1zas, 3 pedig h\u00e1zatlan zsell\u00e9r volt. A jobb\u00e1gyok \u00e1tlag 2-2 hold I-II-III. oszt\u00e1ly\u00fa sz\u00e1nt\u00f3 \u00e9s 2+2 vagy 2+1 hold I. illetve II. oszt\u00e1ly\u00fa r\u00e9tet m\u0171veltek. Sz\u0151l\u0151j\u0171k nem volt. 33 fej\u0151stehenet, 55 h\u00e1mos lovat \u00e9s 52 sert\u00e9st \u00edrtak \u00f6ssze. Valamennyien III. oszt\u00e1ly\u00fa h\u00e1zban laktak. 1847 v\u00e9g\u00e9n 17 jobb\u00e1gy \u00e9s 7 zsell\u00e9r telket \u00edrtak \u00f6ssze a faluban. A hat\u00e1r rendez\u00e9se megt\u00f6rt\u00e9nt, de a legel\u0151 elk\u00fcl\u00f6n\u00edt\u00e9s nem.<\/p>\n<p>1848 tavasz\u00e1n a parasztok megy\u00e9nkben is jobb\u00e1gyfelszabad\u00edt\u00e1s tov\u00e1bbfejleszt\u00e9s\u00e9re t\u00f6rekedtek. Simonffy Emil a Moln\u00e1riak megmozdul\u00e1s\u00e1r\u00f3l ezt \u00edrja: ,, Moln\u00e1riban a f\u00f6ldes\u00far \u00e1prilis 9.-\u00e9n kor\u00e1bbi \u00e9vek szok\u00e1sa szerint \u00e1rvar\u00e9s \u00fatj\u00e1n k\u00edv\u00e1nt b\u00e9rbe adni 1 nagyobb t\u00e1bla sz\u00e1nt\u00f3f\u00f6ldet. A falusiak azonban a f\u00f6ldes\u00fari tiszttart\u00f3 el\u0151tt kijelentett\u00e9k: A k\u00e9rd\u00e9ses sz\u00e1nt\u00f3f\u00f6ldet a Moln\u00e1ri erd\u0151b\u0151l irtott\u00e1k ki \u00e9vekkel ezel\u0151tt, ehhez nekik van joguk, azt b\u00e9rbe adni nem engedik hanem k\u00f6z\u00f6sen fogj\u00e1k haszn\u00e1lni. Amikor pedig egy szomsz\u00e9d helys\u00e9gbeli nemes 3 holdat ki akart venni haszonb\u00e9rbe, a Moln\u00e1ri lakosok megt\u00e1madt\u00e1k, megvert\u00e9k, majd a k\u00f6zs\u00e9gh\u00e1z\u00e1ra bek\u00eds\u00e9rt\u00e9k \u00e9s kalod\u00e1ba z\u00e1rt\u00e1k\u201d. A hagyom\u00e1ny szerint a Sziszek nev\u0171 berekn\u00e9l kelt \u00e1t a Mur\u00e1n Jellasits egyik hadoszt\u00e1lya, de \u00e1gy\u00faikkal nem tudtak kereszt\u00fcl verg\u0151dni az ingov\u00e1nyon, \u00e9s belefulladtak a mocs\u00e1rba. A lakoss\u00e1g l\u00e9leksz\u00e1ma 1785 \u2013 1869 -ig 342-r\u0151l 617-re emelkedett, \u00e9s ar\u00e1nyosan n\u0151tt azon t\u00fal is. A polg\u00e1rosod\u00e1s az \u00f6nk\u00e9ny\u00faralom idej\u00e9n \u00e9s ut\u00e1n csak lassan indult meg. B\u00e1r a volt \u00farb\u00e9resek egykori f\u00f6ldjeik szabad tulajdonosai lehettek, a kapitalista gazdagod\u00e1s lehet\u0151s\u00e9g\u00e9vel a birtokok kis terjedelme miatt csak kevesen \u00e9lhetek. Nagy hat\u00e1ssal volt a k\u00f6zs\u00e9g fejl\u0151d\u00e9s\u00e9re, hogy 1870-ben a szomsz\u00e9dos Murakereszt\u00far vas\u00fat\u00e1llom\u00e1st kapott. A gazd\u00e1lkod\u00f3k k\u00f6nnyebben \u00e9rt\u00e9kes\u00edtett\u00e9k term\u00e9keiket. A nincstelens\u00e9g \u00edgy is nagy maradt, s\u0151t a n\u00e9pszaporulat miatt fokoz\u00f3dott. T\u00f6bben kiv\u00e1ndoroltak Amerik\u00e1ba, az agr\u00e1rprolet\u00e1rr\u00e1 v\u00e1ltak t\u00f6bbs\u00e9ge pedig \u00e9vr\u0151l-\u00e9vre 6 h\u00f3napos summ\u00e1s munk\u00e1val vagy k\u00e9pes arat\u00e1ssal szerezte meg a csal\u00e1d kenyer\u00e9t.<\/p>\n<p>Karab\u00e9jos Elek Als\u00f3lendvai \u00fcgyv\u00e9d \u2013 aki Lyka S\u00e1ndor birtok\u00e1t felv\u00e1s\u00e1rolta \u2013 1903-ban birtok\u00e1t parcell\u00e1ztatta. Ekkor 139 \u00e1ltal\u00e1ban 1200n.\u00f6les f\u00f6ldter\u00fclethez jutottak a parasztok a t\u00f6r\u00f6k id\u0151kben elpusztult Szentgy\u00f6rgy hely\u00e9n. A k\u00f6vetkez\u0151 parcell\u00e1z\u00e1s csak Trianon ut\u00e1n 1928-ban volt Moln\u00e1riban, amikor a L\u00e9gr\u00e1d tulajdon\u00e1ban l\u00e9v\u0151 592 kat. holdb\u00f3l 300 holdat az OFB. 662 darab 180-500 n\u00e9gysz\u00f6g\u00f6les parcell\u00e1t alak\u00edtott ki, melyet a parasztoknak adott el. A csaknem 1000 l\u00e9lek sz\u00e1m\u00e1ra azonban ez a gyarapod\u00e1s jelent\u0151s javul\u00e1st nem hozhatott. Sz\u00e1zadunk els\u0151 \u00e9vtizedeiben az ipart 2 kov\u00e1cs, 2 cip\u00e9sz, 2 k\u0151m\u0171ves, 2 \u00e1cs \u00e9s 3 tak\u00e1cs k\u00e9pviselte, akik elegend\u0151 munka h\u00edj\u00e1n nehezen \u00e9ltek. A k\u00f6rny\u00e9k egyetlen ipari v\u00e1llalkoz\u00e1sa az 1896-ban l\u00e9tes\u00edtett Fischl f\u00e9le t\u00e9gla-, cement-, \u00e9s tet\u0151cser\u00e9p \u00fczem volt, mely 8 l\u00f3er\u0151s g\u00e9ppel \u00e9s 12 munk\u00e1ssal m\u0171k\u00f6d\u00f6tt. A k\u00f6zell\u00e1t\u00e1st 2 f\u0171szerkeresked\u00e9s \u00e9s a Hangya- sz\u00f6vetkezet szolg\u00e1lta. 1954-ben l\u00e9tes\u00fclt az \u00f3voda, 1964-ben orvosi rendel\u0151 lak\u00e1ssal. 1965-benmeg\u00e9p\u00fclt a kult\u00farh\u00e1z, 1972-ben a Murai V\u00edzm\u0171, mely Nagykanizs\u00e1t \u00e9s k\u00f6rny\u00e9k\u00e9t l\u00e1tja el friss iv\u00f3v\u00edzzel napjainkban is.<\/p>\n<p>1987-ben nagy neh\u00e9zs\u00e9gek k\u00f6zepette meg\u00e9p\u00fclt az \u00d6regek Napk\u00f6zi Otthona. 1990-ben, harangoz\u00f3 Vilmos pl\u00e9b\u00e1nosnak k\u00f6sz\u00f6nhet\u0151en l\u00e9tes\u00fclt a templom, ugyanebben az \u00e9vben \u00e1ll\u00edtottak eml\u00e9ket az I.\u00e9s II. vil\u00e1gh\u00e1bor\u00faban h\u0151si hal\u00e1lt halt helyi \u00e1ldozatainak. 1991-ben felvet\u0151d\u00f6tt a hat\u00e1r\u00e1tkel\u0151 \u00fajraind\u00edt\u00e1s\u00e1nak gondolata Moln\u00e1ri \u2013 Kotoriba k\u00f6z\u00f6tt. A v\u00e9gleges nyit\u00e1s m\u00e9g v\u00e1rat mag\u00e1ra, de ideiglenesen 1992-t\u0151l t\u00f6bb alkalommal 1-1 napra murai \u00e1tkel\u00e9ssel l\u00e1togathatj\u00e1k egym\u00e1st a k\u00e9t falu lak\u00f3i. A rendszerv\u00e1ltoz\u00e1s ut\u00e1n Moln\u00e1riban is megalakult a helyi \u00f6nkorm\u00e1nyzat. 1994-t\u0151l pedig egyben Horv\u00e1t Kisebbs\u00e9gi \u00d6nkorm\u00e1nyzatk\u00e9nt is m\u0171k\u00f6dik.1990-ben \u00e1tad\u00e1sra ker\u00fclt az \u00faj r\u00f3mai katolikus templom, melyet Harangoz\u00f3 Vilmos pl\u00e9b\u00e1nos kezdem\u00e9nyez\u00e9s\u00e9re a helyi lakoss\u00e1g \u00e9p\u00edtett..<\/p>\n<p>1995-t\u0151l teljes infrastrukt\u00fara \u00e1ll rendelkez\u00e9sre a lakoss\u00e1g sz\u00e1m\u00e1ra ami n\u00f6veli az \u00e9letsz\u00ednvonal min\u0151s\u00e9g\u00e9t a telep\u00fcl\u00e9s \u00e9rt\u00e9k\u00e9t. \/szennyv\u00edz h\u00e1l\u00f3zat Biogest t\u00edpus\u00fa tiszt\u00edt\u00f3m\u0171vel, g\u00e1z, telefon, ker\u00e9kp\u00e1r\u00fat, komp utca \u00e9p\u00edt\u00e9se \/.. Az \u00d6nkorm\u00e1nyzat rendez\u00e9si terve k\u00f6z\u00f6tt szerepel a min\u00e9l t\u00f6bb lak\u00f3telek kialak\u00edt\u00e1sa, hogy a turisztikai \u00e9s term\u00e9szeti adotts\u00e1gokkal rendelkez\u0151 telep\u00fcl\u00e9sen n\u00f6velje a betelep\u00fcl\u0151k, \u00e9p\u00edtkez\u0151k sz\u00e1m\u00e1t, 2003. m\u00e1rcius\u00e1ban elkezd\u0151d\u00f6tt a ker\u00e9kp\u00e1r\u00fat h\u00e1tral\u00e9v\u0151 szakasz\u00e1nak befejez\u00e9se. A fejleszt\u00e9si folyamatok nem \u00e1lak meg , \u00e9s m\u00e9g napjainkban is folyamatban vannak. Meg\u00e9p\u00fclt a l\u00e1togat\u00f3 k\u00f6zpont,mely helyt\u00f6rt\u00e9neti ki\u00e1ll\u00edt\u00e1ssal, a Mura foly\u00f3 \u00e9l\u0151vil\u00e1g\u00e1t megjelen\u00edt\u0151 akv\u00e1riummal v\u00e1rja kedves vend\u00e9geinket. Fel\u00faj\u00edt\u00e1sra ker\u00fcltek a telep\u00fcl\u00e9s k\u00f6z\u00e9p\u00fcletei, S\u00e1ndor hegy z\u00e1rtkert\u00a0 v\u00edz illetve villannyal val\u00f3 ell\u00e1t\u00e1sa, \/ \u00f3voda, kult\u00farh\u00e1z, k\u00e1polna , IKSZT,k\u00f6zterek, templomkert, m\u0171f\u00fcves sportp\u00e1lya, ny\u00e1ri turisztikai sz\u00e1ll\u00e1shely, kik\u00f6t\u0151 a Mura foly\u00f3n\/. A telep\u00fcl\u00e9s vezet\u00e9s\u00e9nek elt\u00f6k\u00e9lt sz\u00e1nd\u00e9ka, hogy\u00a0 a telep\u00fcl\u00e9sre \u00e9rkez\u0151 vend\u00e9geink a kor ig\u00e9ny\u00e9nek megfelel\u0151 k\u00f6rnyezetet \u00e9s\u00a0 kiszolg\u00e1l\u00f3 egys\u00e9geket tal\u00e1ljanak.<\/p>\n","protected":false},"excerpt":{"rendered":"<p>Telep\u00fcl\u00e9s\u00fcnk t\u00f6rt\u00e9nelm\u00e9ben \u00e9s a \u201cMoln\u00e1ri\u201d n\u00e9v kialakul\u00e1s\u00e1ban a Mura foly\u00f3 meghat\u00e1roz\u00f3 szerepet t\u00f6lt\u00f6tt be. Az itt \u00e9l\u0151 emberek sz\u00e1m\u00e1ra a meg\u00e9lhet\u00e9st jelentette, hiszen a foly\u00f3 biztos\u00edtotta sz\u00e1mukra a hal\u00e1szat \u00e9s a gabona\u0151rl\u00e9s lehet\u0151s\u00e9g\u00e9t. Az id\u0151k folyam\u00e1n sz\u00e1mos malom \u00e9p\u00fclt a Mur\u00e1n, \u00e9s sok moln\u00e1r is dolgozott ezekben a malmokban, kihaszn\u00e1lva a Mura erej\u00e9t. A helyi&#8230;<\/p>\n<p class=\"more-link\"><a href=\"https:\/\/www.molnari.hu\/hr\/molnari\/\" class=\"\"><span>Read More<\/span><i>&#43;<\/i><\/a><\/p>\n","protected":false},"author":3,"featured_media":0,"parent":0,"menu_order":0,"comment_status":"open","ping_status":"closed","template":"","meta":{"footnotes":""},"categories":[],"tags":[],"class_list":["post-7","page","type-page","status-publish","hentry"],"_links":{"self":[{"href":"https:\/\/www.molnari.hu\/hr\/wp-json\/wp\/v2\/pages\/7","targetHints":{"allow":["GET"]}}],"collection":[{"href":"https:\/\/www.molnari.hu\/hr\/wp-json\/wp\/v2\/pages"}],"about":[{"href":"https:\/\/www.molnari.hu\/hr\/wp-json\/wp\/v2\/types\/page"}],"author":[{"embeddable":true,"href":"https:\/\/www.molnari.hu\/hr\/wp-json\/wp\/v2\/users\/3"}],"replies":[{"embeddable":true,"href":"https:\/\/www.molnari.hu\/hr\/wp-json\/wp\/v2\/comments?post=7"}],"version-history":[{"count":0,"href":"https:\/\/www.molnari.hu\/hr\/wp-json\/wp\/v2\/pages\/7\/revisions"}],"wp:attachment":[{"href":"https:\/\/www.molnari.hu\/hr\/wp-json\/wp\/v2\/media?parent=7"}],"wp:term":[{"taxonomy":"category","embeddable":true,"href":"https:\/\/www.molnari.hu\/hr\/wp-json\/wp\/v2\/categories?post=7"},{"taxonomy":"post_tag","embeddable":true,"href":"https:\/\/www.molnari.hu\/hr\/wp-json\/wp\/v2\/tags?post=7"}],"curies":[{"name":"wp","href":"https:\/\/api.w.org\/{rel}","templated":true}]}}