{"id":576,"date":"2013-04-08T11:28:35","date_gmt":"2013-04-08T09:28:35","guid":{"rendered":"http:\/\/www.molnari.hu\/?page_id=576"},"modified":"2013-12-18T22:18:11","modified_gmt":"2013-12-18T21:18:11","slug":"2013-2","status":"publish","type":"page","link":"https:\/\/www.molnari.hu\/hr\/onkormanyzat\/testuleti-ulesek\/2013-2\/","title":{"rendered":"2013"},"content":{"rendered":"<h4>Test\u00fcleti \u00fcl\u00e9sek<\/h4>\n<p><img loading=\"lazy\" decoding=\"async\" title=\"pdf\" alt=\"\" src=\"http:\/\/www.molnari.hu\/files\/pdf.gif\" width=\"16\" height=\"16\" \/>\u00a0 \u00a0<a href=\"http:\/\/www.molnari.hu\/files\/2013.-febru\u00e1r-15-i-ny\u00edlt-\u00fcl\u00e9s.pdf\" target=\"_blank\">2013. febru\u00e1r 15-i ny\u00edlt \u00fcl\u00e9s<br \/>\n<\/a><img loading=\"lazy\" decoding=\"async\" title=\"pdf\" alt=\"\" src=\"http:\/\/www.molnari.hu\/files\/pdf.gif\" width=\"16\" height=\"16\" \/>\u00a0 \u00a0<a href=\"http:\/\/www.molnari.hu\/files\/2013.-febru\u00e1r-20-i-ny\u00edlt-\u00fcl\u00e9s.pdf\" target=\"_blank\">2013. febru\u00e1r 20-i ny\u00edlt \u00fcl\u00e9s<\/a><a href=\"http:\/\/www.molnari.hu\/files\/2013.-febru\u00e1r-15-i-ny\u00edlt-\u00fcl\u00e9s.pdf\"><br \/>\n<\/a><img loading=\"lazy\" decoding=\"async\" title=\"pdf\" alt=\"\" src=\"http:\/\/www.molnari.hu\/files\/pdf.gif\" width=\"16\" height=\"16\" \/>\u00a0 \u00a0<a href=\"http:\/\/www.molnari.hu\/files\/2013.-m\u00e1rcius-7-i-ny\u00edlt-\u00fcl\u00e9s.pdf\" target=\"_blank\">2013. m\u00e1rcius 7-i ny\u00edlt \u00fcl\u00e9s<br \/>\n<\/a><img loading=\"lazy\" decoding=\"async\" title=\"pdf\" alt=\"\" src=\"http:\/\/www.molnari.hu\/files\/pdf.gif\" width=\"16\" height=\"16\" \/>\u00a0 \u00a0<a href=\"http:\/\/www.molnari.hu\/files\/2013.-k\u00f6lts\u00e9gvet\u00e9s.pdf\" target=\"_blank\">2013. k\u00f6lts\u00e9gvet\u00e9s<br \/>\n<\/a><img loading=\"lazy\" decoding=\"async\" title=\"pdf\" alt=\"\" src=\"http:\/\/www.molnari.hu\/files\/pdf.gif\" width=\"16\" height=\"16\" \/>\u00a0 \u00a0<a href=\"http:\/\/www.molnari.hu\/files\/2013.-\u00e1prilis-30-ai-ny\u00edlt-\u00fcl\u00e9s.pdf\" target=\"_blank\">2013. \u00e1prilis 30-ai ny\u00edlt \u00fcl\u00e9s<\/a><a href=\"http:\/\/www.molnari.hu\/files\/2013.-k\u00f6lts\u00e9gvet\u00e9s.pdf\" target=\"_blank\"><br \/>\n<\/a><img loading=\"lazy\" decoding=\"async\" title=\"pdf\" alt=\"\" src=\"http:\/\/www.molnari.hu\/files\/pdf.gif\" width=\"16\" height=\"16\" \/>\u00a0 \u00a0<a href=\"http:\/\/www.molnari.hu\/files\/2013.-m\u00e1jus-29-i-ny\u00edlt-\u00fcl\u00e9s.pdf\" target=\"_blank\">2013. m\u00e1jus 29-i ny\u00edlt \u00fcl\u00e9s<br \/>\n<img loading=\"lazy\" decoding=\"async\" title=\"pdf\" alt=\"\" src=\"http:\/\/www.molnari.hu\/files\/pdf.gif\" width=\"16\" height=\"16\" \/><\/a>\u00a0 \u00a0<a href=\"http:\/\/www.molnari.hu\/files\/2013.-j\u00fanius-28-ai-ny\u00edlt-\u00fcl\u00e9s.pdf\" target=\"_blank\">2013. j\u00fanius 28-ai ny\u00edlt \u00fcl\u00e9s<\/a><br \/>\n<img loading=\"lazy\" decoding=\"async\" title=\"pdf\" alt=\"\" src=\"http:\/\/www.molnari.hu\/files\/pdf.gif\" width=\"16\" height=\"16\" \/>\u00a0 \u00a0<a href=\"http:\/\/www.molnari.hu\/files\/2013.-augusztus-8-ai-ny\u00edlt-\u00fcl\u00e9s.pdf\" target=\"_blank\">2013. augusztus 8-ai ny\u00edlt \u00fcl\u00e9s<\/a><br \/>\n<img loading=\"lazy\" decoding=\"async\" title=\"pdf\" alt=\"\" src=\"http:\/\/www.molnari.hu\/files\/pdf.gif\" width=\"16\" height=\"16\" \/>\u00a0 \u00a0<a href=\"http:\/\/www.molnari.hu\/files\/2013.-augusztus-24-ei-rendk\u00edv\u00fcli-ny\u00edlt-\u00fcl\u00e9s.pdf\" target=\"_blank\">2013. augusztus 24-ei rendk\u00edv\u00fcli ny\u00edlt \u00fcl\u00e9s<\/a><br \/>\n<img loading=\"lazy\" decoding=\"async\" title=\"pdf\" alt=\"\" src=\"http:\/\/www.molnari.hu\/files\/pdf.gif\" width=\"16\" height=\"16\" \/>\u00a0 \u00a0<a href=\"http:\/\/www.molnari.hu\/files\/2013.-szeptember-11-ei-ny\u00edlt-\u00fcl\u00e9s.pdf\" target=\"_blank\">2013. szeptember 11-ei ny\u00edlt \u00fcl\u00e9s<\/a><br \/>\n<img loading=\"lazy\" decoding=\"async\" title=\"pdf\" alt=\"\" src=\"http:\/\/www.molnari.hu\/files\/pdf.gif\" width=\"16\" height=\"16\" \/>\u00a0 \u00a0<a href=\"http:\/\/www.molnari.hu\/files\/2013.-szeptember-23-ai-rendk\u00edv\u00fcli-ny\u00edlt-\u00fcl\u00e9s.pdf\" target=\"_blank\">2013. szeptember 23-ai rendk\u00edv\u00fcli ny\u00edlt \u00fcl\u00e9s<br \/>\n<img loading=\"lazy\" decoding=\"async\" title=\"pdf\" alt=\"\" src=\"http:\/\/www.molnari.hu\/files\/pdf.gif\" width=\"16\" height=\"16\" \/><\/a>\u00a0 \u00a0<a href=\"http:\/\/www.molnari.hu\/files\/2013.-szeptember-23-ai-rendk\u00edv\u00fcli-ny\u00edlt-\u00fcl\u00e9s.pdf\" target=\"_blank\"><a href=\"http:\/\/www.molnari.hu\/files\/2013.-okt\u00f3ber-30-ai-ny\u00edlt-\u00fcl\u00e9s.pdf\" target=\"_blank\">2013. okt\u00f3ber 30-ai ny\u00edlt \u00fcl\u00e9s<\/a><br \/>\n<img loading=\"lazy\" decoding=\"async\" title=\"pdf\" alt=\"\" src=\"http:\/\/www.molnari.hu\/files\/pdf.gif\" width=\"16\" height=\"16\" \/><\/a>\u00a0 \u00a0<a href=\"http:\/\/www.molnari.hu\/files\/2013.-szeptember-23-ai-rendk\u00edv\u00fcli-ny\u00edlt-\u00fcl\u00e9s.pdf\" target=\"_blank\"><a href=\"http:\/\/www.molnari.hu\/files\/2013.-november-27-ei-ny\u00edlt-\u00fcl\u00e9s.pdf\" target=\"_blank\">2013. november 27-ei ny\u00edlt \u00fcl\u00e9s<\/a><\/a><\/p>\n<div><\/div>\n<div><\/div>\n<div><\/div>\n","protected":false},"excerpt":{"rendered":"<p>Test\u00fcleti \u00fcl\u00e9sek \u00a0 \u00a02013. febru\u00e1r 15-i ny\u00edlt \u00fcl\u00e9s \u00a0 \u00a02013. febru\u00e1r 20-i ny\u00edlt \u00fcl\u00e9s \u00a0 \u00a02013. m\u00e1rcius 7-i ny\u00edlt \u00fcl\u00e9s \u00a0 \u00a02013. k\u00f6lts\u00e9gvet\u00e9s \u00a0 \u00a02013. \u00e1prilis 30-ai ny\u00edlt \u00fcl\u00e9s \u00a0 \u00a02013. m\u00e1jus 29-i ny\u00edlt \u00fcl\u00e9s \u00a0 \u00a02013. j\u00fanius 28-ai ny\u00edlt \u00fcl\u00e9s \u00a0 \u00a02013. augusztus 8-ai ny\u00edlt \u00fcl\u00e9s \u00a0 \u00a02013. augusztus 24-ei rendk\u00edv\u00fcli ny\u00edlt \u00fcl\u00e9s \u00a0&#8230;<\/p>\n<p class=\"more-link\"><a href=\"https:\/\/www.molnari.hu\/hr\/onkormanyzat\/testuleti-ulesek\/2013-2\/\" class=\"\"><span>Read More<\/span><i>&#43;<\/i><\/a><\/p>\n","protected":false},"author":3,"featured_media":0,"parent":40,"menu_order":0,"comment_status":"closed","ping_status":"closed","template":"","meta":{"footnotes":""},"categories":[],"tags":[],"class_list":["post-576","page","type-page","status-publish","hentry"],"_links":{"self":[{"href":"https:\/\/www.molnari.hu\/hr\/wp-json\/wp\/v2\/pages\/576","targetHints":{"allow":["GET"]}}],"collection":[{"href":"https:\/\/www.molnari.hu\/hr\/wp-json\/wp\/v2\/pages"}],"about":[{"href":"https:\/\/www.molnari.hu\/hr\/wp-json\/wp\/v2\/types\/page"}],"author":[{"embeddable":true,"href":"https:\/\/www.molnari.hu\/hr\/wp-json\/wp\/v2\/users\/3"}],"replies":[{"embeddable":true,"href":"https:\/\/www.molnari.hu\/hr\/wp-json\/wp\/v2\/comments?post=576"}],"version-history":[{"count":0,"href":"https:\/\/www.molnari.hu\/hr\/wp-json\/wp\/v2\/pages\/576\/revisions"}],"up":[{"embeddable":true,"href":"https:\/\/www.molnari.hu\/hr\/wp-json\/wp\/v2\/pages\/40"}],"wp:attachment":[{"href":"https:\/\/www.molnari.hu\/hr\/wp-json\/wp\/v2\/media?parent=576"}],"wp:term":[{"taxonomy":"category","embeddable":true,"href":"https:\/\/www.molnari.hu\/hr\/wp-json\/wp\/v2\/categories?post=576"},{"taxonomy":"post_tag","embeddable":true,"href":"https:\/\/www.molnari.hu\/hr\/wp-json\/wp\/v2\/tags?post=576"}],"curies":[{"name":"wp","href":"https:\/\/api.w.org\/{rel}","templated":true}]}}