{"id":54,"date":"2012-08-30T15:14:34","date_gmt":"2012-08-30T13:14:34","guid":{"rendered":"http:\/\/teszt.arcusnet.hu\/molnari\/?page_id=54"},"modified":"2012-11-06T16:37:27","modified_gmt":"2012-11-06T15:37:27","slug":"2011-2","status":"publish","type":"page","link":"https:\/\/www.molnari.hu\/hr\/onkormanyzat\/testuleti-ulesek\/2011-2\/","title":{"rendered":"2011"},"content":{"rendered":"<p><img loading=\"lazy\" decoding=\"async\" title=\"pdf\" src=\"http:\/\/www.molnari.hu\/files\/pdf.gif\" alt=\"\" width=\"16\" height=\"16\" \/>\u00a0 \u00a0<a href=\"http:\/\/www.molnari.hu\/files\/2011.-febru\u00e1r-2-ai-bizotts\u00e1gi-\u00fcl\u00e9s.pdf\" target=\"_blank\">2011. febru\u00e1r 2-ai bizotts\u00e1gi \u00fcl\u00e9s<\/a><br \/>\n<img loading=\"lazy\" decoding=\"async\" title=\"pdf\" src=\"http:\/\/www.molnari.hu\/files\/pdf.gif\" alt=\"\" width=\"16\" height=\"16\" \/>\u00a0 \u00a0<a href=\"http:\/\/www.molnari.hu\/files\/2011.-febru\u00e1r-16-ai-ny\u00edlt-\u00fcl\u00e9s.pdf\" target=\"_blank\">2011. febru\u00e1r 16-ai ny\u00edlt \u00fcl\u00e9s<\/a><a href=\"http:\/\/www.molnari.hu\/files\/2011.-febru\u00e1r-2-ai-bizotts\u00e1gi-\u00fcl\u00e9s.pdf\"><br \/>\n<\/a><img loading=\"lazy\" decoding=\"async\" title=\"pdf\" src=\"http:\/\/www.molnari.hu\/files\/pdf.gif\" alt=\"\" width=\"16\" height=\"16\" \/>\u00a0 \u00a0<a href=\"http:\/\/www.molnari.hu\/files\/2011.-m\u00e1rcius-16-ai-h\u00e1zi-ny\u00edlt-\u00fcl\u00e9s.pdf\" target=\"_blank\">2011. m\u00e1rcius 16-ai h\u00e1zi ny\u00edlt \u00fcl\u00e9s<\/a><a href=\"http:\/\/www.molnari.hu\/files\/2011.-febru\u00e1r-2-ai-bizotts\u00e1gi-\u00fcl\u00e9s.pdf\"><br \/>\n<\/a><img loading=\"lazy\" decoding=\"async\" title=\"pdf\" src=\"http:\/\/www.molnari.hu\/files\/pdf.gif\" alt=\"\" width=\"16\" height=\"16\" \/>\u00a0 \u00a0<a href=\"http:\/\/www.molnari.hu\/files\/2011.-m\u00e1rcius-16-ai-ny\u00edlt-\u00fcl\u00e9s.pdf\" target=\"_blank\">2011. m\u00e1rcius 16-ai ny\u00edlt \u00fcl\u00e9s<\/a><a href=\"http:\/\/www.molnari.hu\/files\/2011.-febru\u00e1r-2-ai-bizotts\u00e1gi-\u00fcl\u00e9s.pdf\"><br \/>\n<\/a><img loading=\"lazy\" decoding=\"async\" title=\"pdf\" src=\"http:\/\/www.molnari.hu\/files\/pdf.gif\" alt=\"\" width=\"16\" height=\"16\" \/>\u00a0 \u00a0<a href=\"http:\/\/www.molnari.hu\/files\/2011.-m\u00e1rcius-18-ai-rendk\u00edv\u00fcli-h\u00e1zi-ny\u00edlt-\u00fcl\u00e9s.pdf\" target=\"_blank\">2011. m\u00e1rcius 18-ai rendk\u00edv\u00fcli h\u00e1zi ny\u00edlt \u00fcl\u00e9s<\/a><a href=\"http:\/\/www.molnari.hu\/files\/2011.-febru\u00e1r-2-ai-bizotts\u00e1gi-\u00fcl\u00e9s.pdf\"><br \/>\n<\/a><img loading=\"lazy\" decoding=\"async\" title=\"pdf\" src=\"http:\/\/www.molnari.hu\/files\/pdf.gif\" alt=\"\" width=\"16\" height=\"16\" \/>\u00a0 \u00a0<a href=\"http:\/\/www.molnari.hu\/files\/2011.-m\u00e1rcius-18-ai-rendk\u00edv\u00fcli-ny\u00edlt-\u00fcl\u00e9s.pdf\" target=\"_blank\">2011. m\u00e1rcius 18-ai rendk\u00edv\u00fcli ny\u00edlt \u00fcl\u00e9s<\/a><a href=\"http:\/\/www.molnari.hu\/files\/2011.-febru\u00e1r-2-ai-bizotts\u00e1gi-\u00fcl\u00e9s.pdf\"><br \/>\n<\/a><img loading=\"lazy\" decoding=\"async\" title=\"pdf\" src=\"http:\/\/www.molnari.hu\/files\/pdf.gif\" alt=\"\" width=\"16\" height=\"16\" \/>\u00a0 \u00a0<a href=\"http:\/\/www.molnari.hu\/files\/2011.-\u00e1prilis-13-ai-ny\u00edlt-\u00fcl\u00e9s.pdf\" target=\"_blank\">2011. \u00e1prilis 13-ai ny\u00edlt \u00fcl\u00e9s<\/a><a href=\"http:\/\/www.molnari.hu\/files\/2011.-febru\u00e1r-2-ai-bizotts\u00e1gi-\u00fcl\u00e9s.pdf\"><br \/>\n<\/a><img loading=\"lazy\" decoding=\"async\" title=\"pdf\" src=\"http:\/\/www.molnari.hu\/files\/pdf.gif\" alt=\"\" width=\"16\" height=\"16\" \/>\u00a0 \u00a0<a href=\"http:\/\/www.molnari.hu\/files\/2011.-\u00e1prilis-27-ei-ny\u00edlt-\u00fcl\u00e9s.pdf\" target=\"_blank\">2011. \u00e1prilis 27-ei ny\u00edlt \u00fcl\u00e9s<\/a><a href=\"http:\/\/www.molnari.hu\/files\/2011.-febru\u00e1r-2-ai-bizotts\u00e1gi-\u00fcl\u00e9s.pdf\"><br \/>\n<\/a><img loading=\"lazy\" decoding=\"async\" title=\"pdf\" src=\"http:\/\/www.molnari.hu\/files\/pdf.gif\" alt=\"\" width=\"16\" height=\"16\" \/>\u00a0 \u00a0<a href=\"http:\/\/www.molnari.hu\/files\/2011.-m\u00e1jus-4-ei-rendk\u00edv\u0171li-ny\u00edlt-\u00fcl\u00e9s.pdf\" target=\"_blank\">2011. m\u00e1jus 4-ei rendk\u00edv\u0171li ny\u00edlt \u00fcl\u00e9s<\/a><a href=\"http:\/\/www.molnari.hu\/files\/2011.-febru\u00e1r-2-ai-bizotts\u00e1gi-\u00fcl\u00e9s.pdf\"><br \/>\n<\/a><img loading=\"lazy\" decoding=\"async\" title=\"pdf\" src=\"http:\/\/www.molnari.hu\/files\/pdf.gif\" alt=\"\" width=\"16\" height=\"16\" \/>\u00a0 \u00a0<a href=\"http:\/\/www.molnari.hu\/files\/2011.-j\u00fanius-8-ai-rendk\u00edv\u00fcli-ny\u00edlt-\u00fcl\u00e9s.pdf\" target=\"_blank\">2011. j\u00fanius 8-ai rendk\u00edv\u00fcli ny\u00edlt \u00fcl\u00e9s<\/a><a href=\"http:\/\/www.molnari.hu\/files\/2011.-febru\u00e1r-2-ai-bizotts\u00e1gi-\u00fcl\u00e9s.pdf\"><br \/>\n<\/a><img loading=\"lazy\" decoding=\"async\" title=\"pdf\" src=\"http:\/\/www.molnari.hu\/files\/pdf.gif\" alt=\"\" width=\"16\" height=\"16\" \/>\u00a0 \u00a0<a href=\"http:\/\/www.molnari.hu\/files\/2011.-augusztus-24-ei-rendk\u00edv\u0171li-ny\u00edlt-\u00fcl\u00e9s.pdf\" target=\"_blank\">2011. augusztus 24-ei rendk\u00edv\u0171li ny\u00edlt \u00fcl\u00e9s<\/a><a href=\"http:\/\/www.molnari.hu\/files\/2011.-febru\u00e1r-2-ai-bizotts\u00e1gi-\u00fcl\u00e9s.pdf\"><br \/>\n<\/a><img loading=\"lazy\" decoding=\"async\" title=\"pdf\" src=\"http:\/\/www.molnari.hu\/files\/pdf.gif\" alt=\"\" width=\"16\" height=\"16\" \/>\u00a0 \u00a0<a href=\"http:\/\/www.molnari.hu\/files\/2011.-augusztus-29-ei-rendk\u00edv\u0171li-ny\u00edlt-\u00fcl\u00e9s.pdf\" target=\"_blank\">2011. augusztus 29-ei rendk\u00edv\u0171li ny\u00edlt \u00fcl\u00e9s<\/a><a href=\"http:\/\/www.molnari.hu\/files\/2011.-febru\u00e1r-2-ai-bizotts\u00e1gi-\u00fcl\u00e9s.pdf\"><br \/>\n<\/a><img loading=\"lazy\" decoding=\"async\" title=\"pdf\" src=\"http:\/\/www.molnari.hu\/files\/pdf.gif\" alt=\"\" width=\"16\" height=\"16\" \/>\u00a0 \u00a0<a href=\"http:\/\/www.molnari.hu\/files\/2011.-szeptember-13-ai-ny\u00edlt-\u00fcl\u00e9s.pdf\" target=\"_blank\">2011. szeptember 13-ai ny\u00edlt \u00fcl\u00e9s<\/a><a href=\"http:\/\/www.molnari.hu\/files\/2011.-febru\u00e1r-2-ai-bizotts\u00e1gi-\u00fcl\u00e9s.pdf\"><br \/>\n<\/a><img loading=\"lazy\" decoding=\"async\" title=\"pdf\" src=\"http:\/\/www.molnari.hu\/files\/pdf.gif\" alt=\"\" width=\"16\" height=\"16\" \/>\u00a0 \u00a0<a href=\"http:\/\/www.molnari.hu\/files\/2011.-szeptember-20-ai-rendk\u00edv\u00fcli-ny\u00edlt-\u00fcl\u00e9s.pdf\" target=\"_blank\">2011. szeptember 20-ai rendk\u00edv\u00fcli ny\u00edlt \u00fcl\u00e9s<\/a><a href=\"http:\/\/www.molnari.hu\/files\/2011.-febru\u00e1r-2-ai-bizotts\u00e1gi-\u00fcl\u00e9s.pdf\"><br \/>\n<\/a><img loading=\"lazy\" decoding=\"async\" title=\"pdf\" src=\"http:\/\/www.molnari.hu\/files\/pdf.gif\" alt=\"\" width=\"16\" height=\"16\" \/>\u00a0 \u00a0<a href=\"http:\/\/www.molnari.hu\/files\/2011.-okt\u00f3ber-12-ei-ny\u00edlt-\u00fcl\u00e9s.pdf\" target=\"_blank\">2011. okt\u00f3ber 12-ei ny\u00edlt \u00fcl\u00e9s<\/a><a href=\"http:\/\/www.molnari.hu\/files\/2011.-febru\u00e1r-2-ai-bizotts\u00e1gi-\u00fcl\u00e9s.pdf\"><br \/>\n<\/a><img loading=\"lazy\" decoding=\"async\" title=\"pdf\" src=\"http:\/\/www.molnari.hu\/files\/pdf.gif\" alt=\"\" width=\"16\" height=\"16\" \/>\u00a0 \u00a0<a href=\"http:\/\/www.molnari.hu\/files\/2011.-november-30-ai-k\u00f6zmeghallgat\u00e1s.pdf\" target=\"_blank\">2011. november 30-ai k\u00f6zmeghallgat\u00e1s<\/a><a href=\"http:\/\/www.molnari.hu\/files\/2011.-febru\u00e1r-2-ai-bizotts\u00e1gi-\u00fcl\u00e9s.pdf\"><br \/>\n<\/a><img loading=\"lazy\" decoding=\"async\" title=\"pdf\" src=\"http:\/\/www.molnari.hu\/files\/pdf.gif\" alt=\"\" width=\"16\" height=\"16\" \/>\u00a0 \u00a0<a href=\"http:\/\/www.molnari.hu\/files\/2011.-november-30-ai-ny\u00edlt-\u00fcl\u00e9s.pdf\" target=\"_blank\">2011. november 30-ai ny\u00edlt \u00fcl\u00e9s<\/a><a href=\"http:\/\/www.molnari.hu\/files\/2011.-febru\u00e1r-2-ai-bizotts\u00e1gi-\u00fcl\u00e9s.pdf\"><br \/>\n<\/a><\/p>\n<div><\/div>\n<div><\/div>\n<div><\/div>\n<div><\/div>\n<div><\/div>\n<div><\/div>\n<div><\/div>\n<div><\/div>\n<div><\/div>\n<div><\/div>\n<div><\/div>\n<div><\/div>\n<div><\/div>\n<div><\/div>\n<div><\/div>\n<div><\/div>\n<div><\/div>\n","protected":false},"excerpt":{"rendered":"<p>\u00a0 \u00a02011. febru\u00e1r 2-ai bizotts\u00e1gi \u00fcl\u00e9s \u00a0 \u00a02011. febru\u00e1r 16-ai ny\u00edlt \u00fcl\u00e9s \u00a0 \u00a02011. m\u00e1rcius 16-ai h\u00e1zi ny\u00edlt \u00fcl\u00e9s \u00a0 \u00a02011. m\u00e1rcius 16-ai ny\u00edlt \u00fcl\u00e9s \u00a0 \u00a02011. m\u00e1rcius 18-ai rendk\u00edv\u00fcli h\u00e1zi ny\u00edlt \u00fcl\u00e9s \u00a0 \u00a02011. m\u00e1rcius 18-ai rendk\u00edv\u00fcli ny\u00edlt \u00fcl\u00e9s \u00a0 \u00a02011. \u00e1prilis 13-ai ny\u00edlt \u00fcl\u00e9s \u00a0 \u00a02011. \u00e1prilis 27-ei ny\u00edlt \u00fcl\u00e9s \u00a0 \u00a02011. m\u00e1jus&#8230;<\/p>\n<p class=\"more-link\"><a href=\"https:\/\/www.molnari.hu\/hr\/onkormanyzat\/testuleti-ulesek\/2011-2\/\" class=\"\"><span>Read More<\/span><i>&#43;<\/i><\/a><\/p>\n","protected":false},"author":3,"featured_media":0,"parent":40,"menu_order":0,"comment_status":"open","ping_status":"closed","template":"","meta":{"footnotes":""},"categories":[],"tags":[],"class_list":["post-54","page","type-page","status-publish","hentry"],"_links":{"self":[{"href":"https:\/\/www.molnari.hu\/hr\/wp-json\/wp\/v2\/pages\/54","targetHints":{"allow":["GET"]}}],"collection":[{"href":"https:\/\/www.molnari.hu\/hr\/wp-json\/wp\/v2\/pages"}],"about":[{"href":"https:\/\/www.molnari.hu\/hr\/wp-json\/wp\/v2\/types\/page"}],"author":[{"embeddable":true,"href":"https:\/\/www.molnari.hu\/hr\/wp-json\/wp\/v2\/users\/3"}],"replies":[{"embeddable":true,"href":"https:\/\/www.molnari.hu\/hr\/wp-json\/wp\/v2\/comments?post=54"}],"version-history":[{"count":0,"href":"https:\/\/www.molnari.hu\/hr\/wp-json\/wp\/v2\/pages\/54\/revisions"}],"up":[{"embeddable":true,"href":"https:\/\/www.molnari.hu\/hr\/wp-json\/wp\/v2\/pages\/40"}],"wp:attachment":[{"href":"https:\/\/www.molnari.hu\/hr\/wp-json\/wp\/v2\/media?parent=54"}],"wp:term":[{"taxonomy":"category","embeddable":true,"href":"https:\/\/www.molnari.hu\/hr\/wp-json\/wp\/v2\/categories?post=54"},{"taxonomy":"post_tag","embeddable":true,"href":"https:\/\/www.molnari.hu\/hr\/wp-json\/wp\/v2\/tags?post=54"}],"curies":[{"name":"wp","href":"https:\/\/api.w.org\/{rel}","templated":true}]}}