{"id":52,"date":"2012-08-30T15:14:23","date_gmt":"2012-08-30T13:14:23","guid":{"rendered":"http:\/\/teszt.arcusnet.hu\/molnari\/?page_id=52"},"modified":"2012-11-06T17:07:59","modified_gmt":"2012-11-06T16:07:59","slug":"2010-2","status":"publish","type":"page","link":"https:\/\/www.molnari.hu\/hr\/onkormanyzat\/testuleti-ulesek\/2010-2\/","title":{"rendered":"2010"},"content":{"rendered":"<p><img loading=\"lazy\" decoding=\"async\" title=\"pdf\" src=\"http:\/\/www.molnari.hu\/files\/pdf.gif\" alt=\"\" width=\"16\" height=\"16\" \/>\u00a0 \u00a0<a href=\"http:\/\/www.molnari.hu\/files\/2010.-janu\u00e1r-13-ai-rendk\u00edv\u00fcli-ny\u00edlt-\u00fcl\u00e9s.pdf\" target=\"_blank\">2010. janu\u00e1r 13-ai rendk\u00edv\u00fcli ny\u00edlt \u00fcl\u00e9s<br \/>\n<\/a><img loading=\"lazy\" decoding=\"async\" title=\"pdf\" src=\"http:\/\/www.molnari.hu\/files\/pdf.gif\" alt=\"\" width=\"16\" height=\"16\" \/>\u00a0 \u00a0<a href=\"http:\/\/www.molnari.hu\/files\/2010.-janu\u00e1r-20-ai-renk\u00edv\u0171li-ny\u00edlt-\u00fcl\u00e9s.pdf\" target=\"_blank\">2010. janu\u00e1r 20-ai renk\u00edv\u0171li ny\u00edlt \u00fcl\u00e9s<\/a><a href=\"http:\/\/www.molnari.hu\/files\/2010.-janu\u00e1r-13-ai-rendk\u00edv\u00fcli-ny\u00edlt-\u00fcl\u00e9s.pdf\"><br \/>\n<\/a><img loading=\"lazy\" decoding=\"async\" title=\"pdf\" src=\"http:\/\/www.molnari.hu\/files\/pdf.gif\" alt=\"\" width=\"16\" height=\"16\" \/>\u00a0 \u00a0<a href=\"http:\/\/www.molnari.hu\/files\/2010.-febru\u00e1r-10-ei-ny\u00edlt-\u00fcl\u00e9s.pdf\" target=\"_blank\">2010. febru\u00e1r 10-ei ny\u00edlt \u00fcl\u00e9s<\/a><a href=\"http:\/\/www.molnari.hu\/files\/2010.-janu\u00e1r-13-ai-rendk\u00edv\u00fcli-ny\u00edlt-\u00fcl\u00e9s.pdf\"><br \/>\n<\/a><img loading=\"lazy\" decoding=\"async\" title=\"pdf\" src=\"http:\/\/www.molnari.hu\/files\/pdf.gif\" alt=\"\" width=\"16\" height=\"16\" \/>\u00a0 \u00a0<a href=\"http:\/\/www.molnari.hu\/files\/2010.-m\u00e1rcius-3-ai-ny\u00edlt-\u00fcl\u00e9s.pdf\" target=\"_blank\">2010. m\u00e1rcius 3-ai ny\u00edlt \u00fcl\u00e9s<\/a><a href=\"http:\/\/www.molnari.hu\/files\/2010.-janu\u00e1r-13-ai-rendk\u00edv\u00fcli-ny\u00edlt-\u00fcl\u00e9s.pdf\"><br \/>\n<\/a><img loading=\"lazy\" decoding=\"async\" title=\"pdf\" src=\"http:\/\/www.molnari.hu\/files\/pdf.gif\" alt=\"\" width=\"16\" height=\"16\" \/>\u00a0 \u00a0<a href=\"http:\/\/www.molnari.hu\/files\/2010.-m\u00e1rcius-10-ei-rendk\u00edv\u0171li-ny\u00edlt-\u00fcl\u00e9s.pdf\" target=\"_blank\">2010. m\u00e1rcius 10-ei rendk\u00edv\u0171li ny\u00edlt \u00fcl\u00e9s<\/a><a href=\"http:\/\/www.molnari.hu\/files\/2010.-janu\u00e1r-13-ai-rendk\u00edv\u00fcli-ny\u00edlt-\u00fcl\u00e9s.pdf\"><br \/>\n<\/a><img loading=\"lazy\" decoding=\"async\" title=\"pdf\" src=\"http:\/\/www.molnari.hu\/files\/pdf.gif\" alt=\"\" width=\"16\" height=\"16\" \/>\u00a0 \u00a0<a href=\"http:\/\/www.molnari.hu\/files\/2010.-\u00e1prilis-21-ei-ny\u00edlt-\u00fcl\u00e9s.pdf\" target=\"_blank\">2010. \u00e1prilis 21-ei ny\u00edlt \u00fcl\u00e9s<\/a><a href=\"http:\/\/www.molnari.hu\/files\/2010.-janu\u00e1r-13-ai-rendk\u00edv\u00fcli-ny\u00edlt-\u00fcl\u00e9s.pdf\"><br \/>\n<\/a><img loading=\"lazy\" decoding=\"async\" title=\"pdf\" src=\"http:\/\/www.molnari.hu\/files\/pdf.gif\" alt=\"\" width=\"16\" height=\"16\" \/>\u00a0 \u00a0<a href=\"http:\/\/www.molnari.hu\/files\/2010.-m\u00e1jus-27-ei-ny\u00edlt-\u00fcl\u00e9s.pdf\" target=\"_blank\">2010. m\u00e1jus 27-ei ny\u00edlt \u00fcl\u00e9s<\/a><a href=\"http:\/\/www.molnari.hu\/files\/2010.-janu\u00e1r-13-ai-rendk\u00edv\u00fcli-ny\u00edlt-\u00fcl\u00e9s.pdf\"><br \/>\n<\/a><img loading=\"lazy\" decoding=\"async\" title=\"pdf\" src=\"http:\/\/www.molnari.hu\/files\/pdf.gif\" alt=\"\" width=\"16\" height=\"16\" \/>\u00a0 \u00a0<a href=\"http:\/\/www.molnari.hu\/files\/2010.-szeptember-8-ai-ny\u00edlt-\u00fcl\u00e9s.pdf\" target=\"_blank\">2010. szeptember 8-ai ny\u00edlt \u00fcl\u00e9s<\/a><a href=\"http:\/\/www.molnari.hu\/files\/2010.-janu\u00e1r-13-ai-rendk\u00edv\u00fcli-ny\u00edlt-\u00fcl\u00e9s.pdf\"><br \/>\n<\/a><img loading=\"lazy\" decoding=\"async\" title=\"pdf\" src=\"http:\/\/www.molnari.hu\/files\/pdf.gif\" alt=\"\" width=\"16\" height=\"16\" \/>\u00a0 \u00a0<a href=\"http:\/\/www.molnari.hu\/files\/2010.-szeptember-22-ei-ny\u00edlt-\u00fcl\u00e9s.pdf\" target=\"_blank\">2010. szeptember 22-ei ny\u00edlt \u00fcl\u00e9s<\/a><a href=\"http:\/\/www.molnari.hu\/files\/2010.-janu\u00e1r-13-ai-rendk\u00edv\u00fcli-ny\u00edlt-\u00fcl\u00e9s.pdf\"><br \/>\n<\/a><img loading=\"lazy\" decoding=\"async\" title=\"pdf\" src=\"http:\/\/www.molnari.hu\/files\/pdf.gif\" alt=\"\" width=\"16\" height=\"16\" \/>\u00a0 \u00a0<a href=\"http:\/\/www.molnari.hu\/files\/2010.-okt\u00f3ber-13-ai-alakul\u00f3-\u00fcl\u00e9s.pdf\" target=\"_blank\">2010. okt\u00f3ber 13-ai alakul\u00f3 \u00fcl\u00e9s<\/a><a href=\"http:\/\/www.molnari.hu\/files\/2010.-janu\u00e1r-13-ai-rendk\u00edv\u00fcli-ny\u00edlt-\u00fcl\u00e9s.pdf\"><br \/>\n<\/a><img loading=\"lazy\" decoding=\"async\" title=\"pdf\" src=\"http:\/\/www.molnari.hu\/files\/pdf.gif\" alt=\"\" width=\"16\" height=\"16\" \/>\u00a0 \u00a0<a href=\"http:\/\/www.molnari.hu\/files\/2010.-november-17-ei-ny\u00edlt-\u00fcl\u00e9s.pdf\" target=\"_blank\">2010. november 17-ei ny\u00edlt \u00fcl\u00e9s<\/a><a href=\"http:\/\/www.molnari.hu\/files\/2010.-janu\u00e1r-13-ai-rendk\u00edv\u00fcli-ny\u00edlt-\u00fcl\u00e9s.pdf\"><br \/>\n<\/a><img loading=\"lazy\" decoding=\"async\" title=\"pdf\" src=\"http:\/\/www.molnari.hu\/files\/pdf.gif\" alt=\"\" width=\"16\" height=\"16\" \/>\u00a0 \u00a0<a href=\"http:\/\/www.molnari.hu\/files\/2010.-december-13-ai-k\u00f6zmeghallgat\u00e1s.pdf\" target=\"_blank\">2010. december 13-ai k\u00f6zmeghallgat\u00e1s<\/a><a href=\"http:\/\/www.molnari.hu\/files\/2010.-janu\u00e1r-13-ai-rendk\u00edv\u00fcli-ny\u00edlt-\u00fcl\u00e9s.pdf\"><br \/>\n<\/a><img loading=\"lazy\" decoding=\"async\" title=\"pdf\" src=\"http:\/\/www.molnari.hu\/files\/pdf.gif\" alt=\"\" width=\"16\" height=\"16\" \/>\u00a0 \u00a0<a href=\"http:\/\/www.molnari.hu\/files\/2010.-december-13-ai-ny\u00edlt-\u00fcl\u00e9s.pdf\" target=\"_blank\">2010. december 13-ai ny\u00edlt \u00fcl\u00e9s<\/a><a href=\"http:\/\/www.molnari.hu\/files\/2010.-janu\u00e1r-13-ai-rendk\u00edv\u00fcli-ny\u00edlt-\u00fcl\u00e9s.pdf\"><br \/>\n<\/a><a href=\"http:\/\/www.molnari.hu\/files\/2010.-janu\u00e1r-13-ai-rendk\u00edv\u00fcli-ny\u00edlt-\u00fcl\u00e9s.pdf\"><br \/>\n<\/a><\/p>\n<div><\/div>\n<div><\/div>\n<div><\/div>\n<div><\/div>\n<div><\/div>\n<div><\/div>\n<div><\/div>\n<div><\/div>\n<div><\/div>\n<div><\/div>\n<div><\/div>\n<div><\/div>\n<div><\/div>\n<div><\/div>\n","protected":false},"excerpt":{"rendered":"<p>\u00a0 \u00a02010. janu\u00e1r 13-ai rendk\u00edv\u00fcli ny\u00edlt \u00fcl\u00e9s \u00a0 \u00a02010. janu\u00e1r 20-ai renk\u00edv\u0171li ny\u00edlt \u00fcl\u00e9s \u00a0 \u00a02010. febru\u00e1r 10-ei ny\u00edlt \u00fcl\u00e9s \u00a0 \u00a02010. m\u00e1rcius 3-ai ny\u00edlt \u00fcl\u00e9s \u00a0 \u00a02010. m\u00e1rcius 10-ei rendk\u00edv\u0171li ny\u00edlt \u00fcl\u00e9s \u00a0 \u00a02010. \u00e1prilis 21-ei ny\u00edlt \u00fcl\u00e9s \u00a0 \u00a02010. m\u00e1jus 27-ei ny\u00edlt \u00fcl\u00e9s \u00a0 \u00a02010. szeptember 8-ai ny\u00edlt \u00fcl\u00e9s \u00a0 \u00a02010. szeptember 22-ei&#8230;<\/p>\n<p class=\"more-link\"><a href=\"https:\/\/www.molnari.hu\/hr\/onkormanyzat\/testuleti-ulesek\/2010-2\/\" class=\"\"><span>Read More<\/span><i>&#43;<\/i><\/a><\/p>\n","protected":false},"author":3,"featured_media":0,"parent":40,"menu_order":0,"comment_status":"open","ping_status":"closed","template":"","meta":{"footnotes":""},"categories":[],"tags":[],"class_list":["post-52","page","type-page","status-publish","hentry"],"_links":{"self":[{"href":"https:\/\/www.molnari.hu\/hr\/wp-json\/wp\/v2\/pages\/52","targetHints":{"allow":["GET"]}}],"collection":[{"href":"https:\/\/www.molnari.hu\/hr\/wp-json\/wp\/v2\/pages"}],"about":[{"href":"https:\/\/www.molnari.hu\/hr\/wp-json\/wp\/v2\/types\/page"}],"author":[{"embeddable":true,"href":"https:\/\/www.molnari.hu\/hr\/wp-json\/wp\/v2\/users\/3"}],"replies":[{"embeddable":true,"href":"https:\/\/www.molnari.hu\/hr\/wp-json\/wp\/v2\/comments?post=52"}],"version-history":[{"count":0,"href":"https:\/\/www.molnari.hu\/hr\/wp-json\/wp\/v2\/pages\/52\/revisions"}],"up":[{"embeddable":true,"href":"https:\/\/www.molnari.hu\/hr\/wp-json\/wp\/v2\/pages\/40"}],"wp:attachment":[{"href":"https:\/\/www.molnari.hu\/hr\/wp-json\/wp\/v2\/media?parent=52"}],"wp:term":[{"taxonomy":"category","embeddable":true,"href":"https:\/\/www.molnari.hu\/hr\/wp-json\/wp\/v2\/categories?post=52"},{"taxonomy":"post_tag","embeddable":true,"href":"https:\/\/www.molnari.hu\/hr\/wp-json\/wp\/v2\/tags?post=52"}],"curies":[{"name":"wp","href":"https:\/\/api.w.org\/{rel}","templated":true}]}}