{"id":5,"date":"2012-08-30T13:19:35","date_gmt":"2012-08-30T11:19:35","guid":{"rendered":"http:\/\/teszt.arcusnet.hu\/molnari\/?page_id=5"},"modified":"2019-11-14T08:57:37","modified_gmt":"2019-11-14T07:57:37","slug":"koszonto","status":"publish","type":"page","link":"https:\/\/www.molnari.hu\/hr\/koszonto\/","title":{"rendered":"K\u00f6sz\u00f6nt\u0151"},"content":{"rendered":"<p style=\"text-align: justify;\">Nagy\u00a0szeretettel \u00e9s tisztelettel k\u00f6sz\u00f6nt\u00f6m\u00a0\u00d6nt\u00a0Moln\u00e1ri meg\u00fajult honlapj\u00e1n! A k\u00f6vetkez\u0151 oldalak megtekint\u00e9s\u00e9vel kett\u0151s c\u00e9lt szeretn\u00e9nk el\u00e9rni: egyr\u00e9szt bemutassuk telep\u00fcl\u00e9s\u00fcnket, m\u00e1sr\u00e9szt hasznos \u00e9s fontos inform\u00e1ci\u00f3k, valamint szolg\u00e1ltat\u00e1sok k\u00f6zz\u00e9t\u00e9tele r\u00e9v\u00e9n er\u0151s\u00edts\u00fck a Hivatal \u00fcgyf\u00e9lbar\u00e1t, szolg\u00e1ltat\u00f3 jelleg\u00e9t.<\/p>\n<p style=\"text-align: justify;\">Moln\u00e1ri t\u00f6rt\u00e9nete az 1321-es els\u0151 \u00edr\u00e1sos eml\u00edt\u00e9s \u00f3ta b\u0151s\u00e9ges t\u00e1rh\u00e1za annak a kitart\u00e1snak, a telep\u00fcl\u00e9shez val\u00f3 ragaszkod\u00e1snak, amely az eltelt k\u00f6zel 700 \u00e9v forradalmai s h\u00e1bor\u00fa k\u00f6z\u00f6tt is megtartotta, mindig \u00fajj\u00e1\u00e9p\u00edtette a telep\u00fcl\u00e9st. A ma j\u00f3 infrastrukt\u00far\u00e1val, kit\u0171n\u0151 f\u00f6ldrajzi adotts\u00e1gokkal rendelkez\u0151 kisfalu, t\u00f6bb mint 700 ember otthona; a Murafoly\u00f3 k\u00f6zels\u00e9ge, az \u00e9rintetlen term\u00e9szeti k\u00f6rnyezet, sz\u00e1mos lehet\u0151s\u00e9get biztos\u00edt a kikapcsol\u00f3d\u00e1sra, fel\u00fcd\u00fcl\u00e9sre.<\/p>\n<p style=\"text-align: justify;\">J\u00f3 \u00f3vod\u00e1nk, m\u0171v\u00e9szeti csoportunk, rendezv\u00e9nyeink mellett a gondozott k\u00f6ztereink, a bar\u00e1ts\u00e1gos sz\u0151l\u0151hegyi pr\u00e9sh\u00e1zak nagyszer\u0171 borai \u00e9s kiv\u00e1l\u00f3 vad\u00e1szter\u00fcletek v\u00e1rj\u00e1k a hozz\u00e1nk l\u00e1togat\u00f3kat. 2002-t\u00f6l folyamatosan siker\u00fclt megval\u00f3s\u00edtani a k\u00f6zint\u00e9zm\u00e9nyeink fel\u00faj\u00edt\u00e1s\u00e1t, fel\u00e9p\u00edtett\u00fck a l\u00e1togat\u00f3k\u00f6zpontot, ahol a Murafoly\u00f3 \u00e9l\u0151vil\u00e1g\u00e1t, valamint telep\u00fcl\u00e9s\u00fcnk hagyom\u00e1nyait, r\u00e9gi haszn\u00e1lati t\u00e1rgyait tudjuk bemutatni. Re\u00e1lisnak tartjuk, hogy a fiatalok telep\u00fcl\u00e9sr\u0151l t\u00f6rt\u00e9n\u0151 elv\u00e1ndorl\u00e1sa a k\u00f6zelj\u00f6v\u0151ben lelassul, \u00e9s fiatalos lend\u00fclettel fejleszthetj\u00fck tov\u00e1bb telep\u00fcl\u00e9s\u00fcnket.<\/p>\n<p style=\"text-align: justify;\">B\u00edzom abban, hogy honlapunk hozz\u00e1j\u00e1rul ahhoz, hogy az \u00e9rdekl\u0151d\u0151k mindig a legaktu\u00e1lisabb k\u00e9pet kapj\u00e1k telep\u00fcl\u00e9s\u00fcnkr\u0151l, annak \u00e9let\u00e9t sz\u00ednes\u00edt\u0151 rendezv\u00e9nyeir\u0151l.<\/p>\n<p style=\"text-align: left;\">Barangoljon h\u00e1t tov\u00e1bbra is kedv\u00e9re honlapunkon \u00e9s k\u00edv\u00e1nom, hogy e l\u00e1togat\u00e1s kellemes \u00e9s hasznos perceket szerezzen. Amennyiben \u00d6n m\u00e9g nem j\u00e1rt n\u00e1lunk, rem\u00e9lj\u00fck szem\u00e9lyesen is \u00fcdv\u00f6z\u00f6lhetj\u00fck telep\u00fcl\u00e9s\u00fcnk\u00f6n.<\/p>\n","protected":false},"excerpt":{"rendered":"<p>Nagy\u00a0szeretettel \u00e9s tisztelettel k\u00f6sz\u00f6nt\u00f6m\u00a0\u00d6nt\u00a0Moln\u00e1ri meg\u00fajult honlapj\u00e1n! A k\u00f6vetkez\u0151 oldalak megtekint\u00e9s\u00e9vel kett\u0151s c\u00e9lt szeretn\u00e9nk el\u00e9rni: egyr\u00e9szt bemutassuk telep\u00fcl\u00e9s\u00fcnket, m\u00e1sr\u00e9szt hasznos \u00e9s fontos inform\u00e1ci\u00f3k, valamint szolg\u00e1ltat\u00e1sok k\u00f6zz\u00e9t\u00e9tele r\u00e9v\u00e9n er\u0151s\u00edts\u00fck a Hivatal \u00fcgyf\u00e9lbar\u00e1t, szolg\u00e1ltat\u00f3 jelleg\u00e9t. Moln\u00e1ri t\u00f6rt\u00e9nete az 1321-es els\u0151 \u00edr\u00e1sos eml\u00edt\u00e9s \u00f3ta b\u0151s\u00e9ges t\u00e1rh\u00e1za annak a kitart\u00e1snak, a telep\u00fcl\u00e9shez val\u00f3 ragaszkod\u00e1snak, amely az eltelt k\u00f6zel 700 \u00e9v&#8230;<\/p>\n<p class=\"more-link\"><a href=\"https:\/\/www.molnari.hu\/hr\/koszonto\/\" class=\"\"><span>Read More<\/span><i>&#43;<\/i><\/a><\/p>\n","protected":false},"author":3,"featured_media":0,"parent":0,"menu_order":0,"comment_status":"open","ping_status":"closed","template":"","meta":{"footnotes":""},"categories":[],"tags":[],"class_list":["post-5","page","type-page","status-publish","hentry"],"_links":{"self":[{"href":"https:\/\/www.molnari.hu\/hr\/wp-json\/wp\/v2\/pages\/5","targetHints":{"allow":["GET"]}}],"collection":[{"href":"https:\/\/www.molnari.hu\/hr\/wp-json\/wp\/v2\/pages"}],"about":[{"href":"https:\/\/www.molnari.hu\/hr\/wp-json\/wp\/v2\/types\/page"}],"author":[{"embeddable":true,"href":"https:\/\/www.molnari.hu\/hr\/wp-json\/wp\/v2\/users\/3"}],"replies":[{"embeddable":true,"href":"https:\/\/www.molnari.hu\/hr\/wp-json\/wp\/v2\/comments?post=5"}],"version-history":[{"count":0,"href":"https:\/\/www.molnari.hu\/hr\/wp-json\/wp\/v2\/pages\/5\/revisions"}],"wp:attachment":[{"href":"https:\/\/www.molnari.hu\/hr\/wp-json\/wp\/v2\/media?parent=5"}],"wp:term":[{"taxonomy":"category","embeddable":true,"href":"https:\/\/www.molnari.hu\/hr\/wp-json\/wp\/v2\/categories?post=5"},{"taxonomy":"post_tag","embeddable":true,"href":"https:\/\/www.molnari.hu\/hr\/wp-json\/wp\/v2\/tags?post=5"}],"curies":[{"name":"wp","href":"https:\/\/api.w.org\/{rel}","templated":true}]}}