{"id":48,"date":"2012-08-30T15:13:53","date_gmt":"2012-08-30T13:13:53","guid":{"rendered":"http:\/\/teszt.arcusnet.hu\/molnari\/?page_id=48"},"modified":"2019-11-13T13:35:06","modified_gmt":"2019-11-13T12:35:06","slug":"letoltheto-nyomtatvanyok","status":"publish","type":"page","link":"https:\/\/www.molnari.hu\/hr\/onkormanyzat\/letoltheto-nyomtatvanyok\/","title":{"rendered":"Let\u00f6lthet\u0151 nyomtatv\u00e1nyok"},"content":{"rendered":"<h3><a href=\"https:\/\/ohp-20.asp.lgov.hu\/ugyinditas\"><strong>ELEKTRONIKUSAN KIT\u00d6LTHET\u0150 \u00c9S BENY\u00daJTHAT\u00d3 NYOMTATV\u00c1NYOK<\/strong> <\/a><\/h3>\n<p><a href=\"http:\/\/www.molnari.hu\/files\/Eg\u00e9szs\u00e9g\u00fcgyi-szolg\u00e1ltat\u00e1s-ir\u00e1nti-k\u00e9relem.pdf\" target=\"_blank\" rel=\"noopener noreferrer\"><br \/>\n<\/a><img loading=\"lazy\" decoding=\"async\" title=\"pdf\" src=\"http:\/\/www.molnari.hu\/files\/pdf.gif\" alt=\"\" width=\"16\" height=\"16\" \/>\u00a0 \u00a0<a href=\"http:\/\/www.molnari.hu\/files\/Fakiv\u00e1g\u00e1s-bejelent\u00e9se.pdf\" target=\"_blank\" rel=\"noopener noreferrer\">Fakiv\u00e1g\u00e1s bejelent\u00e9se<br \/>\n<\/a><a href=\"http:\/\/www.molnari.hu\/files\/Id\u0151skor\u00faak-j\u00e1rad\u00e9ka-ir\u00e1nti-k\u00e9relem.pdf\" target=\"_blank\" rel=\"noopener noreferrer\"><br \/>\n<\/a><img loading=\"lazy\" decoding=\"async\" title=\"pdf\" src=\"http:\/\/www.molnari.hu\/files\/pdf.gif\" alt=\"\" width=\"16\" height=\"16\" \/>\u00a0 \u00a0<a href=\"http:\/\/www.molnari.hu\/files\/J\u00f6vedelem-\u00e9s-vagyonnyilatkozat.pdf\" target=\"_blank\" rel=\"noopener noreferrer\">J\u00f6vedelem \u00e9s vagyonnyilatkozat<\/a><br \/>\n<a href=\"http:\/\/www.molnari.hu\/files\/Lak\u00e1sfenntart\u00e1si-t\u00e1mogat\u00e1s-ir\u00e1nti-k\u00e9relem.pdf\" target=\"_blank\" rel=\"noopener noreferrer\"><br \/>\n<\/a><img loading=\"lazy\" decoding=\"async\" title=\"pdf\" src=\"http:\/\/www.molnari.hu\/files\/pdf.gif\" alt=\"\" width=\"16\" height=\"16\" \/>\u00a0 \u00a0<a href=\"http:\/\/www.molnari.hu\/files\/M\u00e9hcsal\u00e1dok-bejelent\u0151-lapja.pdf\" target=\"_blank\" rel=\"noopener noreferrer\">M\u00e9hcsal\u00e1dok bejelent\u0151 lapja<br \/>\n<\/a><img loading=\"lazy\" decoding=\"async\" title=\"pdf\" src=\"http:\/\/www.molnari.hu\/files\/pdf.gif\" alt=\"\" width=\"16\" height=\"16\" \/>\u00a0 \u00a0<a href=\"http:\/\/www.molnari.hu\/files\/Nyilatkozat-nem-rendszeres-j\u00f6vedelemr\u0151l..pdf\" target=\"_blank\" rel=\"noopener noreferrer\">Nyilatkozat nem rendszeres j\u00f6vedelemr\u0151l<br \/>\n<\/a><a href=\"http:\/\/www.molnari.hu\/files\/\u00d3vod\u00e1ztat\u00e1si-t\u00e1mogat\u00e1s-ir\u00e1nti-k\u00e9relem.pdf\" target=\"_blank\" rel=\"noopener noreferrer\"><br \/>\n<\/a><img loading=\"lazy\" decoding=\"async\" title=\"pdf\" src=\"http:\/\/www.molnari.hu\/files\/pdf.gif\" alt=\"\" width=\"16\" height=\"16\" \/>\u00a0 \u00a0<a href=\"http:\/\/www.molnari.hu\/files\/Rendszeres-gyermekv\u00e9delmi-kedvezm\u00e9ny-ir\u00e1nti-k\u00e9relem.pdf\" target=\"_blank\" rel=\"noopener noreferrer\">Rendszeres gyermekv\u00e9delmi kedvezm\u00e9ny ir\u00e1nti k\u00e9relem<br \/>\n<\/a><img loading=\"lazy\" decoding=\"async\" class=\"alignnone\" title=\"pdf\" src=\"http:\/\/www.molnari.hu\/files\/pdf.gif\" alt=\"\" width=\"16\" height=\"16\" \/>\u00a0 \u00a0<a href=\"http:\/\/www.molnari.hu\/files\/BEJELENT\u00c9S-desztill\u00e1l\u00f3berendez\u00e9sr\u0151l.pdf\">BEJELENT\u00c9S desztill\u00e1l\u00f3berendez\u00e9sr\u0151l<br \/>\n<\/a><a href=\"http:\/\/www.molnari.hu\/files\/BEVALL\u00c1S-el\u0151\u00e1ll\u00edtott-mag\u00e1nf\u0151z\u00f6tt-p\u00e1rlat-ut\u00e1n.pdf\"><img loading=\"lazy\" decoding=\"async\" title=\"pdf\" src=\"http:\/\/www.molnari.hu\/files\/pdf.gif\" alt=\"\" width=\"16\" height=\"16\" \/><\/a>\u00a0 \u00a0<a href=\"http:\/\/www.molnari.hu\/files\/BEVALL\u00c1S-el\u0151\u00e1ll\u00edtott-mag\u00e1nf\u0151z\u00f6tt-p\u00e1rlat-ut\u00e1n.pdf\">BEVALL\u00c1S el\u0151\u00e1ll\u00edtott mag\u00e1nf\u0151z\u00f6tt p\u00e1rlat ut\u00e1n<br \/>\n<\/a><a href=\"http:\/\/www.molnari.hu\/files\/t\u00e1j\u00e9koztat\u00f3-helyi-j\u00f6ved\u00e9ki-ad\u00f3r\u00f3l.pdf\"><img loading=\"lazy\" decoding=\"async\" title=\"pdf\" src=\"http:\/\/www.molnari.hu\/files\/pdf.gif\" alt=\"\" width=\"16\" height=\"16\" \/><\/a>\u00a0 \u00a0<a href=\"http:\/\/www.molnari.hu\/files\/t\u00e1j\u00e9koztat\u00f3-helyi-j\u00f6ved\u00e9ki-ad\u00f3r\u00f3l.pdf\">T\u00e1j\u00e9koztat\u00f3 helyi j\u00f6ved\u00e9ki ad\u00f3r\u00f3l<\/a><\/p>\n<p>&nbsp;<\/p>\n<p><strong>F\u00f6ldhaszn\u00e1lat bejelent\u00e9s\u00e9nek v\u00e1ltoz\u00e1sa 2013.<\/strong><\/p>\n<p><img loading=\"lazy\" decoding=\"async\" title=\"pdf\" src=\"http:\/\/www.molnari.hu\/files\/pdf.gif\" alt=\"\" width=\"16\" height=\"16\" \/>\u00a0 \u00a0<a href=\"http:\/\/www.molnari.hu\/files\/F\u00f6ldhaszn\u00e1lat-bejelent\u00e9s\u00e9nek-v\u00e1ltoz\u00e1sa-2013-\u00e9v.pdf\" target=\"_blank\" rel=\"noopener noreferrer\">F\u00f6ldhaszn\u00e1lat bejelent\u00e9s\u00e9nek v\u00e1ltoz\u00e1sa 2013 \u00e9v<br \/>\n<\/a><img loading=\"lazy\" decoding=\"async\" title=\"pdf\" src=\"http:\/\/www.molnari.hu\/files\/pdf.gif\" alt=\"\" width=\"16\" height=\"16\" \/>\u00a0 \u00a0<a href=\"http:\/\/www.molnari.hu\/files\/F\u00f6ldhaszn\u00e1lati-adatk\u00f6zl\u0151.pdf\" target=\"_blank\" rel=\"noopener noreferrer\">F\u00f6ldhaszn\u00e1lati adatk\u00f6zl\u0151<\/a><\/p>\n<p><a href=\"http:\/\/www.foldhivatal.hu\/index.php?option=com_content&amp;task=view&amp;id=23&amp;Itemid=27\" target=\"_blank\" rel=\"noopener noreferrer\">A nyomtatv\u00e1nyok innen t\u00f6lthet\u0151ek le.<\/a><\/p>\n","protected":false},"excerpt":{"rendered":"<p>ELEKTRONIKUSAN KIT\u00d6LTHET\u0150 \u00c9S BENY\u00daJTHAT\u00d3 NYOMTATV\u00c1NYOK \u00a0 \u00a0Fakiv\u00e1g\u00e1s bejelent\u00e9se \u00a0 \u00a0J\u00f6vedelem \u00e9s vagyonnyilatkozat \u00a0 \u00a0M\u00e9hcsal\u00e1dok bejelent\u0151 lapja \u00a0 \u00a0Nyilatkozat nem rendszeres j\u00f6vedelemr\u0151l \u00a0 \u00a0Rendszeres gyermekv\u00e9delmi kedvezm\u00e9ny ir\u00e1nti k\u00e9relem \u00a0 \u00a0BEJELENT\u00c9S desztill\u00e1l\u00f3berendez\u00e9sr\u0151l \u00a0 \u00a0BEVALL\u00c1S el\u0151\u00e1ll\u00edtott mag\u00e1nf\u0151z\u00f6tt p\u00e1rlat ut\u00e1n \u00a0 \u00a0T\u00e1j\u00e9koztat\u00f3 helyi j\u00f6ved\u00e9ki ad\u00f3r\u00f3l &nbsp; F\u00f6ldhaszn\u00e1lat bejelent\u00e9s\u00e9nek v\u00e1ltoz\u00e1sa 2013. \u00a0 \u00a0F\u00f6ldhaszn\u00e1lat bejelent\u00e9s\u00e9nek v\u00e1ltoz\u00e1sa 2013 \u00e9v \u00a0 \u00a0F\u00f6ldhaszn\u00e1lati adatk\u00f6zl\u0151&#8230;<\/p>\n<p class=\"more-link\"><a href=\"https:\/\/www.molnari.hu\/hr\/onkormanyzat\/letoltheto-nyomtatvanyok\/\" class=\"\"><span>Read More<\/span><i>&#43;<\/i><\/a><\/p>\n","protected":false},"author":3,"featured_media":0,"parent":9,"menu_order":0,"comment_status":"open","ping_status":"closed","template":"","meta":{"footnotes":""},"categories":[],"tags":[],"class_list":["post-48","page","type-page","status-publish","hentry"],"_links":{"self":[{"href":"https:\/\/www.molnari.hu\/hr\/wp-json\/wp\/v2\/pages\/48","targetHints":{"allow":["GET"]}}],"collection":[{"href":"https:\/\/www.molnari.hu\/hr\/wp-json\/wp\/v2\/pages"}],"about":[{"href":"https:\/\/www.molnari.hu\/hr\/wp-json\/wp\/v2\/types\/page"}],"author":[{"embeddable":true,"href":"https:\/\/www.molnari.hu\/hr\/wp-json\/wp\/v2\/users\/3"}],"replies":[{"embeddable":true,"href":"https:\/\/www.molnari.hu\/hr\/wp-json\/wp\/v2\/comments?post=48"}],"version-history":[{"count":0,"href":"https:\/\/www.molnari.hu\/hr\/wp-json\/wp\/v2\/pages\/48\/revisions"}],"up":[{"embeddable":true,"href":"https:\/\/www.molnari.hu\/hr\/wp-json\/wp\/v2\/pages\/9"}],"wp:attachment":[{"href":"https:\/\/www.molnari.hu\/hr\/wp-json\/wp\/v2\/media?parent=48"}],"wp:term":[{"taxonomy":"category","embeddable":true,"href":"https:\/\/www.molnari.hu\/hr\/wp-json\/wp\/v2\/categories?post=48"},{"taxonomy":"post_tag","embeddable":true,"href":"https:\/\/www.molnari.hu\/hr\/wp-json\/wp\/v2\/tags?post=48"}],"curies":[{"name":"wp","href":"https:\/\/api.w.org\/{rel}","templated":true}]}}