{"id":46,"date":"2012-08-30T15:13:30","date_gmt":"2012-08-30T13:13:30","guid":{"rendered":"http:\/\/teszt.arcusnet.hu\/molnari\/?page_id=46"},"modified":"2018-04-15T13:10:03","modified_gmt":"2018-04-15T11:10:03","slug":"tajekoztatok","status":"publish","type":"page","link":"https:\/\/www.molnari.hu\/hr\/onkormanyzat\/tajekoztatok\/","title":{"rendered":"T\u00e1j\u00e9koztat\u00f3k"},"content":{"rendered":"<p><a href=\"https:\/\/www.molnari.hu\/files\/MOLN\u00c1RI-K\u00f6zb-Szab\u00e1lyzat.pdf\">MOLN\u00c1RI K\u00f6zs\u00e9gi \u00d6nkorm\u00e1nyzat K\u00f6zbeszerz\u00e9si Szab\u00e1lyzata<\/a><\/p>\n<p><a href=\"https:\/\/www.molnari.hu\/files\/MOLN\u00c1RI-2018-\u00e9vi-k\u00f6zbeszerz\u00e9si-terve.pdf\">MOLN\u00c1RI 2018 \u00e9vi k\u00f6zbeszerz\u00e9si terve<\/a><\/p>\n<p>&nbsp;<\/p>\n<p><a href=\"http:\/\/www.molnari.hu\/files\/lakcimbejelentes.pdf\"><img loading=\"lazy\" decoding=\"async\" title=\"pdf\" src=\"http:\/\/www.molnari.hu\/files\/pdf.gif\" alt=\"\" width=\"16\" height=\"16\" \/><\/a>\u00a0 \u00a0<a href=\"http:\/\/www.molnari.hu\/files\/lakcimbejelentes.pdf\">Lakc\u00edmbejelent\u00e9s<br \/>\n<\/a><\/p>\n<div><\/div>\n","protected":false},"excerpt":{"rendered":"<p>MOLN\u00c1RI K\u00f6zs\u00e9gi \u00d6nkorm\u00e1nyzat K\u00f6zbeszerz\u00e9si Szab\u00e1lyzata MOLN\u00c1RI 2018 \u00e9vi k\u00f6zbeszerz\u00e9si terve &nbsp; \u00a0 \u00a0Lakc\u00edmbejelent\u00e9s<\/p>\n","protected":false},"author":3,"featured_media":0,"parent":9,"menu_order":0,"comment_status":"open","ping_status":"closed","template":"","meta":{"footnotes":""},"categories":[],"tags":[],"class_list":["post-46","page","type-page","status-publish","hentry"],"_links":{"self":[{"href":"https:\/\/www.molnari.hu\/hr\/wp-json\/wp\/v2\/pages\/46","targetHints":{"allow":["GET"]}}],"collection":[{"href":"https:\/\/www.molnari.hu\/hr\/wp-json\/wp\/v2\/pages"}],"about":[{"href":"https:\/\/www.molnari.hu\/hr\/wp-json\/wp\/v2\/types\/page"}],"author":[{"embeddable":true,"href":"https:\/\/www.molnari.hu\/hr\/wp-json\/wp\/v2\/users\/3"}],"replies":[{"embeddable":true,"href":"https:\/\/www.molnari.hu\/hr\/wp-json\/wp\/v2\/comments?post=46"}],"version-history":[{"count":0,"href":"https:\/\/www.molnari.hu\/hr\/wp-json\/wp\/v2\/pages\/46\/revisions"}],"up":[{"embeddable":true,"href":"https:\/\/www.molnari.hu\/hr\/wp-json\/wp\/v2\/pages\/9"}],"wp:attachment":[{"href":"https:\/\/www.molnari.hu\/hr\/wp-json\/wp\/v2\/media?parent=46"}],"wp:term":[{"taxonomy":"category","embeddable":true,"href":"https:\/\/www.molnari.hu\/hr\/wp-json\/wp\/v2\/categories?post=46"},{"taxonomy":"post_tag","embeddable":true,"href":"https:\/\/www.molnari.hu\/hr\/wp-json\/wp\/v2\/tags?post=46"}],"curies":[{"name":"wp","href":"https:\/\/api.w.org\/{rel}","templated":true}]}}