{"id":42,"date":"2012-08-30T15:12:54","date_gmt":"2012-08-30T13:12:54","guid":{"rendered":"http:\/\/teszt.arcusnet.hu\/molnari\/?page_id=42"},"modified":"2017-03-29T10:24:52","modified_gmt":"2017-03-29T08:24:52","slug":"rendeletek","status":"publish","type":"page","link":"https:\/\/www.molnari.hu\/hr\/onkormanyzat\/rendeletek\/","title":{"rendered":"Rendeletek"},"content":{"rendered":"<h3>HAT\u00c1LYOS RENDELETEINK:<\/h3>\n<h2><span style=\"text-decoration: underline; color: #ff0000;\"><a style=\"color: #ff0000; text-decoration: underline;\" href=\"http:\/\/www.njt.hu\/njt.php?onkormanyzati_rendeletek\" target=\"_blank\">\u00a0ide kattintva\u00a0tal\u00e1lhat\u00f3k.<\/a><\/span><\/h2>\n<p><span style=\"color: #ff0000;\">(Zala Megye \u00e9s Moln\u00e1ri telep\u00fcl\u00e9s kiv\u00e1laszt\u00e1sa ut\u00e1n Moln\u00e1ri K\u00f6zs\u00e9gi \u00d6nkorm\u00e1nyzat hat\u00e1lyos rendeletei tekinthet\u0151k meg a Nemzeti Jogszab\u00e1lyt\u00e1r oldal\u00e1n)<\/span><\/p>\n<p><span style=\"text-decoration: underline;\"><span style=\"color: #800000; text-decoration: underline;\">R\u00e9gebbi rendeleteink:<\/span><\/span><\/p>\n<p><img loading=\"lazy\" decoding=\"async\" class=\"alignnone size-full wp-image-191\" title=\"pdf\" src=\"http:\/\/www.molnari.hu\/files\/pdf.gif\" alt=\"\" width=\"16\" height=\"16\" \/>\u00a0 \u00a0<a href=\"http:\/\/www.molnari.hu\/files\/14-2008.-Helyi-\u00e9p\u00edt\u00e9si-szab\u00e1lyzatr\u00f3l-rendelet.pdf\" target=\"_blank\">2008. Helyi \u00e9p\u00edt\u00e9si szab\u00e1lyzatr\u00f3l rendelet<br \/>\n<\/a><img loading=\"lazy\" decoding=\"async\" title=\"pdf\" src=\"http:\/\/www.molnari.hu\/files\/pdf.gif\" alt=\"\" width=\"16\" height=\"16\" \/>\u00a0 \u00a0<a href=\"http:\/\/www.molnari.hu\/files\/12-2008.-\u00dczletek-\u00e9jszakai-nyitva-tart\u00e1sa.pdf\" target=\"_blank\">2008. \u00dczletek \u00e9jszakai nyitva tart\u00e1sa<\/a><a href=\"http:\/\/www.molnari.hu\/files\/14-2008.-Helyi-\u00e9p\u00edt\u00e9si-szab\u00e1lyzatr\u00f3l-rendelet.pdf\" target=\"_blank\"><br \/>\n<\/a><img loading=\"lazy\" decoding=\"async\" title=\"pdf\" src=\"http:\/\/www.molnari.hu\/files\/pdf.gif\" alt=\"\" width=\"16\" height=\"16\" \/>\u00a0 \u00a0<a href=\"http:\/\/www.molnari.hu\/files\/11-2009.-Hullad\u00e9ksz\u00e1ll\u00edt\u00e1s.pdf\" target=\"_blank\">2009. Hullad\u00e9ksz\u00e1ll\u00edt\u00e1s<\/a><a href=\"http:\/\/www.molnari.hu\/files\/14-2008.-Helyi-\u00e9p\u00edt\u00e9si-szab\u00e1lyzatr\u00f3l-rendelet.pdf\" target=\"_blank\"><br \/>\n<\/a><img loading=\"lazy\" decoding=\"async\" title=\"pdf\" src=\"http:\/\/www.molnari.hu\/files\/pdf.gif\" alt=\"\" width=\"16\" height=\"16\" \/>\u00a0 \u00a0<a href=\"http:\/\/www.molnari.hu\/files\/10-2009.-Kommun\u00e1lis-ad\u00f3.pdf\" target=\"_blank\">2009. Kommun\u00e1lis ad\u00f3<\/a><a href=\"http:\/\/www.molnari.hu\/files\/14-2008.-Helyi-\u00e9p\u00edt\u00e9si-szab\u00e1lyzatr\u00f3l-rendelet.pdf\" target=\"_blank\"><br \/>\n<\/a><img loading=\"lazy\" decoding=\"async\" title=\"pdf\" src=\"http:\/\/www.molnari.hu\/files\/pdf.gif\" alt=\"\" width=\"16\" height=\"16\" \/>\u00a0 \u00a0<a href=\"http:\/\/www.molnari.hu\/files\/8-2006.-Gyermekv\u00e9delmi-rendelet-2006.-VIII.-09..pdf\" target=\"_blank\">2006. Gyermekv\u00e9delmi rendelet 2006. VIII. 09.<\/a><a href=\"http:\/\/www.molnari.hu\/files\/14-2008.-Helyi-\u00e9p\u00edt\u00e9si-szab\u00e1lyzatr\u00f3l-rendelet.pdf\" target=\"_blank\"><br \/>\n<\/a><img loading=\"lazy\" decoding=\"async\" title=\"pdf\" src=\"http:\/\/www.molnari.hu\/files\/pdf.gif\" alt=\"\" width=\"16\" height=\"16\" \/>\u00a0 \u00a0<a href=\"http:\/\/www.molnari.hu\/files\/7-2012.-\u00e9vi-k\u00f6lts\u00e9gvet\u00e9s-m\u00f3dos\u00edt\u00e1s.pdf\" target=\"_blank\">2012. \u00e9vi k\u00f6lts\u00e9gvet\u00e9s m\u00f3dos\u00edt\u00e1s<\/a><a href=\"http:\/\/www.molnari.hu\/files\/14-2008.-Helyi-\u00e9p\u00edt\u00e9si-szab\u00e1lyzatr\u00f3l-rendelet.pdf\" target=\"_blank\"><br \/>\n<\/a><img loading=\"lazy\" decoding=\"async\" title=\"pdf\" src=\"http:\/\/www.molnari.hu\/files\/pdf.gif\" alt=\"\" width=\"16\" height=\"16\" \/>\u00a0 \u00a0<a href=\"http:\/\/www.molnari.hu\/files\/7-2009.-\u00c9tkez\u00e9si-rendelet.pdf\" target=\"_blank\">2009. \u00c9tkez\u00e9si rendelet<\/a><a href=\"http:\/\/www.molnari.hu\/files\/14-2008.-Helyi-\u00e9p\u00edt\u00e9si-szab\u00e1lyzatr\u00f3l-rendelet.pdf\" target=\"_blank\"><br \/>\n<\/a><img loading=\"lazy\" decoding=\"async\" title=\"pdf\" src=\"http:\/\/www.molnari.hu\/files\/pdf.gif\" alt=\"\" width=\"16\" height=\"16\" \/>\u00a0 \u00a0<a href=\"http:\/\/www.molnari.hu\/files\/6-2012.-K\u00f6ztisztas\u00e1gi-rendelet.pdf\" target=\"_blank\">2012. K\u00f6ztisztas\u00e1gi rendelet<\/a><a href=\"http:\/\/www.molnari.hu\/files\/14-2008.-Helyi-\u00e9p\u00edt\u00e9si-szab\u00e1lyzatr\u00f3l-rendelet.pdf\" target=\"_blank\"><br \/>\n<\/a><img loading=\"lazy\" decoding=\"async\" title=\"pdf\" src=\"http:\/\/www.molnari.hu\/files\/pdf.gif\" alt=\"\" width=\"16\" height=\"16\" \/>\u00a0 \u00a0<a href=\"http:\/\/www.molnari.hu\/files\/6-2009.-K\u00f6zter\u00fclet-rendelet.pdf\" target=\"_blank\">2009. K\u00f6zter\u00fclet rendelet<\/a><a href=\"http:\/\/www.molnari.hu\/files\/14-2008.-Helyi-\u00e9p\u00edt\u00e9si-szab\u00e1lyzatr\u00f3l-rendelet.pdf\" target=\"_blank\"><br \/>\n<\/a><img loading=\"lazy\" decoding=\"async\" title=\"pdf\" src=\"http:\/\/www.molnari.hu\/files\/pdf.gif\" alt=\"\" width=\"16\" height=\"16\" \/>\u00a0 \u00a0<a href=\"http:\/\/www.molnari.hu\/files\/5-2012.-K\u00f6z\u00f6ss\u00e9gellenes-rendelet.pdf\" target=\"_blank\">2012. K\u00f6z\u00f6ss\u00e9gellenes rendelet<\/a><a href=\"http:\/\/www.molnari.hu\/files\/14-2008.-Helyi-\u00e9p\u00edt\u00e9si-szab\u00e1lyzatr\u00f3l-rendelet.pdf\" target=\"_blank\"><br \/>\n<\/a><img loading=\"lazy\" decoding=\"async\" title=\"pdf\" src=\"http:\/\/www.molnari.hu\/files\/pdf.gif\" alt=\"\" width=\"16\" height=\"16\" \/>\u00a0 \u00a0<a href=\"http:\/\/www.molnari.hu\/files\/4-2012.-szab\u00e1lys\u00e9rt\u00e9si-rendelkez\u00e9sek-hat\u00e1lytalan\u00edt\u00f3-rendelet.pdf\" target=\"_blank\">2012. szab\u00e1lys\u00e9rt\u00e9si rendelkez\u00e9sek hat\u00e1lytalan\u00edt\u00f3 rendelet<\/a><a href=\"http:\/\/www.molnari.hu\/files\/14-2008.-Helyi-\u00e9p\u00edt\u00e9si-szab\u00e1lyzatr\u00f3l-rendelet.pdf\" target=\"_blank\"><br \/>\n<\/a><img loading=\"lazy\" decoding=\"async\" title=\"pdf\" src=\"http:\/\/www.molnari.hu\/files\/pdf.gif\" alt=\"\" width=\"16\" height=\"16\" \/>\u00a0 \u00a0<a href=\"http:\/\/www.molnari.hu\/files\/4-2009.-\u00e9vi-Egys\u00e9ges-szoci\u00e1lis-rendelet.pdf\" target=\"_blank\">2009. \u00e9vi Egys\u00e9ges szoci\u00e1lis rendelet<\/a><a href=\"http:\/\/www.molnari.hu\/files\/14-2008.-Helyi-\u00e9p\u00edt\u00e9si-szab\u00e1lyzatr\u00f3l-rendelet.pdf\" target=\"_blank\"><br \/>\n<\/a><img loading=\"lazy\" decoding=\"async\" title=\"pdf\" src=\"http:\/\/www.molnari.hu\/files\/pdf.gif\" alt=\"\" width=\"16\" height=\"16\" \/>\u00a0 \u00a0<a href=\"http:\/\/www.molnari.hu\/files\/3-2012-2011.-\u00e9vi-z\u00e1rsz\u00e1mad\u00e1si-rendelet.pdf\" target=\"_blank\">2012 2011. \u00e9vi z\u00e1rsz\u00e1mad\u00e1si rendelet<\/a><a href=\"http:\/\/www.molnari.hu\/files\/14-2008.-Helyi-\u00e9p\u00edt\u00e9si-szab\u00e1lyzatr\u00f3l-rendelet.pdf\" target=\"_blank\"><br \/>\n<\/a><img loading=\"lazy\" decoding=\"async\" title=\"pdf\" src=\"http:\/\/www.molnari.hu\/files\/pdf.gif\" alt=\"\" width=\"16\" height=\"16\" \/>\u00a0 \u00a0<a href=\"http:\/\/www.molnari.hu\/files\/3-2008.-\u00fczletek-nyitvatart\u00e1sa.pdf\" target=\"_blank\">2008. \u00fczletek nyitvatart\u00e1sa<\/a><a href=\"http:\/\/www.molnari.hu\/files\/14-2008.-Helyi-\u00e9p\u00edt\u00e9si-szab\u00e1lyzatr\u00f3l-rendelet.pdf\" target=\"_blank\"><br \/>\n<\/a><img loading=\"lazy\" decoding=\"async\" title=\"pdf\" src=\"http:\/\/www.molnari.hu\/files\/pdf.gif\" alt=\"\" width=\"16\" height=\"16\" \/>\u00a0 \u00a0<a href=\"http:\/\/www.molnari.hu\/files\/2-2012.-2012.-\u00e9vi-k\u00f6lts\u00e9gvet\u00e9s-Moln\u00e1ri.pdf\" target=\"_blank\">2012. 2012. \u00e9vi k\u00f6lts\u00e9gvet\u00e9s Moln\u00e1ri<\/a><a href=\"http:\/\/www.molnari.hu\/files\/14-2008.-Helyi-\u00e9p\u00edt\u00e9si-szab\u00e1lyzatr\u00f3l-rendelet.pdf\" target=\"_blank\"><br \/>\n<\/a><img loading=\"lazy\" decoding=\"async\" title=\"pdf\" src=\"http:\/\/www.molnari.hu\/files\/pdf.gif\" alt=\"\" width=\"16\" height=\"16\" \/>\u00a0 \u00a0<a href=\"http:\/\/www.molnari.hu\/files\/2-2011.-\u00e9vi-Hullad\u00e9k-rend.-m\u00f3d.pdf\" target=\"_blank\">2011. \u00e9vi Hullad\u00e9k rend. m\u00f3d<\/a><a href=\"http:\/\/www.molnari.hu\/files\/14-2008.-Helyi-\u00e9p\u00edt\u00e9si-szab\u00e1lyzatr\u00f3l-rendelet.pdf\" target=\"_blank\"><br \/>\n<\/a><img loading=\"lazy\" decoding=\"async\" title=\"pdf\" src=\"http:\/\/www.molnari.hu\/files\/pdf.gif\" alt=\"\" width=\"16\" height=\"16\" \/>\u00a0 \u00a0<a href=\"http:\/\/www.molnari.hu\/files\/1-2012.-v\u00edzd\u00edj-hat.k\u00edv\u0171l.pdf\" target=\"_blank\">2012. v\u00edzd\u00edj hat.k\u00edv\u0171l<\/a><a href=\"http:\/\/www.molnari.hu\/files\/14-2008.-Helyi-\u00e9p\u00edt\u00e9si-szab\u00e1lyzatr\u00f3l-rendelet.pdf\" target=\"_blank\"><br \/>\n<\/a><img loading=\"lazy\" decoding=\"async\" title=\"pdf\" src=\"http:\/\/www.molnari.hu\/files\/pdf.gif\" alt=\"\" width=\"16\" height=\"16\" \/>\u00a0 \u00a0<a href=\"http:\/\/www.molnari.hu\/files\/1-2011.-K\u00e9pvisel\u0151k-tiszteletd\u00edj\u00e1r\u00f3l.pdf\" target=\"_blank\">2011. K\u00e9pvisel\u0151k tiszteletd\u00edj\u00e1r\u00f3l<\/a><a href=\"http:\/\/www.molnari.hu\/files\/14-2008.-Helyi-\u00e9p\u00edt\u00e9si-szab\u00e1lyzatr\u00f3l-rendelet.pdf\" target=\"_blank\"><br \/>\n<\/a><img loading=\"lazy\" decoding=\"async\" title=\"pdf\" src=\"http:\/\/www.molnari.hu\/files\/pdf.gif\" alt=\"\" width=\"16\" height=\"16\" \/>\u00a0 \u00a0<a href=\"http:\/\/www.molnari.hu\/files\/1-2010.-Hullad\u00e9k-m\u00f3dos\u00edt\u00e1s.pdf\" target=\"_blank\">2010. Hullad\u00e9k m\u00f3dos\u00edt\u00e1s<\/a><a href=\"http:\/\/www.molnari.hu\/files\/14-2008.-Helyi-\u00e9p\u00edt\u00e9si-szab\u00e1lyzatr\u00f3l-rendelet.pdf\" target=\"_blank\"><br \/>\n<\/a><img loading=\"lazy\" decoding=\"async\" title=\"pdf\" src=\"http:\/\/www.molnari.hu\/files\/pdf.gif\" alt=\"\" width=\"16\" height=\"16\" \/>\u00a0 \u00a0<a href=\"http:\/\/www.molnari.hu\/files\/A-helyi-ipar\u0171z\u00e9si-ad\u00f3r\u00f3l.pdf\" target=\"_blank\">A helyi ipar\u0171z\u00e9si ad\u00f3r\u00f3l<\/a><a href=\"http:\/\/www.molnari.hu\/files\/14-2008.-Helyi-\u00e9p\u00edt\u00e9si-szab\u00e1lyzatr\u00f3l-rendelet.pdf\" target=\"_blank\"><br \/>\n<\/a><img loading=\"lazy\" decoding=\"async\" title=\"pdf\" src=\"http:\/\/www.molnari.hu\/files\/pdf.gif\" alt=\"\" width=\"16\" height=\"16\" \/>\u00a0 \u00a0<a href=\"http:\/\/www.molnari.hu\/files\/K\u00f6zm\u0171vel\u0151d\u00e9si-rendelet.pdf\" target=\"_blank\">K\u00f6zm\u0171vel\u0151d\u00e9si rendelet<\/a><a href=\"http:\/\/www.molnari.hu\/files\/14-2008.-Helyi-\u00e9p\u00edt\u00e9si-szab\u00e1lyzatr\u00f3l-rendelet.pdf\" target=\"_blank\"><br \/>\n<\/a><img loading=\"lazy\" decoding=\"async\" title=\"pdf\" src=\"http:\/\/www.molnari.hu\/files\/pdf.gif\" alt=\"\" width=\"16\" height=\"16\" \/>\u00a0 \u00a0<a href=\"http:\/\/www.molnari.hu\/files\/K\u00f6ztemet\u0151-rendelet-m\u00f3dos\u00edt\u00e1s-2008.-05.-21..pdf\" target=\"_blank\">K\u00f6ztemet\u0151 rendelet m\u00f3dos\u00edt\u00e1s 2008. 05. 21.<\/a><a href=\"http:\/\/www.molnari.hu\/files\/14-2008.-Helyi-\u00e9p\u00edt\u00e9si-szab\u00e1lyzatr\u00f3l-rendelet.pdf\" target=\"_blank\"><br \/>\n<\/a><img loading=\"lazy\" decoding=\"async\" title=\"pdf\" src=\"http:\/\/www.molnari.hu\/files\/pdf.gif\" alt=\"\" width=\"16\" height=\"16\" \/>\u00a0 \u00a0<a href=\"http:\/\/www.molnari.hu\/files\/K\u00f6ztemet\u0151-rendelet.pdf\" target=\"_blank\">K\u00f6ztemet\u0151 rendelet<br \/>\n<\/a><img loading=\"lazy\" decoding=\"async\" title=\"pdf\" src=\"http:\/\/www.molnari.hu\/files\/pdf.gif\" alt=\"\" width=\"16\" height=\"16\" \/>\u00a0 \u00a0<a href=\"http:\/\/www.molnari.hu\/files\/Lak\u00e1s-v\u00e1s\u00e1s\u00e1rl\u00e1s-rendelet.pdf\" target=\"_blank\">Lak\u00e1s v\u00e1s\u00e1s\u00e1rl\u00e1s rendelet<\/a><a href=\"http:\/\/www.molnari.hu\/files\/14-2008.-Helyi-\u00e9p\u00edt\u00e9si-szab\u00e1lyzatr\u00f3l-rendelet.pdf\" target=\"_blank\"><br \/>\n<\/a><img loading=\"lazy\" decoding=\"async\" title=\"pdf\" src=\"http:\/\/www.molnari.hu\/files\/pdf.gif\" alt=\"\" width=\"16\" height=\"16\" \/>\u00a0 \u00a0<a href=\"http:\/\/www.molnari.hu\/files\/Luxus-ad\u00f3.pdf\" target=\"_blank\">Luxus ad\u00f3<\/a><a href=\"http:\/\/www.molnari.hu\/files\/14-2008.-Helyi-\u00e9p\u00edt\u00e9si-szab\u00e1lyzatr\u00f3l-rendelet.pdf\" target=\"_blank\"><br \/>\n<\/a><img loading=\"lazy\" decoding=\"async\" title=\"pdf\" src=\"http:\/\/www.molnari.hu\/files\/pdf.gif\" alt=\"\" width=\"16\" height=\"16\" \/>\u00a0 \u00a0<a href=\"http:\/\/www.molnari.hu\/files\/N\u00e9pszavaz\u00e1sr\u00f3l-n\u00e9pi-kezdem\u00e9nyez\u00e9r\u0151l-rendelet.pdf\" target=\"_blank\">N\u00e9pszavaz\u00e1sr\u00f3l, n\u00e9pi kezdem\u00e9nyez\u00e9r\u0151l rendelet<\/a><a href=\"http:\/\/www.molnari.hu\/files\/14-2008.-Helyi-\u00e9p\u00edt\u00e9si-szab\u00e1lyzatr\u00f3l-rendelet.pdf\" target=\"_blank\"><br \/>\n<\/a><img loading=\"lazy\" decoding=\"async\" title=\"pdf\" src=\"http:\/\/www.molnari.hu\/files\/pdf.gif\" alt=\"\" width=\"16\" height=\"16\" \/>\u00a0 \u00a0<a href=\"http:\/\/www.molnari.hu\/files\/SZMSZ-14-2006-Akt..pdf\" target=\"_blank\">SZMSZ 14-2006 Akt.<\/a><a href=\"http:\/\/www.molnari.hu\/files\/14-2008.-Helyi-\u00e9p\u00edt\u00e9si-szab\u00e1lyzatr\u00f3l-rendelet.pdf\" target=\"_blank\"><br \/>\n<\/a><img loading=\"lazy\" decoding=\"async\" title=\"pdf\" src=\"http:\/\/www.molnari.hu\/files\/pdf.gif\" alt=\"\" width=\"16\" height=\"16\" \/>\u00a0 \u00a0<a href=\"http:\/\/www.molnari.hu\/files\/Talajterhel\u00e9si-rendelet.pdf\" target=\"_blank\">Talajterhel\u00e9si rendelet<\/a><a href=\"http:\/\/www.molnari.hu\/files\/14-2008.-Helyi-\u00e9p\u00edt\u00e9si-szab\u00e1lyzatr\u00f3l-rendelet.pdf\" target=\"_blank\"><br \/>\n<\/a><img loading=\"lazy\" decoding=\"async\" title=\"pdf\" src=\"http:\/\/www.molnari.hu\/files\/pdf.gif\" alt=\"\" width=\"16\" height=\"16\" \/>\u00a0 \u00a0<a href=\"http:\/\/www.molnari.hu\/files\/Vagyongazd\u00e1lkod\u00e1si-rendelet.pdf\" target=\"_blank\">Vagyongazd\u00e1lkod\u00e1si rendelet<br \/>\n<\/a><img loading=\"lazy\" decoding=\"async\" title=\"pdf\" src=\"http:\/\/www.molnari.hu\/files\/pdf.gif\" alt=\"\" width=\"16\" height=\"16\" \/>\u00a0 \u00a0<a href=\"http:\/\/www.molnari.hu\/files\/2012.-hullad\u00e9k-rendelet-m\u00f3dos\u00edt\u00e1s.pdf\" target=\"_blank\">2012. hullad\u00e9k rendelet m\u00f3dos\u00edt\u00e1s<\/a><a href=\"http:\/\/www.molnari.hu\/files\/Vagyongazd\u00e1lkod\u00e1si-rendelet.pdf\" target=\"_blank\"><br \/>\n<\/a><img loading=\"lazy\" decoding=\"async\" title=\"pdf\" src=\"http:\/\/www.molnari.hu\/files\/pdf.gif\" alt=\"\" width=\"16\" height=\"16\" \/>\u00a0 \u00a0<a href=\"http:\/\/www.molnari.hu\/files\/2012.-SZMSZ-m\u00f3dos\u00edt\u00e1s.pdf\" target=\"_blank\">2012. SZMSZ m\u00f3dos\u00edt\u00e1s<\/a><a href=\"http:\/\/www.molnari.hu\/files\/Vagyongazd\u00e1lkod\u00e1si-rendelet.pdf\" target=\"_blank\"><br \/>\n<\/a><img loading=\"lazy\" decoding=\"async\" title=\"pdf\" src=\"http:\/\/www.molnari.hu\/files\/pdf.gif\" alt=\"\" width=\"16\" height=\"16\" \/>\u00a0 \u00a0<a href=\"http:\/\/www.molnari.hu\/files\/2012.-tiltott-k\u00f6z\u00f6ss\u00e9gell.-hat\u00e1jon-k\u00edv\u00fcl-helyez\u00e9se.pdf\" target=\"_blank\">2012. tiltott k\u00f6z\u00f6ss\u00e9gell. hat\u00e1jon k\u00edv\u00fcl helyez\u00e9se<br \/>\n<\/a><img loading=\"lazy\" decoding=\"async\" title=\"pdf\" src=\"http:\/\/www.molnari.hu\/files\/pdf.gif\" alt=\"\" width=\"16\" height=\"16\" \/>\u00a0 \u00a0<a href=\"http:\/\/www.molnari.hu\/files\/2013.-Szoci\u00e1lis-rendelet-.pdf\" target=\"_blank\">2013. Szoci\u00e1lis rendelet<\/a><a href=\"http:\/\/www.molnari.hu\/files\/2012.-tiltott-k\u00f6z\u00f6ss\u00e9gell.-hat\u00e1jon-k\u00edv\u00fcl-helyez\u00e9se.pdf\" target=\"_blank\"><br \/>\n<\/a><img loading=\"lazy\" decoding=\"async\" title=\"pdf\" src=\"http:\/\/www.molnari.hu\/files\/pdf.gif\" alt=\"\" width=\"16\" height=\"16\" \/>\u00a0 \u00a0<a href=\"http:\/\/www.molnari.hu\/files\/2013.-Hullad\u00e9k-rendelet-m\u00f3dos\u00edt\u00e1s.pdf\" target=\"_blank\">2013. Hullad\u00e9k rendelet m\u00f3dos\u00edt\u00e1s<br \/>\n<\/a><img loading=\"lazy\" decoding=\"async\" title=\"pdf\" src=\"http:\/\/www.molnari.hu\/files\/pdf.gif\" alt=\"\" width=\"16\" height=\"16\" \/>\u00a0 \u00a0<a href=\"http:\/\/www.molnari.hu\/files\/2013.-SZMSZ.pdf\" target=\"_blank\">2013. SZMSZ<\/a><a href=\"http:\/\/www.molnari.hu\/files\/2013.-Hullad\u00e9k-rendelet-m\u00f3dos\u00edt\u00e1s.pdf\" target=\"_blank\"><br \/>\n<\/a><img loading=\"lazy\" decoding=\"async\" title=\"pdf\" src=\"http:\/\/www.molnari.hu\/files\/pdf.gif\" alt=\"\" width=\"16\" height=\"16\" \/>\u00a0 \u00a0<a href=\"http:\/\/www.molnari.hu\/files\/2013.-vagyonrendelet.pdf\" target=\"_blank\">2013. vagyonrendelet<br \/>\n<img loading=\"lazy\" decoding=\"async\" title=\"pdf\" src=\"http:\/\/www.molnari.hu\/files\/pdf.gif\" alt=\"\" width=\"16\" height=\"16\" \/><\/a>\u00a0 \u00a0<a href=\"http:\/\/www.molnari.hu\/files\/2013.-Filmrendelet.pdf\" target=\"_blank\">2013. Filmrendelet<\/a><br \/>\n<img loading=\"lazy\" decoding=\"async\" title=\"pdf\" src=\"http:\/\/www.molnari.hu\/files\/pdf.gif\" alt=\"\" width=\"16\" height=\"16\" \/>\u00a0 \u00a0<a href=\"http:\/\/www.molnari.hu\/files\/2013.-Moln\u00e1ri-k\u00f6lts\u00e9gvet\u00e9si-rendelet-m\u00f3dos\u00edt\u00e1sa.pdf\" target=\"_blank\">2013. Moln\u00e1ri k\u00f6lts\u00e9gvet\u00e9si rendelet m\u00f3dos\u00edt\u00e1sa<\/a><br \/>\n<img loading=\"lazy\" decoding=\"async\" title=\"pdf\" src=\"http:\/\/www.molnari.hu\/files\/pdf.gif\" alt=\"\" width=\"16\" height=\"16\" \/>\u00a0 \u00a0<a href=\"http:\/\/www.molnari.hu\/files\/2013.-SZMSZ-m\u00f3dos\u00edt\u00e1s-\u00e9rt\u00e9kt\u00e1r.pdf\" target=\"_blank\">2013. SZMSZ m\u00f3dos\u00edt\u00e1s \u00e9rt\u00e9kt\u00e1r<br \/>\n<img loading=\"lazy\" decoding=\"async\" title=\"pdf\" src=\"http:\/\/www.molnari.hu\/files\/pdf.gif\" alt=\"\" width=\"16\" height=\"16\" \/><\/a>\u00a0 \u00a0<a href=\"http:\/\/www.molnari.hu\/files\/2013.-A-helyi-ipar\u0171z\u00e9si-ad\u00f3-m\u00f3dos\u00edt\u00e1s\u00e1r\u00f3l.pdf\" target=\"_blank\">2013. A helyi ipar\u0171z\u00e9si ad\u00f3 m\u00f3dos\u00edt\u00e1s\u00e1r\u00f3l<\/a><a href=\"http:\/\/www.molnari.hu\/files\/14-2008.-Helyi-\u00e9p\u00edt\u00e9si-szab\u00e1lyzatr\u00f3l-rendelet.pdf\" target=\"_blank\"><br \/>\n<\/a><\/p>\n","protected":false},"excerpt":{"rendered":"<p>HAT\u00c1LYOS RENDELETEINK: \u00a0ide kattintva\u00a0tal\u00e1lhat\u00f3k. (Zala Megye \u00e9s Moln\u00e1ri telep\u00fcl\u00e9s kiv\u00e1laszt\u00e1sa ut\u00e1n Moln\u00e1ri K\u00f6zs\u00e9gi \u00d6nkorm\u00e1nyzat hat\u00e1lyos rendeletei tekinthet\u0151k meg a Nemzeti Jogszab\u00e1lyt\u00e1r oldal\u00e1n) R\u00e9gebbi rendeleteink: \u00a0 \u00a02008. Helyi \u00e9p\u00edt\u00e9si szab\u00e1lyzatr\u00f3l rendelet \u00a0 \u00a02008. \u00dczletek \u00e9jszakai nyitva tart\u00e1sa \u00a0 \u00a02009. Hullad\u00e9ksz\u00e1ll\u00edt\u00e1s \u00a0 \u00a02009. Kommun\u00e1lis ad\u00f3 \u00a0 \u00a02006. Gyermekv\u00e9delmi rendelet 2006. VIII. 09. \u00a0 \u00a02012. \u00e9vi k\u00f6lts\u00e9gvet\u00e9s m\u00f3dos\u00edt\u00e1s&#8230;<\/p>\n<p class=\"more-link\"><a href=\"https:\/\/www.molnari.hu\/hr\/onkormanyzat\/rendeletek\/\" class=\"\"><span>Read More<\/span><i>&#43;<\/i><\/a><\/p>\n","protected":false},"author":3,"featured_media":0,"parent":9,"menu_order":0,"comment_status":"open","ping_status":"closed","template":"","meta":{"footnotes":""},"categories":[],"tags":[],"class_list":["post-42","page","type-page","status-publish","hentry"],"_links":{"self":[{"href":"https:\/\/www.molnari.hu\/hr\/wp-json\/wp\/v2\/pages\/42","targetHints":{"allow":["GET"]}}],"collection":[{"href":"https:\/\/www.molnari.hu\/hr\/wp-json\/wp\/v2\/pages"}],"about":[{"href":"https:\/\/www.molnari.hu\/hr\/wp-json\/wp\/v2\/types\/page"}],"author":[{"embeddable":true,"href":"https:\/\/www.molnari.hu\/hr\/wp-json\/wp\/v2\/users\/3"}],"replies":[{"embeddable":true,"href":"https:\/\/www.molnari.hu\/hr\/wp-json\/wp\/v2\/comments?post=42"}],"version-history":[{"count":0,"href":"https:\/\/www.molnari.hu\/hr\/wp-json\/wp\/v2\/pages\/42\/revisions"}],"up":[{"embeddable":true,"href":"https:\/\/www.molnari.hu\/hr\/wp-json\/wp\/v2\/pages\/9"}],"wp:attachment":[{"href":"https:\/\/www.molnari.hu\/hr\/wp-json\/wp\/v2\/media?parent=42"}],"wp:term":[{"taxonomy":"category","embeddable":true,"href":"https:\/\/www.molnari.hu\/hr\/wp-json\/wp\/v2\/categories?post=42"},{"taxonomy":"post_tag","embeddable":true,"href":"https:\/\/www.molnari.hu\/hr\/wp-json\/wp\/v2\/tags?post=42"}],"curies":[{"name":"wp","href":"https:\/\/api.w.org\/{rel}","templated":true}]}}