{"id":38,"date":"2012-08-30T15:12:15","date_gmt":"2012-08-30T13:12:15","guid":{"rendered":"http:\/\/teszt.arcusnet.hu\/molnari\/?page_id=38"},"modified":"2022-11-02T21:32:13","modified_gmt":"2022-11-02T20:32:13","slug":"korjegyzoseg","status":"publish","type":"page","link":"https:\/\/www.molnari.hu\/hr\/onkormanyzat\/korjegyzoseg\/","title":{"rendered":"K\u00f6z\u00f6s Hivatal"},"content":{"rendered":"<h2 style=\"text-align: center;\"><strong><a href=\"http:\/\/www.semjenhaza.hu\/kozos-hivatal\/semjenhazai-kozos-onkormanyzati-hivatal\" target=\"_blank\" rel=\"noopener noreferrer\">Semj\u00e9nh\u00e1zai K\u00f6z\u00f6s \u00d6nkorm\u00e1nyzati Hivatal <\/a><\/strong><\/h2>\n<p style=\"text-align: center;\">[box] www.semjenhaza.hu\/kozoshivatal[\/box]<\/p>\n<p style=\"text-align: center;\"><strong>Jegyz\u0151<\/strong><\/p>\n<p style=\"text-align: center;\"><strong>Dr. J\u00f3zsa Csilla<\/strong><\/p>\n<p style=\"text-align: center;\"><em>Mobil: 06 30 6412067, \u00a0E-mail: jegyzo@semjenhaza.hu<\/em><\/p>\n<p style=\"text-align: center;\"><strong>K\u00f6z\u00f6s Hivatal k\u00f6ztisztvisel\u0151i<\/strong><\/p>\n<p style=\"text-align: center;\"><strong>Kardos M\u00e1rta<\/strong> ad\u00f3\u00fcgyi el\u0151ad\u00f3 (Petriventei Hivatal)<\/p>\n<p style=\"text-align: center;\"><em>Tel: 93\/351-009, \u00a0E-mail: ado@semjenhaza.hu<\/em><\/p>\n<p style=\"text-align: center;\"><strong>Cseke Szilvia<\/strong> igazgat\u00e1si el\u0151ad\u00f3 (Semj\u00e9nh\u00e1zai Hivatal)<\/p>\n<p style=\"text-align: center;\"><em>Tel: 93\/383-301, \u00a0E-mail: onkormanyzat@semjenhaza.hu<\/em><\/p>\n<p style=\"text-align: center;\"><strong>Balogh Anett<\/strong> igazgat\u00e1si el\u0151ad\u00f3 (Moln\u00e1ri Hivatal)<\/p>\n<p style=\"text-align: center;\"><em>Tel: 93\/383-203, \u00a0 E-mail: onkormanyzat@molnari.hu<\/em><\/p>\n<p style=\"text-align: center;\"><strong>Tak\u00e1csn\u00e9 Koll\u00e1r Viola<\/strong> p\u00e9nz\u00fcgyi el\u0151ad\u00f3 (Semj\u00e9nh\u00e1zai Hivatal)<\/p>\n<p style=\"text-align: center;\"><em>Tel: 93\/383-301, \u00a0E-mail: penzugy@semjenhaza.hu<\/em><\/p>\n<p style=\"text-align: center;\"><strong>Cs\u00e1ji Rita\u00a0<\/strong> munka\u00fcgyi el\u0151ad\u00f3 (Semj\u00e9nh\u00e1zai Hivatal)<\/p>\n<p style=\"text-align: center;\"><em>Tel: 93\/383-301, \u00a0 E-mail: munkaugy@semjenhaza.hu<\/em><\/p>\n<h2 style=\"text-align: center;\"><strong>\u00dcgyf\u00e9lfogad\u00e1si rendje<\/strong><\/h2>\n<p style=\"text-align: center;\"><strong>Semj\u00e9nh\u00e1zai k\u00f6zponti hivatal \u00fcgyf\u00e9lfogad\u00e1si rendje:<\/strong><br \/>\nH\u00e9tf\u0151: 08.00-12.00<br \/>\nKedd: 13.00 \u2013 16.00<br \/>\nSzerda: 08.00-12.00<br \/>\nCs\u00fct\u00f6rt\u00f6k: nincs \u00fcgyf\u00e9lfogad\u00e1s<br \/>\nP\u00e9ntek: 08.00-12.00<\/p>\n<p style=\"text-align: center;\"><strong>Semj\u00e9nh\u00e1zai K\u00f6z\u00f6s \u00d6nkorm\u00e1nyzati Hivatal Moln\u00e1ri Hivatala \u00fcgyf\u00e9lfogad\u00e1si rendje:<\/strong><br \/>\nH\u00e9tf\u0151: nincs \u00fcgyf\u00e9lfogad\u00e1s<br \/>\nKedd: 08.00-12.00<br \/>\nSzerda: 13.00 \u2013 16.00<br \/>\nCs\u00fct\u00f6rt\u00f6k: 08.00-12.00<br \/>\nP\u00e9ntek: 08.00-12.00<\/p>\n<p style=\"text-align: center;\"><strong>Semj\u00e9nh\u00e1zai K\u00f6z\u00f6s \u00d6nkorm\u00e1nyzati Hivatal Petriventei Hivatala \u00fcgyf\u00e9lfogad\u00e1si rendje:<\/strong><br \/>\nH\u00e9tf\u0151: 08.00-12.00<br \/>\nKedd: 08.00-12.00<br \/>\nSzerda: 13.00 \u2013 16.00<br \/>\nCs\u00fct\u00f6rt\u00f6k: 08.00-12.00<br \/>\nP\u00e9ntek: nincs \u00fcgyf\u00e9lfogad\u00e1s<\/p>\n<hr \/>\n<p style=\"text-align: center;\"><strong>Jegyz\u0151 \u00fcgyf\u00e9lfogad\u00e1si rendje<\/strong><\/p>\n<p style=\"text-align: center;\">A sz\u00e9khelytelep\u00fcl\u00e9sen a jegyz\u0151 minden h\u00e9t szerdai napjain 9.00\u2013 12.00 \u00f3r\u00e1ig tart \u00fcgyf\u00e9lfogad\u00e1st.<\/p>\n<p style=\"text-align: center;\">A jegyz\u0151 a moln\u00e1ri hivatalban minden h\u00e9t cs\u00fct\u00f6rt\u00f6ki napjain 9.00\u2013 12.00 \u00f3r\u00e1ig tart \u00fcgyf\u00e9lfogad\u00e1st.<\/p>\n<p style=\"text-align: center;\">A jegyz\u0151 a petriventei hivatalban minden h\u00e9t h\u00e9tf\u0151i napjain 9.00\u2013 12.00 \u00f3r\u00e1ig tart \u00fcgyf\u00e9lfogad\u00e1st.<\/p>\n","protected":false},"excerpt":{"rendered":"<p>Semj\u00e9nh\u00e1zai K\u00f6z\u00f6s \u00d6nkorm\u00e1nyzati Hivatal [box] www.semjenhaza.hu\/kozoshivatal[\/box] Jegyz\u0151 Dr. J\u00f3zsa Csilla Mobil: 06 30 6412067, \u00a0E-mail: jegyzo@semjenhaza.hu K\u00f6z\u00f6s Hivatal k\u00f6ztisztvisel\u0151i Kardos M\u00e1rta ad\u00f3\u00fcgyi el\u0151ad\u00f3 (Petriventei Hivatal) Tel: 93\/351-009, \u00a0E-mail: ado@semjenhaza.hu Cseke Szilvia igazgat\u00e1si el\u0151ad\u00f3 (Semj\u00e9nh\u00e1zai Hivatal) Tel: 93\/383-301, \u00a0E-mail: onkormanyzat@semjenhaza.hu Balogh Anett igazgat\u00e1si el\u0151ad\u00f3 (Moln\u00e1ri Hivatal) Tel: 93\/383-203, \u00a0 E-mail: onkormanyzat@molnari.hu Tak\u00e1csn\u00e9 Koll\u00e1r Viola p\u00e9nz\u00fcgyi el\u0151ad\u00f3&#8230;<\/p>\n<p class=\"more-link\"><a href=\"https:\/\/www.molnari.hu\/hr\/onkormanyzat\/korjegyzoseg\/\" class=\"\"><span>Read More<\/span><i>&#43;<\/i><\/a><\/p>\n","protected":false},"author":3,"featured_media":0,"parent":9,"menu_order":0,"comment_status":"open","ping_status":"closed","template":"","meta":{"footnotes":""},"categories":[],"tags":[],"class_list":["post-38","page","type-page","status-publish","hentry"],"_links":{"self":[{"href":"https:\/\/www.molnari.hu\/hr\/wp-json\/wp\/v2\/pages\/38","targetHints":{"allow":["GET"]}}],"collection":[{"href":"https:\/\/www.molnari.hu\/hr\/wp-json\/wp\/v2\/pages"}],"about":[{"href":"https:\/\/www.molnari.hu\/hr\/wp-json\/wp\/v2\/types\/page"}],"author":[{"embeddable":true,"href":"https:\/\/www.molnari.hu\/hr\/wp-json\/wp\/v2\/users\/3"}],"replies":[{"embeddable":true,"href":"https:\/\/www.molnari.hu\/hr\/wp-json\/wp\/v2\/comments?post=38"}],"version-history":[{"count":0,"href":"https:\/\/www.molnari.hu\/hr\/wp-json\/wp\/v2\/pages\/38\/revisions"}],"up":[{"embeddable":true,"href":"https:\/\/www.molnari.hu\/hr\/wp-json\/wp\/v2\/pages\/9"}],"wp:attachment":[{"href":"https:\/\/www.molnari.hu\/hr\/wp-json\/wp\/v2\/media?parent=38"}],"wp:term":[{"taxonomy":"category","embeddable":true,"href":"https:\/\/www.molnari.hu\/hr\/wp-json\/wp\/v2\/categories?post=38"},{"taxonomy":"post_tag","embeddable":true,"href":"https:\/\/www.molnari.hu\/hr\/wp-json\/wp\/v2\/tags?post=38"}],"curies":[{"name":"wp","href":"https:\/\/api.w.org\/{rel}","templated":true}]}}