{"id":36,"date":"2012-08-30T15:11:52","date_gmt":"2012-08-30T13:11:52","guid":{"rendered":"http:\/\/teszt.arcusnet.hu\/molnari\/?page_id=36"},"modified":"2019-11-13T13:25:28","modified_gmt":"2019-11-13T12:25:28","slug":"kepviselotestulet","status":"publish","type":"page","link":"https:\/\/www.molnari.hu\/hr\/onkormanyzat\/kepviselotestulet\/","title":{"rendered":"K\u00e9pvisel\u0151-test\u00fclet"},"content":{"rendered":"<hr \/>\n<p style=\"text-align: center;\"><span style=\"color: #000080;\">Polg\u00e1rmester<\/span><\/p>\n<h3 style=\"text-align: center;\"><strong>K\u00f3sa J\u00e1nos<\/strong><\/h3>\n<h3 style=\"text-align: center;\"><strong>Mobil: 0630\/863-7493, E-mail: polgarmester@molnari.hu<br \/>\n<\/strong><\/h3>\n<hr \/>\n<p style=\"text-align: center;\"><span style=\"color: #000080;\">Alpolg\u00e1rmester<\/span><\/p>\n<h3 style=\"text-align: center;\"><strong>Szalai Katalin<br \/>\nE-mail: zalai63@freemail.hu<br \/>\n<\/strong><\/h3>\n<hr \/>\n<p style=\"text-align: center;\"><span style=\"color: #000080;\">K\u00e9pvisel\u0151k<\/span><\/p>\n<h3 style=\"text-align: center;\"><strong>Kotnyek Lilla<br \/>\nE-mail: kotnyek.lilla123@gmail.com<br \/>\n<\/strong><\/h3>\n<h3 style=\"text-align: center;\"><strong>Kotnyek M\u00e1ty\u00e1s<br \/>\nE-mail: kotnyek@freemail.hu<br \/>\n<\/strong><\/h3>\n<h3 style=\"text-align: center;\"><strong>K\u0151r\u00f6si Istv\u00e1n<br \/>\nE-mail:1963korosiistvan@gmail.com<br \/>\n<\/strong><\/h3>\n<hr \/>\n","protected":false},"excerpt":{"rendered":"<p>Polg\u00e1rmester K\u00f3sa J\u00e1nos Mobil: 0630\/863-7493, E-mail: polgarmester@molnari.hu Alpolg\u00e1rmester Szalai Katalin E-mail: zalai63@freemail.hu K\u00e9pvisel\u0151k Kotnyek Lilla E-mail: kotnyek.lilla123@gmail.com Kotnyek M\u00e1ty\u00e1s E-mail: kotnyek@freemail.hu K\u0151r\u00f6si Istv\u00e1n E-mail:1963korosiistvan@gmail.com<\/p>\n","protected":false},"author":3,"featured_media":0,"parent":9,"menu_order":0,"comment_status":"open","ping_status":"closed","template":"","meta":{"footnotes":""},"categories":[],"tags":[],"class_list":["post-36","page","type-page","status-publish","hentry"],"_links":{"self":[{"href":"https:\/\/www.molnari.hu\/hr\/wp-json\/wp\/v2\/pages\/36","targetHints":{"allow":["GET"]}}],"collection":[{"href":"https:\/\/www.molnari.hu\/hr\/wp-json\/wp\/v2\/pages"}],"about":[{"href":"https:\/\/www.molnari.hu\/hr\/wp-json\/wp\/v2\/types\/page"}],"author":[{"embeddable":true,"href":"https:\/\/www.molnari.hu\/hr\/wp-json\/wp\/v2\/users\/3"}],"replies":[{"embeddable":true,"href":"https:\/\/www.molnari.hu\/hr\/wp-json\/wp\/v2\/comments?post=36"}],"version-history":[{"count":0,"href":"https:\/\/www.molnari.hu\/hr\/wp-json\/wp\/v2\/pages\/36\/revisions"}],"up":[{"embeddable":true,"href":"https:\/\/www.molnari.hu\/hr\/wp-json\/wp\/v2\/pages\/9"}],"wp:attachment":[{"href":"https:\/\/www.molnari.hu\/hr\/wp-json\/wp\/v2\/media?parent=36"}],"wp:term":[{"taxonomy":"category","embeddable":true,"href":"https:\/\/www.molnari.hu\/hr\/wp-json\/wp\/v2\/categories?post=36"},{"taxonomy":"post_tag","embeddable":true,"href":"https:\/\/www.molnari.hu\/hr\/wp-json\/wp\/v2\/tags?post=36"}],"curies":[{"name":"wp","href":"https:\/\/api.w.org\/{rel}","templated":true}]}}