{"id":34,"date":"2012-08-30T15:11:29","date_gmt":"2012-08-30T13:11:29","guid":{"rendered":"http:\/\/teszt.arcusnet.hu\/molnari\/?page_id=34"},"modified":"2022-11-02T21:35:58","modified_gmt":"2022-11-02T20:35:58","slug":"elerhetosegek","status":"publish","type":"page","link":"https:\/\/www.molnari.hu\/hr\/onkormanyzat\/elerhetosegek\/","title":{"rendered":"El\u00e9rhet\u0151s\u00e9gek"},"content":{"rendered":"<div id=\"wpgmza_map\" class=\"wpgmza_map\" data-settings='{\"id\":\"1\",\"map_title\":\"Moln\\u00e1ri hivatal\",\"map_width\":\"550\",\"map_height\":\"300\",\"map_start_lat\":\"46.409324\",\"map_start_lng\":\"16.857159\",\"map_start_location\":\"46.409323873183865,16.85715887615971\",\"map_start_zoom\":\"12\",\"default_marker\":\"\",\"type\":\"1\",\"alignment\":\"4\",\"directions_enabled\":\"0\",\"styling_enabled\":\"0\",\"styling_json\":\"\",\"active\":\"0\",\"kml\":\"\",\"bicycle\":\"0\",\"traffic\":\"0\",\"dbox\":\"0\",\"dbox_width\":\"\",\"listmarkers\":\"0\",\"listmarkers_advanced\":\"0\",\"ugm_enabled\":\"0\",\"fusion\":\"\",\"map_width_type\":\"\",\"map_height_type\":\"\",\"mass_marker_support\":\"0\",\"filterbycat\":\"0\",\"ugm_category_enabled\":\"0\",\"ugm_access\":\"0\",\"order_markers_by\":\"0\",\"order_markers_choice\":\"0\",\"show_user_location\":\"0\",\"default_to\":\"\",\"other_settings\":{\"transport_layer\":null}}' data-map-id='1' Data-maps-engine='' data-shortcode-attributes='{\"id\":\"1\"}' style=\"display:block; overflow:auto; width:550; height:300; float:left;\"><\/div>\n<p>&nbsp;<\/p>\n<h6><\/h6>\n<h6>MOLN\u00c1RI K\u00d6ZS\u00c9GI \u00d6NKORM\u00c1NYZAT<br \/>\n8863 Moln\u00e1ri, Hevesi J. u. 4.<br \/>\nTelefon: 93\/383-203<br \/>\nFax: 93\/583-050<\/h6>\n<p>&nbsp;<\/p>\n<p><strong>Tov\u00e1bbi el\u00e9rhet\u0151s\u00e9gek:<\/strong><\/p>\n<p>Polg\u00e1rmester: <strong>K\u00f3sa J\u00e1nos, <\/strong>Mobil: +36-30-863-7493 E-mail: polgarmester@molnari.hu<br \/>\nAlpolg\u00e1rmester: <strong>Szalai Katalin, <\/strong>E-mail: zalai63@freemail.hu<\/p>\n<p><strong>K\u00e9pvisel\u0151k:<\/strong><\/p>\n<p>\u2022 Kotnyek Lilla<br \/>\n\u2022 Kotnyek M\u00e1ty\u00e1s<br \/>\n\u2022K\u0151r\u00f6si Istv\u00e1n<\/p>\n<p><strong>Semj\u00e9nh\u00e1zai K\u00f6z\u00f6s \u00d6nkorm\u00e1nyzati Hivatal<\/strong><\/p>\n<p>\u2022 <strong>Dr. J\u00f3zsa Csilla<\/strong> jegyz\u0151<\/p>\n<p>Mobil: 06 30 6412067<\/p>\n<p>06 93 383-301<\/p>\n<p>Jegyz\u0151 \u00fcgyf\u00e9lfogad\u00e1si rendje: Semj\u00e9nh\u00e1za: Szerda 09:00-12:00,<\/p>\n<p>Moln\u00e1ri: Cs\u00fct\u00f6rt\u00f6k 09:00-12:00,<\/p>\n<p>Petrivente: H\u00e9tf\u0151: 09:00-12:00<\/p>\n<p>\u2022\u00a0 igazgat\u00e1s, szoci\u00e1lis \u00fcgyek, anyak\u00f6nyvvezet\u00e9s:<br \/>\n06 93 383 203<br \/>\n\u2022 <strong>Tak\u00e1csn\u00e9 Koll\u00e1r Viola<\/strong>\u00a0 p\u00e9nz\u00fcgy 06 93 383-301<br \/>\n\u2022 <strong>Kardos M\u00e1rta<\/strong> ad\u00f3\u00fcgy: 06 93 351-009<br \/>\n\u2022 Cseke Szilvia igazgat\u00e1si \u00fcgyek: 06 93 383-301<\/p>\n<ul>\n<li><strong>Balogh Anett<\/strong> szoci\u00e1lis \u00fcgyek: 06 93 383-203<\/li>\n<li><strong>Cs\u00e1ji Rita<\/strong>\u00a0munka\u00fcgy, p\u00e9nz\u00fcgy:\u00a006 93 383-301<\/li>\n<\/ul>\n<p>A p\u00e9nzt\u00e1rak nyitva tart\u00e1sa \u00fcgyf\u00e9lfogad\u00e1si id\u0151ben 09:00-12:00-ig.<\/p>\n<div><strong>Tov\u00e1bb\u00e1 \u00fcgyf\u00e9lfogad\u00e1st tartanak:<\/strong><\/div>\n<ul>\n<li><strong>Nagy-Varga T\u00fcnde, <\/strong>csal\u00e1dseg\u00edt\u0151, Moln\u00e1ri:\u00a0 Szerda 12.00-16:00<\/li>\n<li>J\u00e1r\u00e1si hivatali \u00fcgyseg\u00e9d, Moln\u00e1ri: Kedd: 14.45 &#8211; 15.45-ig<\/li>\n<\/ul>\n<p>&nbsp;<\/p>\n<p><strong>Magyar \u00c1llamkincst\u00e1r<\/strong><br \/>\n<a title=\"Magyar \u00c1llamkincst\u00e1r\" href=\"http:\/\/www.allamkincstar.gov.hu\" target=\"_blank\" rel=\"noopener noreferrer\">www.allamkincstar.gov.hu<\/a><\/p>\n","protected":false},"excerpt":{"rendered":"<p>&nbsp; MOLN\u00c1RI K\u00d6ZS\u00c9GI \u00d6NKORM\u00c1NYZAT 8863 Moln\u00e1ri, Hevesi J. u. 4. Telefon: 93\/383-203 Fax: 93\/583-050 &nbsp; Tov\u00e1bbi el\u00e9rhet\u0151s\u00e9gek: Polg\u00e1rmester: K\u00f3sa J\u00e1nos, Mobil: +36-30-863-7493 E-mail: polgarmester@molnari.hu Alpolg\u00e1rmester: Szalai Katalin, E-mail: zalai63@freemail.hu K\u00e9pvisel\u0151k: \u2022 Kotnyek Lilla \u2022 Kotnyek M\u00e1ty\u00e1s \u2022K\u0151r\u00f6si Istv\u00e1n Semj\u00e9nh\u00e1zai K\u00f6z\u00f6s \u00d6nkorm\u00e1nyzati Hivatal \u2022 Dr. J\u00f3zsa Csilla jegyz\u0151 Mobil: 06 30 6412067 06 93 383-301 Jegyz\u0151&#8230;<\/p>\n<p class=\"more-link\"><a href=\"https:\/\/www.molnari.hu\/hr\/onkormanyzat\/elerhetosegek\/\" class=\"\"><span>Read More<\/span><i>&#43;<\/i><\/a><\/p>\n","protected":false},"author":3,"featured_media":0,"parent":9,"menu_order":0,"comment_status":"open","ping_status":"closed","template":"","meta":{"footnotes":""},"categories":[],"tags":[],"class_list":["post-34","page","type-page","status-publish","hentry"],"_links":{"self":[{"href":"https:\/\/www.molnari.hu\/hr\/wp-json\/wp\/v2\/pages\/34","targetHints":{"allow":["GET"]}}],"collection":[{"href":"https:\/\/www.molnari.hu\/hr\/wp-json\/wp\/v2\/pages"}],"about":[{"href":"https:\/\/www.molnari.hu\/hr\/wp-json\/wp\/v2\/types\/page"}],"author":[{"embeddable":true,"href":"https:\/\/www.molnari.hu\/hr\/wp-json\/wp\/v2\/users\/3"}],"replies":[{"embeddable":true,"href":"https:\/\/www.molnari.hu\/hr\/wp-json\/wp\/v2\/comments?post=34"}],"version-history":[{"count":0,"href":"https:\/\/www.molnari.hu\/hr\/wp-json\/wp\/v2\/pages\/34\/revisions"}],"up":[{"embeddable":true,"href":"https:\/\/www.molnari.hu\/hr\/wp-json\/wp\/v2\/pages\/9"}],"wp:attachment":[{"href":"https:\/\/www.molnari.hu\/hr\/wp-json\/wp\/v2\/media?parent=34"}],"wp:term":[{"taxonomy":"category","embeddable":true,"href":"https:\/\/www.molnari.hu\/hr\/wp-json\/wp\/v2\/categories?post=34"},{"taxonomy":"post_tag","embeddable":true,"href":"https:\/\/www.molnari.hu\/hr\/wp-json\/wp\/v2\/tags?post=34"}],"curies":[{"name":"wp","href":"https:\/\/api.w.org\/{rel}","templated":true}]}}