{"id":3360,"date":"2026-05-07T15:58:51","date_gmt":"2026-05-07T13:58:51","guid":{"rendered":"http:\/\/www.molnari.hu\/?page_id=3360"},"modified":"2026-05-07T15:59:14","modified_gmt":"2026-05-07T13:59:14","slug":"molnari-kulteruleti-09-hrsz-ut-felujitasa-kap-rd43-1-25-palyazat-kereteben","status":"publish","type":"page","link":"https:\/\/www.molnari.hu\/hr\/magyar-molnari-kulteruleti-09-hrsz-ut-felujitasa-kap-rd43-1-25-palyazat-kereteben\/","title":{"rendered":"(Magyar) MOLN\u00c1RI K\u00dcLTER\u00dcLETI 09 HRSZ \u00daT FEL\u00daJ\u00cdT\u00c1SA &#8211; KAP-RD43-1-25 p\u00e1ly\u00e1zat keret\u00e9ben"},"content":{"rendered":"<p class=\"qtranxs-available-languages-message qtranxs-available-languages-message-hr\">\u017dao nam je, ne postoji prijevod na raspolaganju za ovaj proizvod jo\u0161 <a href=\"https:\/\/www.molnari.hu\/hu\/wp-json\/wp\/v2\/pages\/3360\" class=\"qtranxs-available-language-link qtranxs-available-language-link-hu\" title=\"Magyar\">Magyar<\/a>.<\/p>","protected":false},"excerpt":{"rendered":"<p>\u017dao nam je, ne postoji prijevod na raspolaganju za ovaj proizvod jo\u0161 Magyar.<\/p>\n","protected":false},"author":22,"featured_media":3361,"parent":0,"menu_order":0,"comment_status":"closed","ping_status":"closed","template":"","meta":{"footnotes":""},"categories":[21,22,19],"tags":[],"class_list":["post-3360","page","type-page","status-publish","has-post-thumbnail","hentry","category-fejlesztesi-palyazatok","category-hirek","category-palyazatok"],"_links":{"self":[{"href":"https:\/\/www.molnari.hu\/hr\/wp-json\/wp\/v2\/pages\/3360","targetHints":{"allow":["GET"]}}],"collection":[{"href":"https:\/\/www.molnari.hu\/hr\/wp-json\/wp\/v2\/pages"}],"about":[{"href":"https:\/\/www.molnari.hu\/hr\/wp-json\/wp\/v2\/types\/page"}],"author":[{"embeddable":true,"href":"https:\/\/www.molnari.hu\/hr\/wp-json\/wp\/v2\/users\/22"}],"replies":[{"embeddable":true,"href":"https:\/\/www.molnari.hu\/hr\/wp-json\/wp\/v2\/comments?post=3360"}],"version-history":[{"count":0,"href":"https:\/\/www.molnari.hu\/hr\/wp-json\/wp\/v2\/pages\/3360\/revisions"}],"wp:featuredmedia":[{"embeddable":true,"href":"https:\/\/www.molnari.hu\/hr\/wp-json\/wp\/v2\/media\/3361"}],"wp:attachment":[{"href":"https:\/\/www.molnari.hu\/hr\/wp-json\/wp\/v2\/media?parent=3360"}],"wp:term":[{"taxonomy":"category","embeddable":true,"href":"https:\/\/www.molnari.hu\/hr\/wp-json\/wp\/v2\/categories?post=3360"},{"taxonomy":"post_tag","embeddable":true,"href":"https:\/\/www.molnari.hu\/hr\/wp-json\/wp\/v2\/tags?post=3360"}],"curies":[{"name":"wp","href":"https:\/\/api.w.org\/{rel}","templated":true}]}}