{"id":3301,"date":"2024-10-03T10:19:07","date_gmt":"2024-10-03T08:19:07","guid":{"rendered":"http:\/\/www.molnari.hu\/?page_id=3301"},"modified":"2024-10-03T10:27:00","modified_gmt":"2024-10-03T08:27:00","slug":"molnari-kozsegi-horvat-nemzetisegi-ovoda","status":"publish","type":"page","link":"https:\/\/www.molnari.hu\/hr\/selski-hrvatski-narodnosni-djecji-vrtic-mlinarce\/","title":{"rendered":"Selski Hrvatski Narodnosni Dje\u010dji Vrti\u0107 Mlinarce"},"content":{"rendered":"<p>Adres: H-8863 Moln\u00e1ri, Ulica T\u00e1ncsics M. 1.<\/p>\n<p>Broj:\u00a0 \u00a0+36 93 383 214<\/p>\n<p>Reg.:\u00a0 \u00a0202201<\/p>","protected":false},"excerpt":{"rendered":"<p>Adres: H-8863 Moln\u00e1ri, Ulica T\u00e1ncsics M. 1. Broj:\u00a0 \u00a0+36 93 383 214 Reg.:\u00a0 \u00a0202201<\/p>\n","protected":false},"author":23,"featured_media":0,"parent":0,"menu_order":0,"comment_status":"closed","ping_status":"closed","template":"","meta":{"footnotes":""},"categories":[],"tags":[],"class_list":["post-3301","page","type-page","status-publish","hentry"],"_links":{"self":[{"href":"https:\/\/www.molnari.hu\/hr\/wp-json\/wp\/v2\/pages\/3301","targetHints":{"allow":["GET"]}}],"collection":[{"href":"https:\/\/www.molnari.hu\/hr\/wp-json\/wp\/v2\/pages"}],"about":[{"href":"https:\/\/www.molnari.hu\/hr\/wp-json\/wp\/v2\/types\/page"}],"author":[{"embeddable":true,"href":"https:\/\/www.molnari.hu\/hr\/wp-json\/wp\/v2\/users\/23"}],"replies":[{"embeddable":true,"href":"https:\/\/www.molnari.hu\/hr\/wp-json\/wp\/v2\/comments?post=3301"}],"version-history":[{"count":0,"href":"https:\/\/www.molnari.hu\/hr\/wp-json\/wp\/v2\/pages\/3301\/revisions"}],"wp:attachment":[{"href":"https:\/\/www.molnari.hu\/hr\/wp-json\/wp\/v2\/media?parent=3301"}],"wp:term":[{"taxonomy":"category","embeddable":true,"href":"https:\/\/www.molnari.hu\/hr\/wp-json\/wp\/v2\/categories?post=3301"},{"taxonomy":"post_tag","embeddable":true,"href":"https:\/\/www.molnari.hu\/hr\/wp-json\/wp\/v2\/tags?post=3301"}],"curies":[{"name":"wp","href":"https:\/\/api.w.org\/{rel}","templated":true}]}}