{"id":3271,"date":"2024-09-13T11:29:07","date_gmt":"2024-09-13T09:29:07","guid":{"rendered":"http:\/\/www.molnari.hu\/?page_id=3271"},"modified":"2024-09-13T11:29:07","modified_gmt":"2024-09-13T09:29:07","slug":"kek-madar-kreativ-klub","status":"publish","type":"page","link":"https:\/\/www.molnari.hu\/hr\/magyar-kek-madar-kreativ-klub\/","title":{"rendered":"(Magyar) K\u00e9k Mad\u00e1r Kreat\u00edv Klub"},"content":{"rendered":"","protected":false},"excerpt":{"rendered":"","protected":false},"author":23,"featured_media":0,"parent":0,"menu_order":0,"comment_status":"closed","ping_status":"closed","template":"","meta":{"footnotes":""},"categories":[],"tags":[],"class_list":["post-3271","page","type-page","status-publish","hentry"],"_links":{"self":[{"href":"https:\/\/www.molnari.hu\/hr\/wp-json\/wp\/v2\/pages\/3271","targetHints":{"allow":["GET"]}}],"collection":[{"href":"https:\/\/www.molnari.hu\/hr\/wp-json\/wp\/v2\/pages"}],"about":[{"href":"https:\/\/www.molnari.hu\/hr\/wp-json\/wp\/v2\/types\/page"}],"author":[{"embeddable":true,"href":"https:\/\/www.molnari.hu\/hr\/wp-json\/wp\/v2\/users\/23"}],"replies":[{"embeddable":true,"href":"https:\/\/www.molnari.hu\/hr\/wp-json\/wp\/v2\/comments?post=3271"}],"version-history":[{"count":0,"href":"https:\/\/www.molnari.hu\/hr\/wp-json\/wp\/v2\/pages\/3271\/revisions"}],"wp:attachment":[{"href":"https:\/\/www.molnari.hu\/hr\/wp-json\/wp\/v2\/media?parent=3271"}],"wp:term":[{"taxonomy":"category","embeddable":true,"href":"https:\/\/www.molnari.hu\/hr\/wp-json\/wp\/v2\/categories?post=3271"},{"taxonomy":"post_tag","embeddable":true,"href":"https:\/\/www.molnari.hu\/hr\/wp-json\/wp\/v2\/tags?post=3271"}],"curies":[{"name":"wp","href":"https:\/\/api.w.org\/{rel}","templated":true}]}}