{"id":3266,"date":"2024-09-13T11:25:36","date_gmt":"2024-09-13T09:25:36","guid":{"rendered":"http:\/\/www.molnari.hu\/?page_id=3266"},"modified":"2024-10-03T09:47:17","modified_gmt":"2024-10-03T07:47:17","slug":"vedonoi-szolgalat","status":"publish","type":"page","link":"https:\/\/www.molnari.hu\/hr\/magyar-vedonoi-szolgalat\/","title":{"rendered":"(Magyar) V\u00e9d\u0151n\u0151i Szolg\u00e1lat"},"content":{"rendered":"<p class=\"qtranxs-available-languages-message qtranxs-available-languages-message-hr\">\u017dao nam je, ne postoji prijevod na raspolaganju za ovaj proizvod jo\u0161 <a href=\"https:\/\/www.molnari.hu\/hu\/wp-json\/wp\/v2\/pages\/3266\" class=\"qtranxs-available-language-link qtranxs-available-language-link-hu\" title=\"Magyar\">Magyar<\/a>.<\/p>","protected":false},"excerpt":{"rendered":"<p>\u017dao nam je, ne postoji prijevod na raspolaganju za ovaj proizvod jo\u0161 Magyar.<\/p>\n","protected":false},"author":23,"featured_media":0,"parent":0,"menu_order":0,"comment_status":"closed","ping_status":"closed","template":"","meta":{"footnotes":""},"categories":[],"tags":[],"class_list":["post-3266","page","type-page","status-publish","hentry"],"_links":{"self":[{"href":"https:\/\/www.molnari.hu\/hr\/wp-json\/wp\/v2\/pages\/3266","targetHints":{"allow":["GET"]}}],"collection":[{"href":"https:\/\/www.molnari.hu\/hr\/wp-json\/wp\/v2\/pages"}],"about":[{"href":"https:\/\/www.molnari.hu\/hr\/wp-json\/wp\/v2\/types\/page"}],"author":[{"embeddable":true,"href":"https:\/\/www.molnari.hu\/hr\/wp-json\/wp\/v2\/users\/23"}],"replies":[{"embeddable":true,"href":"https:\/\/www.molnari.hu\/hr\/wp-json\/wp\/v2\/comments?post=3266"}],"version-history":[{"count":0,"href":"https:\/\/www.molnari.hu\/hr\/wp-json\/wp\/v2\/pages\/3266\/revisions"}],"wp:attachment":[{"href":"https:\/\/www.molnari.hu\/hr\/wp-json\/wp\/v2\/media?parent=3266"}],"wp:term":[{"taxonomy":"category","embeddable":true,"href":"https:\/\/www.molnari.hu\/hr\/wp-json\/wp\/v2\/categories?post=3266"},{"taxonomy":"post_tag","embeddable":true,"href":"https:\/\/www.molnari.hu\/hr\/wp-json\/wp\/v2\/tags?post=3266"}],"curies":[{"name":"wp","href":"https:\/\/api.w.org\/{rel}","templated":true}]}}