{"id":3213,"date":"2019-10-15T14:23:04","date_gmt":"2019-10-15T12:23:04","guid":{"rendered":"http:\/\/www.molnari.hu\/?page_id=3213"},"modified":"2025-07-28T09:34:12","modified_gmt":"2025-07-28T07:34:12","slug":"elerhetosegek","status":"publish","type":"page","link":"https:\/\/www.molnari.hu\/hr\/magyar-elerhetosegek\/","title":{"rendered":"(Magyar) \u00d6nkorm\u00e1nyzati el\u00e9rhet\u0151s\u00e9gek"},"content":{"rendered":"<p class=\"qtranxs-available-languages-message qtranxs-available-languages-message-hr\">\u017dao nam je, ne postoji prijevod na raspolaganju za ovaj proizvod jo\u0161 <a href=\"https:\/\/www.molnari.hu\/hu\/wp-json\/wp\/v2\/pages\/3213\" class=\"qtranxs-available-language-link qtranxs-available-language-link-hu\" title=\"Magyar\">Magyar<\/a>.<\/p>","protected":false},"excerpt":{"rendered":"<p>\u017dao nam je, ne postoji prijevod na raspolaganju za ovaj proizvod jo\u0161 Magyar.<\/p>\n","protected":false},"author":23,"featured_media":0,"parent":0,"menu_order":0,"comment_status":"closed","ping_status":"closed","template":"","meta":{"footnotes":""},"categories":[58],"tags":[],"class_list":["post-3213","page","type-page","status-publish","hentry","category-onkormanyzat"],"_links":{"self":[{"href":"https:\/\/www.molnari.hu\/hr\/wp-json\/wp\/v2\/pages\/3213","targetHints":{"allow":["GET"]}}],"collection":[{"href":"https:\/\/www.molnari.hu\/hr\/wp-json\/wp\/v2\/pages"}],"about":[{"href":"https:\/\/www.molnari.hu\/hr\/wp-json\/wp\/v2\/types\/page"}],"author":[{"embeddable":true,"href":"https:\/\/www.molnari.hu\/hr\/wp-json\/wp\/v2\/users\/23"}],"replies":[{"embeddable":true,"href":"https:\/\/www.molnari.hu\/hr\/wp-json\/wp\/v2\/comments?post=3213"}],"version-history":[{"count":0,"href":"https:\/\/www.molnari.hu\/hr\/wp-json\/wp\/v2\/pages\/3213\/revisions"}],"wp:attachment":[{"href":"https:\/\/www.molnari.hu\/hr\/wp-json\/wp\/v2\/media?parent=3213"}],"wp:term":[{"taxonomy":"category","embeddable":true,"href":"https:\/\/www.molnari.hu\/hr\/wp-json\/wp\/v2\/categories?post=3213"},{"taxonomy":"post_tag","embeddable":true,"href":"https:\/\/www.molnari.hu\/hr\/wp-json\/wp\/v2\/tags?post=3213"}],"curies":[{"name":"wp","href":"https:\/\/api.w.org\/{rel}","templated":true}]}}