{"id":3020,"date":"2023-11-22T13:44:20","date_gmt":"2023-11-22T12:44:20","guid":{"rendered":"https:\/\/www.molnari.hu\/?page_id=3020"},"modified":"2024-06-10T14:05:45","modified_gmt":"2024-06-10T12:05:45","slug":"2024-evi-altalanos-valasztasok","status":"publish","type":"page","link":"https:\/\/www.molnari.hu\/hr\/valasztasi-szervek\/2024-evi-altalanos-valasztasok\/","title":{"rendered":"2024 \u00e9vi \u00e1ltal\u00e1nos v\u00e1laszt\u00e1sok"},"content":{"rendered":"<p><\/p>\n<h1 style=\"text-align: center;\">V\u00e1laszt\u00f3polg\u00e1roknak<\/h1>\n<p><strong>K\u00f6zlem\u00e9nyek<\/strong><\/p>\n<p><strong>Hat\u00e1rid\u0151k<\/strong><\/p>\n<p><strong>Kit aj\u00e1nlottam szolg\u00e1ltat\u00e1s el\u00e9r\u00e9se<\/strong><\/p>\n<p><strong>T\u00e1j\u00e9koztat\u00f3 a szavaz\u00e1sr\u00f3l<\/strong><\/p>\n<p><strong>T\u00e1j\u00e9koztat\u00f3 a szavaz\u00e1snapi jegyz\u0151k\u00f6nyvek megtekint\u00e9si rendj\u00e9r\u0151l<\/strong><\/p>\n<hr \/>\n<h1 style=\"text-align: center;\">Jel\u00f6lteknek<\/h1>\n<p><strong>Jel\u00f6lt\u00e1ll\u00edt\u00e1shoz sz\u00fcks\u00e9ges aj\u00e1nl\u00e1sok sz\u00e1ma<\/strong><\/p>\n<ul>\n<li><a href=\"https:\/\/www.valasztas.hu\/hatarozat-megjelenito?p_p_id=decision_WAR_nvidecisionportlet&amp;p_p_lifecycle=0&amp;p_p_state=normal&amp;p_p_mode=view&amp;_decision_WAR_nvidecisionportlet_mvcPath=%2Fdetails%2Fview.jsp&amp;_decision_WAR_nvidecisionportlet_urlTitle=8%2F2024.-nvb-hat%25C3%25A1rozat-a-nemzetis%25C3%25A9gi-%25C3%25B6nkorm%25C3%25A1nyzati-k%25C3%25A9pvisel%25C5%2591k-2024.-%25C3%25A9vi-%25C3%25A1ltal%25C3%25A1nos-v%25C3%25A1laszt%25C3%25A1s%25C3%25A1nak-kit%25C5%25B1z%25C3%25A9se-t%25C3%25A1rgy%25C3%25A1ban\">Horv\u00e1t nemzetis\u00e9gi v\u00e1laszt\u00e1s aj\u00e1nl\u00e1si k\u00fcsz\u00f6b\u00e9rt\u00e9kei<\/a><\/li>\n<li><a href=\"https:\/\/www.molnari.hu\/valasztasi-szervek\/2024-evi-altalanos-valasztasok\/doc942\/\" rel=\"attachment wp-att-3153\">Helyi \u00f6nkorm\u00e1nyzati jel\u00f6ltek \u00e1ll\u00edt\u00e1s\u00e1hoz sz\u00fcks\u00e9ges aj\u00e1nl\u00e1sok sz\u00e1m\u00e1r\u00f3l k\u00f6zlem\u00e9ny<\/a><\/li>\n<\/ul>\n<p><strong>Jel\u00f6lt\u00e1ll\u00edt\u00e1shoz sz\u00fcks\u00e9ges nyomtatv\u00e1nyok<\/strong><\/p>\n<ul>\n<li><a href=\"https:\/\/www.valasztas.hu\/helyi-onkormanyzati-valasztasok1\">\u00d6nkorm\u00e1nyzati v\u00e1laszt\u00e1shoz<\/a><\/li>\n<li><a href=\"https:\/\/www.valasztas.hu\/nemzetisegi-onkormanyzati-valasztasok1\">Horv\u00e1t nemzetis\u00e9gi v\u00e1laszt\u00e1shoz<\/a><\/li>\n<\/ul>\n<p><strong>Hat\u00e1rid\u0151k<\/strong><\/p>\n<p><strong>Megb\u00edzott v\u00e1laszt\u00e1si bizotts\u00e1gi tag bejelent\u00e9s\u00e9re szolg\u00e1l\u00f3 nyomtatv\u00e1nyok<\/strong><\/p>\n<p><strong>N\u00e9vjegyz\u00e9ki adatszolg\u00e1ltat\u00e1sr\u00f3l sz\u00f3l\u00f3 t\u00e1j\u00e9koztat\u00e1s<\/strong><\/p>\n<p>&nbsp;<\/p>\n<hr \/>\n<h1 style=\"text-align: center;\"><strong>Helyi V\u00e1laszt\u00e1si Iroda Hirdetm\u00e9nyei<br \/>\n<\/strong><\/h1>\n<p style=\"text-align: center;\"><strong>A helyi \u00f6nkorm\u00e1nyzati k\u00e9pvisel\u0151k \u00e9s polg\u00e1rmesterek 2024. \u00e9vi \u00e1ltal\u00e1nos v\u00e1laszt\u00e1sa<\/strong><\/p>\n<p style=\"text-align: center;\"><a href=\"https:\/\/www.molnari.hu\/valasztasok-2024\/kepviselo_testuleti-tagok-szamanak-meghatarozasa_molnari\/\" target=\"_blank\" rel=\"attachment noopener wp-att-3013\">K\u00e9pvisel\u0151 test\u00fcleti tagok sz\u00e1m\u00e1nak meghat\u00e1roz\u00e1sa &#8211; Moln\u00e1ri<\/a><\/p>\n<p><\/p>","protected":false},"excerpt":{"rendered":"<p>V\u00e1laszt\u00f3polg\u00e1roknak K\u00f6zlem\u00e9nyek Hat\u00e1rid\u0151k Kit aj\u00e1nlottam szolg\u00e1ltat\u00e1s el\u00e9r\u00e9se T\u00e1j\u00e9koztat\u00f3 a szavaz\u00e1sr\u00f3l T\u00e1j\u00e9koztat\u00f3 a szavaz\u00e1snapi jegyz\u0151k\u00f6nyvek megtekint\u00e9si rendj\u00e9r\u0151l Jel\u00f6lteknek Jel\u00f6lt\u00e1ll\u00edt\u00e1shoz sz\u00fcks\u00e9ges aj\u00e1nl\u00e1sok sz\u00e1ma Horv\u00e1t nemzetis\u00e9gi v\u00e1laszt\u00e1s aj\u00e1nl\u00e1si k\u00fcsz\u00f6b\u00e9rt\u00e9kei Helyi \u00f6nkorm\u00e1nyzati jel\u00f6ltek \u00e1ll\u00edt\u00e1s\u00e1hoz sz\u00fcks\u00e9ges aj\u00e1nl\u00e1sok sz\u00e1m\u00e1r\u00f3l k\u00f6zlem\u00e9ny Jel\u00f6lt\u00e1ll\u00edt\u00e1shoz sz\u00fcks\u00e9ges nyomtatv\u00e1nyok \u00d6nkorm\u00e1nyzati v\u00e1laszt\u00e1shoz Horv\u00e1t nemzetis\u00e9gi v\u00e1laszt\u00e1shoz Hat\u00e1rid\u0151k Megb\u00edzott v\u00e1laszt\u00e1si bizotts\u00e1gi tag bejelent\u00e9s\u00e9re szolg\u00e1l\u00f3 nyomtatv\u00e1nyok N\u00e9vjegyz\u00e9ki adatszolg\u00e1ltat\u00e1sr\u00f3l sz\u00f3l\u00f3 t\u00e1j\u00e9koztat\u00e1s &nbsp;&#8230;<\/p>\n<p class=\"more-link\"><a href=\"https:\/\/www.molnari.hu\/hr\/valasztasi-szervek\/2024-evi-altalanos-valasztasok\/\" class=\"\"><span>Read More<\/span><i>&#43;<\/i><\/a><\/p>\n","protected":false},"author":22,"featured_media":3137,"parent":3015,"menu_order":3,"comment_status":"closed","ping_status":"closed","template":"","meta":{"footnotes":""},"categories":[],"tags":[],"class_list":["post-3020","page","type-page","status-publish","has-post-thumbnail","hentry"],"_links":{"self":[{"href":"https:\/\/www.molnari.hu\/hr\/wp-json\/wp\/v2\/pages\/3020","targetHints":{"allow":["GET"]}}],"collection":[{"href":"https:\/\/www.molnari.hu\/hr\/wp-json\/wp\/v2\/pages"}],"about":[{"href":"https:\/\/www.molnari.hu\/hr\/wp-json\/wp\/v2\/types\/page"}],"author":[{"embeddable":true,"href":"https:\/\/www.molnari.hu\/hr\/wp-json\/wp\/v2\/users\/22"}],"replies":[{"embeddable":true,"href":"https:\/\/www.molnari.hu\/hr\/wp-json\/wp\/v2\/comments?post=3020"}],"version-history":[{"count":0,"href":"https:\/\/www.molnari.hu\/hr\/wp-json\/wp\/v2\/pages\/3020\/revisions"}],"up":[{"embeddable":true,"href":"https:\/\/www.molnari.hu\/hr\/wp-json\/wp\/v2\/pages\/3015"}],"wp:featuredmedia":[{"embeddable":true,"href":"https:\/\/www.molnari.hu\/hr\/wp-json\/wp\/v2\/media\/3137"}],"wp:attachment":[{"href":"https:\/\/www.molnari.hu\/hr\/wp-json\/wp\/v2\/media?parent=3020"}],"wp:term":[{"taxonomy":"category","embeddable":true,"href":"https:\/\/www.molnari.hu\/hr\/wp-json\/wp\/v2\/categories?post=3020"},{"taxonomy":"post_tag","embeddable":true,"href":"https:\/\/www.molnari.hu\/hr\/wp-json\/wp\/v2\/tags?post=3020"}],"curies":[{"name":"wp","href":"https:\/\/api.w.org\/{rel}","templated":true}]}}