{"id":3019,"date":"2023-11-22T13:39:38","date_gmt":"2023-11-22T12:39:38","guid":{"rendered":"https:\/\/www.molnari.hu\/?page_id=3019"},"modified":"2023-11-22T13:39:38","modified_gmt":"2023-11-22T12:39:38","slug":"valasztasi-ugyintezes","status":"publish","type":"page","link":"https:\/\/www.molnari.hu\/hr\/valasztasi-szervek\/valasztasi-ugyintezes\/","title":{"rendered":"V\u00e1laszt\u00e1si \u00fcgyint\u00e9z\u00e9s"},"content":{"rendered":"<p><a href=\"http:\/\/www.valasztas.hu\">V\u00e1laszt\u00e1si \u00fcgyint\u00e9z\u00e9s<\/a><\/p>\n","protected":false},"excerpt":{"rendered":"<p>V\u00e1laszt\u00e1si \u00fcgyint\u00e9z\u00e9s<\/p>\n","protected":false},"author":22,"featured_media":0,"parent":3015,"menu_order":2,"comment_status":"closed","ping_status":"closed","template":"","meta":{"footnotes":""},"categories":[],"tags":[],"class_list":["post-3019","page","type-page","status-publish","hentry"],"_links":{"self":[{"href":"https:\/\/www.molnari.hu\/hr\/wp-json\/wp\/v2\/pages\/3019","targetHints":{"allow":["GET"]}}],"collection":[{"href":"https:\/\/www.molnari.hu\/hr\/wp-json\/wp\/v2\/pages"}],"about":[{"href":"https:\/\/www.molnari.hu\/hr\/wp-json\/wp\/v2\/types\/page"}],"author":[{"embeddable":true,"href":"https:\/\/www.molnari.hu\/hr\/wp-json\/wp\/v2\/users\/22"}],"replies":[{"embeddable":true,"href":"https:\/\/www.molnari.hu\/hr\/wp-json\/wp\/v2\/comments?post=3019"}],"version-history":[{"count":0,"href":"https:\/\/www.molnari.hu\/hr\/wp-json\/wp\/v2\/pages\/3019\/revisions"}],"up":[{"embeddable":true,"href":"https:\/\/www.molnari.hu\/hr\/wp-json\/wp\/v2\/pages\/3015"}],"wp:attachment":[{"href":"https:\/\/www.molnari.hu\/hr\/wp-json\/wp\/v2\/media?parent=3019"}],"wp:term":[{"taxonomy":"category","embeddable":true,"href":"https:\/\/www.molnari.hu\/hr\/wp-json\/wp\/v2\/categories?post=3019"},{"taxonomy":"post_tag","embeddable":true,"href":"https:\/\/www.molnari.hu\/hr\/wp-json\/wp\/v2\/tags?post=3019"}],"curies":[{"name":"wp","href":"https:\/\/api.w.org\/{rel}","templated":true}]}}