{"id":3015,"date":"2023-11-22T11:53:34","date_gmt":"2023-11-22T10:53:34","guid":{"rendered":"https:\/\/www.molnari.hu\/?page_id=3015"},"modified":"2024-04-03T12:50:34","modified_gmt":"2024-04-03T10:50:34","slug":"valasztasi-szervek","status":"publish","type":"page","link":"https:\/\/www.molnari.hu\/hr\/valasztasi-szervek\/","title":{"rendered":"V\u00e1laszt\u00e1si Szervek"},"content":{"rendered":"<h1 style=\"text-align: center;\"><strong>V\u00e1laszt\u00e1si Szervek<br \/>\n<\/strong><\/h1>\n<h3><strong>Helyi V\u00e1laszt\u00e1si Iroda<br \/>\n<\/strong><\/h3>\n<p>Vezet\u0151je: Dr. J\u00f3zsa Csilla<\/p>\n<p>Mobil el\u00e9rhet\u0151s\u00e9g: +36-30-6412067<\/p>\n<p>E-mail: jegyzo@semjenhaza.hu<\/p>\n<p>C\u00edme: 8862 Semj\u00e9nh\u00e1za, Kossuth Lajos \u00fat 3.<\/p>\n<p>Moln\u00e1ri Kirendelts\u00e9g: 8863 Moln\u00e1ri, Hevesi u. 4.<\/p>\n<p>V\u00e1laszt\u00e1si Iroda tagjai<\/p>\n<p>Vezet\u0151helyettes: Tak\u00e1csn\u00e9 Koll\u00e1r Viola<\/p>\n<p>Semj\u00e9nh\u00e1zai Hivatal: Cseke Szilvia<\/p>\n<p>Petriventei Kirendelts\u00e9g: Kardos M\u00e1rta<\/p>\n<p>Moln\u00e1ri Kirendelts\u00e9g: Balogh Anett<\/p>\n<p>Informatika: Dr. J\u00f3zsa Csilla, Cseke Szilvia<\/p>\n<p>&nbsp;<\/p>\n<p><strong>T\u00c1J\u00c9KOZTAT\u00d3K<\/strong><\/p>\n<p>Mand\u00e1tumok sz\u00e1m\u00e1nak meg\u00e1llap\u00edt\u00e1s\u00e1r\u00f3l sz\u00f3l\u00f3 hat\u00e1rozat<\/p>\n<p>Szavaz\u00f3k\u00f6r\u00f6k kialak\u00edt\u00e1s\u00e1r\u00f3l \u00e9s fel\u00fclvizsg\u00e1lat\u00e1r\u00f3l sz\u00f3l\u00f3 hat\u00e1rozat<\/p>\n<p>&nbsp;<\/p>\n<hr \/>\n<h3><strong>Moln\u00e1ri Helyi V\u00e1laszt\u00e1si<\/strong> Bizotts\u00e1g<\/h3>\n<p>C\u00edme: 8863 Moln\u00e1ri, Hevesi u. 4.<\/p>\n<p>Telefon: 06-93-383-203<\/p>\n<p>Eln\u00f6k: Ifj. Brod\u00e1cs L\u00e1szl\u00f3<\/p>\n<p>Mobil: +36-30-9045019<\/p>\n<p>Eln\u00f6khelyettes: Proszeny\u00e1kn\u00e9 Sv\u00e9lecz Anik\u00f3<\/p>\n<p>Tagok:<\/p>\n<p>R\u00e1czn\u00e9 Dombai T\u00edmea<\/p>\n<p>Radmanics-M\u00e9sz\u00e1ros M\u00f3nika<\/p>\n<p>Proszeny\u00e1k R\u00e9musn\u00e9<\/p>\n<p>P\u00f3ttagok:<\/p>\n<p>Vass-N\u00e9meth Fanni<\/p>\n<p>M\u00f3zes Bernadett M\u00e1ria<\/p>\n<p>&nbsp;<\/p>\n<p><strong>Bizotts\u00e1gi \u00fcl\u00e9sek &#8211; id\u0151pontjai \u00e9s napirendjei<\/strong><\/p>\n<p><strong>Bizotts\u00e1gi \u00fcl\u00e9sek jegyz\u0151k\u00f6nyvei<\/strong><\/p>\n<p><strong>Bizotts\u00e1gi hat\u00e1rozatok<\/strong><\/p>\n","protected":false},"excerpt":{"rendered":"<p>V\u00e1laszt\u00e1si Szervek Helyi V\u00e1laszt\u00e1si Iroda Vezet\u0151je: Dr. J\u00f3zsa Csilla Mobil el\u00e9rhet\u0151s\u00e9g: +36-30-6412067 E-mail: jegyzo@semjenhaza.hu C\u00edme: 8862 Semj\u00e9nh\u00e1za, Kossuth Lajos \u00fat 3. Moln\u00e1ri Kirendelts\u00e9g: 8863 Moln\u00e1ri, Hevesi u. 4. V\u00e1laszt\u00e1si Iroda tagjai Vezet\u0151helyettes: Tak\u00e1csn\u00e9 Koll\u00e1r Viola Semj\u00e9nh\u00e1zai Hivatal: Cseke Szilvia Petriventei Kirendelts\u00e9g: Kardos M\u00e1rta Moln\u00e1ri Kirendelts\u00e9g: Balogh Anett Informatika: Dr. J\u00f3zsa Csilla, Cseke Szilvia &nbsp; T\u00c1J\u00c9KOZTAT\u00d3K&#8230;<\/p>\n<p class=\"more-link\"><a href=\"https:\/\/www.molnari.hu\/hr\/valasztasi-szervek\/\" class=\"\"><span>Read More<\/span><i>&#43;<\/i><\/a><\/p>\n","protected":false},"author":22,"featured_media":0,"parent":0,"menu_order":0,"comment_status":"closed","ping_status":"closed","template":"","meta":{"footnotes":""},"categories":[22,27],"tags":[],"class_list":["post-3015","page","type-page","status-publish","hentry","category-hirek","category-slider"],"_links":{"self":[{"href":"https:\/\/www.molnari.hu\/hr\/wp-json\/wp\/v2\/pages\/3015","targetHints":{"allow":["GET"]}}],"collection":[{"href":"https:\/\/www.molnari.hu\/hr\/wp-json\/wp\/v2\/pages"}],"about":[{"href":"https:\/\/www.molnari.hu\/hr\/wp-json\/wp\/v2\/types\/page"}],"author":[{"embeddable":true,"href":"https:\/\/www.molnari.hu\/hr\/wp-json\/wp\/v2\/users\/22"}],"replies":[{"embeddable":true,"href":"https:\/\/www.molnari.hu\/hr\/wp-json\/wp\/v2\/comments?post=3015"}],"version-history":[{"count":0,"href":"https:\/\/www.molnari.hu\/hr\/wp-json\/wp\/v2\/pages\/3015\/revisions"}],"wp:attachment":[{"href":"https:\/\/www.molnari.hu\/hr\/wp-json\/wp\/v2\/media?parent=3015"}],"wp:term":[{"taxonomy":"category","embeddable":true,"href":"https:\/\/www.molnari.hu\/hr\/wp-json\/wp\/v2\/categories?post=3015"},{"taxonomy":"post_tag","embeddable":true,"href":"https:\/\/www.molnari.hu\/hr\/wp-json\/wp\/v2\/tags?post=3015"}],"curies":[{"name":"wp","href":"https:\/\/api.w.org\/{rel}","templated":true}]}}