{"id":3004,"date":"2023-08-28T18:51:16","date_gmt":"2023-08-28T16:51:16","guid":{"rendered":"https:\/\/www.molnari.hu\/?page_id=3004"},"modified":"2026-03-12T11:00:58","modified_gmt":"2026-03-12T10:00:58","slug":"molnari-vedonoi-szolgalat-reszere-epulet-kialakitasa-top_plusz-3-3-2-21-za1-2022","status":"publish","type":"page","link":"https:\/\/www.molnari.hu\/hr\/molnari-vedonoi-szolgalat-reszere-epulet-kialakitasa-top_plusz-3-3-2-21-za1-2022\/","title":{"rendered":"Moln\u00e1ri v\u00e9d\u0151n\u0151i szolg\u00e1lat r\u00e9sz\u00e9re \u00e9p\u00fclet kialak\u00edt\u00e1sa TOP_PLUSZ-3.3.2-21-ZA1-2022"},"content":{"rendered":"<p><a href=\"https:\/\/www.molnari.hu\/molnari-vedonoi-szolgalat-reszere-epulet-kialakitasa-top_plusz-3-3-2-21-za1-2022\/logo-2\/\" rel=\"attachment wp-att-3006\"><img loading=\"lazy\" decoding=\"async\" class=\"alignnone size-medium wp-image-3006\" src=\"https:\/\/www.molnari.hu\/files\/logo-300x86.jpg\" alt=\"\" width=\"300\" height=\"86\" srcset=\"https:\/\/molnari.hu\/files\/logo-300x86.jpg 300w, https:\/\/molnari.hu\/files\/logo-1024x292.jpg 1024w, https:\/\/molnari.hu\/files\/logo-768x219.jpg 768w, https:\/\/molnari.hu\/files\/logo-1536x439.jpg 1536w, https:\/\/molnari.hu\/files\/logo.jpg 1737w\" sizes=\"auto, (max-width: 300px) 100vw, 300px\" \/><\/a><\/p>\n<p><strong>T\u00c1J\u00c9KOZTAT\u00d3<\/strong><\/p>\n<p><strong>V\u00c9D\u0150N\u0150I SZOLG\u00c1LATI \u00c9P\u00dcLET KIALAK\u00cdT\u00c1SA MOLN\u00c1RIBAN<\/strong><\/p>\n<p><strong>2023.08.01.<\/strong><\/p>\n<p>Fejleszt\u00e9s c\u00e9lja: <strong>V\u00e9d\u0151n\u0151i szolg\u00e1lati \u00e9p\u00fclet kialak\u00edt\u00e1sa Moln\u00e1riban<\/strong><\/p>\n<p>P\u00e1ly\u00e1zati felh\u00edv\u00e1s: <strong>TOP_PLUSZ-3.3.2-21-ZA1-2022<\/strong><\/p>\n<p>A p\u00e1ly\u00e1zaton elnyert t\u00e1mogat\u00e1s: <strong>48,4 milli\u00f3 forint vissza nem t\u00e9r\u00edtend\u0151 t\u00e1mogat\u00e1s<\/strong><\/p>\n<p>A projekt kedvezm\u00e9nyezettje: <strong>Moln\u00e1ri K\u00f6zs\u00e9gi \u00d6nkorm\u00e1nyzat<\/strong><\/p>\n<p>A projekt megval\u00f3sul\u00e1si helye: <strong>Moln\u00e1ri, Pet\u0151fi u. 21, Hrsz: 288.<\/strong><\/p>\n<p>Projekt elemei: Megl\u00e9v\u0151, funkci\u00f3j\u00e1t vesztett \u00e9p\u00fclet fel\u00faj\u00edt\u00e1sa, \u00e1talak\u00edt\u00e1sa, v\u00e9d\u0151n\u0151i szolg\u00e1lati \u00e9p\u00fclet kialak\u00edt\u00e1sa, akad\u00e1lymentes\u00edt\u00e9s, meg\u00fajul\u00f3 energiaforr\u00e1s felhaszn\u00e1l\u00e1sa az \u00e9p\u00fclet fenntarthat\u00f3s\u00e1g\u00e1nak \u00e9rdek\u00e9ben, v\u00e9d\u0151n\u0151i eszk\u00f6z\u00f6k beszerz\u00e9se.<\/p>\n<p>A Projekt a Sz\u00e9chenyi Terv Plusz program keret\u00e9ben val\u00f3sul meg, a TOP_PLUSZ-3.3.2-21-ZA1-2022-00004 azonos\u00edt\u00f3sz\u00e1m\u00fa p\u00e1ly\u00e1zat keret\u00e9ben, 48,4 milli\u00f3 forint eur\u00f3pai uni\u00f3s t\u00e1mogat\u00e1s seg\u00edts\u00e9g\u00e9vel.<\/p>\n<p>A fejleszt\u00e9s eredm\u00e9nyek\u00e9nt a Moln\u00e1ri, Pet\u0151fi u. 21. sz\u00e1m alatt megl\u00e9v\u0151, funkci\u00f3j\u00e1t vesztett \u00e9p\u00fclet fel\u00faj\u00edt\u00e1s\u00e1val \u00e9s \u00e1talak\u00edt\u00e1s\u00e1val ker\u00fcl sor a V\u00e9d\u0151n\u0151i szolg\u00e1lati \u00e9p\u00fclet kialak\u00edt\u00e1s\u00e1ra, valamint a v\u00e9d\u0151n\u0151i ell\u00e1t\u00e1s sor\u00e1n haszn\u00e1latos eszk\u00f6z\u00f6k beszerz\u00e9s\u00e9re.<\/p>\n<p>A beruh\u00e1z\u00e1snak k\u00f6sz\u00f6nhet\u0151en a V\u00e9d\u0151n\u0151i szolg\u00e1lat \u00e1ltal ell\u00e1tott feladatok korszer\u0171 helyen \u00e9s eszk\u00f6z\u00f6kkel val\u00f3sulhatnak meg.<\/p>\n<p>Moln\u00e1ri K\u00f6zs\u00e9gi \u00d6nkorm\u00e1nyzat a v\u00e9d\u0151n\u0151i szolg\u00e1lathoz kapcsol\u00f3d\u00f3 feladatok ell\u00e1t\u00e1s\u00e1hoz biztos\u00edtja az infrastruktur\u00e1lis \u00e9s t\u00e1rgyi felt\u00e9teleket, a funkci\u00f3j\u00e1t vesztett \u00e9p\u00fclet fel\u00faj\u00edt\u00e1s\u00e1val a feladatell\u00e1t\u00e1s sz\u00ednvonala n\u00f6vekszik.<\/p>\n<p>A projekt tervezett befejez\u00e9se: 2024. szeptember 30.<\/p>\n<p>Tov\u00e1bbi inform\u00e1ci\u00f3: <a href=\"http:\/\/www.molnari.hu\">www.molnari.hu<\/a><\/p>\n<p><a href=\"https:\/\/www.molnari.hu\/molnari-vedonoi-szolgalat-reszere-epulet-kialakitasa-top_plusz-3-3-2-21-za1-2022\/logo-2\/\" rel=\"attachment wp-att-3006\"><img loading=\"lazy\" decoding=\"async\" class=\"size-medium wp-image-3006 alignleft\" src=\"https:\/\/www.molnari.hu\/files\/logo-300x86.jpg\" alt=\"\" width=\"300\" height=\"86\" srcset=\"https:\/\/molnari.hu\/files\/logo-300x86.jpg 300w, https:\/\/molnari.hu\/files\/logo-1024x292.jpg 1024w, https:\/\/molnari.hu\/files\/logo-768x219.jpg 768w, https:\/\/molnari.hu\/files\/logo-1536x439.jpg 1536w, https:\/\/molnari.hu\/files\/logo.jpg 1737w\" sizes=\"auto, (max-width: 300px) 100vw, 300px\" \/><\/a><\/p>","protected":false},"excerpt":{"rendered":"<p>T\u00c1J\u00c9KOZTAT\u00d3 V\u00c9D\u0150N\u0150I SZOLG\u00c1LATI \u00c9P\u00dcLET KIALAK\u00cdT\u00c1SA MOLN\u00c1RIBAN 2023.08.01. Fejleszt\u00e9s c\u00e9lja: V\u00e9d\u0151n\u0151i szolg\u00e1lati \u00e9p\u00fclet kialak\u00edt\u00e1sa Moln\u00e1riban P\u00e1ly\u00e1zati felh\u00edv\u00e1s: TOP_PLUSZ-3.3.2-21-ZA1-2022 A p\u00e1ly\u00e1zaton elnyert t\u00e1mogat\u00e1s: 48,4 milli\u00f3 forint vissza nem t\u00e9r\u00edtend\u0151 t\u00e1mogat\u00e1s A projekt kedvezm\u00e9nyezettje: Moln\u00e1ri K\u00f6zs\u00e9gi \u00d6nkorm\u00e1nyzat A projekt megval\u00f3sul\u00e1si helye: Moln\u00e1ri, Pet\u0151fi u. 21, Hrsz: 288. Projekt elemei: Megl\u00e9v\u0151, funkci\u00f3j\u00e1t vesztett \u00e9p\u00fclet fel\u00faj\u00edt\u00e1sa, \u00e1talak\u00edt\u00e1sa, v\u00e9d\u0151n\u0151i szolg\u00e1lati \u00e9p\u00fclet&#8230;<\/p>\n<p class=\"more-link\"><a href=\"https:\/\/www.molnari.hu\/hr\/molnari-vedonoi-szolgalat-reszere-epulet-kialakitasa-top_plusz-3-3-2-21-za1-2022\/\" class=\"\"><span>Read More<\/span><i>&#43;<\/i><\/a><\/p>\n","protected":false},"author":22,"featured_media":3006,"parent":0,"menu_order":0,"comment_status":"closed","ping_status":"closed","template":"","meta":{"footnotes":""},"categories":[],"tags":[],"class_list":["post-3004","page","type-page","status-publish","has-post-thumbnail","hentry"],"_links":{"self":[{"href":"https:\/\/www.molnari.hu\/hr\/wp-json\/wp\/v2\/pages\/3004","targetHints":{"allow":["GET"]}}],"collection":[{"href":"https:\/\/www.molnari.hu\/hr\/wp-json\/wp\/v2\/pages"}],"about":[{"href":"https:\/\/www.molnari.hu\/hr\/wp-json\/wp\/v2\/types\/page"}],"author":[{"embeddable":true,"href":"https:\/\/www.molnari.hu\/hr\/wp-json\/wp\/v2\/users\/22"}],"replies":[{"embeddable":true,"href":"https:\/\/www.molnari.hu\/hr\/wp-json\/wp\/v2\/comments?post=3004"}],"version-history":[{"count":0,"href":"https:\/\/www.molnari.hu\/hr\/wp-json\/wp\/v2\/pages\/3004\/revisions"}],"wp:featuredmedia":[{"embeddable":true,"href":"https:\/\/www.molnari.hu\/hr\/wp-json\/wp\/v2\/media\/3006"}],"wp:attachment":[{"href":"https:\/\/www.molnari.hu\/hr\/wp-json\/wp\/v2\/media?parent=3004"}],"wp:term":[{"taxonomy":"category","embeddable":true,"href":"https:\/\/www.molnari.hu\/hr\/wp-json\/wp\/v2\/categories?post=3004"},{"taxonomy":"post_tag","embeddable":true,"href":"https:\/\/www.molnari.hu\/hr\/wp-json\/wp\/v2\/tags?post=3004"}],"curies":[{"name":"wp","href":"https:\/\/api.w.org\/{rel}","templated":true}]}}