{"id":2613,"date":"2019-09-02T12:03:16","date_gmt":"2019-09-02T10:03:16","guid":{"rendered":"http:\/\/www.molnari.hu\/?page_id=2613"},"modified":"2024-04-03T13:25:14","modified_gmt":"2024-04-03T11:25:14","slug":"valasztas-2019","status":"publish","type":"page","link":"https:\/\/www.molnari.hu\/hr\/valasztas-2019\/","title":{"rendered":"V\u00e1laszt\u00e1s 2019"},"content":{"rendered":"\r\n<h3><a href=\"https:\/\/www.molnari.hu\/files\/Moln\u00e1ri-HVB-polg\u00e1rmester-hat\u00e1rozata.pdf\">Moln\u00e1ri HVB polg\u00e1rmester eredm\u00e9ny hat\u00e1rozata<\/a><\/h3>\r\n<h3><a href=\"https:\/\/www.molnari.hu\/files\/Moln\u00e1ri-HVB-telep\u00fcl\u00e9si-k\u00e9pvisel\u0151k-hat\u00e1rozata.pdf\">Moln\u00e1ri HVB telep\u00fcl\u00e9si k\u00e9pvisel\u0151k eredm\u00e9ny hat\u00e1rozata<\/a><\/h3>\r\n<h3><a href=\"https:\/\/www.molnari.hu\/files\/Moln\u00e1ri-HVB-HN\u00d6-k\u00e9pvisel\u0151k-hat\u00e1rozata.pdf\">Moln\u00e1ri HVB horv\u00e1t nemzetis\u00e9gi k\u00e9pvisel\u0151k eredm\u00e9ny hat\u00e1rozata<\/a><\/h3>\r\n<div>\u00a0<\/div>\r\n<div>\u00a0<\/div>\r\n","protected":false},"excerpt":{"rendered":"","protected":false},"author":22,"featured_media":0,"parent":0,"menu_order":0,"comment_status":"closed","ping_status":"closed","template":"","meta":{"footnotes":""},"categories":[],"tags":[],"class_list":["post-2613","page","type-page","status-publish","hentry"],"_links":{"self":[{"href":"https:\/\/www.molnari.hu\/hr\/wp-json\/wp\/v2\/pages\/2613","targetHints":{"allow":["GET"]}}],"collection":[{"href":"https:\/\/www.molnari.hu\/hr\/wp-json\/wp\/v2\/pages"}],"about":[{"href":"https:\/\/www.molnari.hu\/hr\/wp-json\/wp\/v2\/types\/page"}],"author":[{"embeddable":true,"href":"https:\/\/www.molnari.hu\/hr\/wp-json\/wp\/v2\/users\/22"}],"replies":[{"embeddable":true,"href":"https:\/\/www.molnari.hu\/hr\/wp-json\/wp\/v2\/comments?post=2613"}],"version-history":[{"count":0,"href":"https:\/\/www.molnari.hu\/hr\/wp-json\/wp\/v2\/pages\/2613\/revisions"}],"wp:attachment":[{"href":"https:\/\/www.molnari.hu\/hr\/wp-json\/wp\/v2\/media?parent=2613"}],"wp:term":[{"taxonomy":"category","embeddable":true,"href":"https:\/\/www.molnari.hu\/hr\/wp-json\/wp\/v2\/categories?post=2613"},{"taxonomy":"post_tag","embeddable":true,"href":"https:\/\/www.molnari.hu\/hr\/wp-json\/wp\/v2\/tags?post=2613"}],"curies":[{"name":"wp","href":"https:\/\/api.w.org\/{rel}","templated":true}]}}